{"id":15758,"date":"2023-11-01T02:58:11","date_gmt":"2023-11-01T02:58:11","guid":{"rendered":"https:\/\/basereps.com\/nike-air-jordan-1-retro-hoch-og\/"},"modified":"2024-04-13T22:44:21","modified_gmt":"2024-04-13T22:44:21","slug":"nike-air-jordan-1-retro-hoch-og","status":"publish","type":"product","link":"https:\/\/basereps.com\/de\/produkt\/nike-air-jordan-1-retro-hoch-og\/","title":{"rendered":"Nike Air Jordan 1 Retro Hoch OG"},"content":{"rendered":"<p>Erlebe mit dem Nike Air Jordan 1 Retro High OG einen monumentalen Moment in der Geschichte der Sneaker. Dieser ikonische Schuh, der 1985 auf den Markt kam, l\u00e4utete eine neue \u00c4ra der Basketballschuhe und -kultur ein. Er war nicht nur Michael Jordans erster Signature-Schuh, sondern auch ein Symbol f\u00fcr seinen unvergleichlichen Ehrgeiz und der Beginn eines Verm\u00e4chtnisses, das \u00fcber das Spiel selbst hinausgehen sollte.<\/p>\n","protected":false},"excerpt":{"rendered":"<p>Erlebe mit dem Nike Air Jordan 1 Retro High OG einen monumentalen Moment in der Geschichte der Sneaker.&hellip;<\/p>\n","protected":false},"featured_media":12881,"comment_status":"open","ping_status":"closed","template":"","meta":{"_acf_changed":false},"product_cat":[825,824,820,821],"product_tag":[877,686,876],"class_list":{"0":"post-15758","1":"product","2":"type-product","3":"status-publish","4":"has-post-thumbnail","6":"product_cat-air-jordan-1-reps-schuhe","7":"product_cat-air-jordan-reps-schuhe","8":"product_cat-online-produkte-verkaufen","9":"product_cat-reps-schuhe","10":"product_tag-dc0775-de","11":"product_tag-frauen","12":"product_tag-maenner","13":"product_brand-nike-reps","15":"first","16":"instock","17":"sale","18":"taxable","19":"shipping-taxable","20":"purchasable","21":"product-type-variable"},"acf":[],"jetpack_sharing_enabled":true,"_links":{"self":[{"href":"https:\/\/basereps.com\/de\/wp-json\/wp\/v2\/product\/15758","targetHints":{"allow":["GET"]}}],"collection":[{"href":"https:\/\/basereps.com\/de\/wp-json\/wp\/v2\/product"}],"about":[{"href":"https:\/\/basereps.com\/de\/wp-json\/wp\/v2\/types\/product"}],"replies":[{"embeddable":true,"href":"https:\/\/basereps.com\/de\/wp-json\/wp\/v2\/comments?post=15758"}],"version-history":[{"count":1,"href":"https:\/\/basereps.com\/de\/wp-json\/wp\/v2\/product\/15758\/revisions"}],"predecessor-version":[{"id":17189,"href":"https:\/\/basereps.com\/de\/wp-json\/wp\/v2\/product\/15758\/revisions\/17189"}],"wp:featuredmedia":[{"embeddable":true,"href":"https:\/\/basereps.com\/de\/wp-json\/wp\/v2\/media\/12881"}],"wp:attachment":[{"href":"https:\/\/basereps.com\/de\/wp-json\/wp\/v2\/media?parent=15758"}],"wp:term":[{"taxonomy":"product_cat","embeddable":true,"href":"https:\/\/basereps.com\/de\/wp-json\/wp\/v2\/product_cat?post=15758"},{"taxonomy":"product_tag","embeddable":true,"href":"https:\/\/basereps.com\/de\/wp-json\/wp\/v2\/product_tag?post=15758"}],"curies":[{"name":"wp","href":"https:\/\/api.w.org\/{rel}","templated":true}]}}