{"id":15756,"date":"2023-11-01T02:56:36","date_gmt":"2023-11-01T02:56:36","guid":{"rendered":"https:\/\/basereps.com\/air-jordan-1-retro-og-patent-schwarz-gruen\/"},"modified":"2024-04-13T22:44:27","modified_gmt":"2024-04-13T22:44:27","slug":"air-jordan-1-retro-og-patent-schwarz-gruen","status":"publish","type":"product","link":"https:\/\/basereps.com\/de\/produkt\/air-jordan-1-retro-og-patent-schwarz-gruen\/","title":{"rendered":"Air Jordan 1 Retro OG Patent Schwarz Gr\u00fcn"},"content":{"rendered":"<p>Tauchen Sie ein in eine Verschmelzung von Erbe und Innovation mit dem Air Jordan 1 Retro OG Patent Black Green. Diese Version mit ihrem gl\u00e4nzenden Lackleder-Finish ist eine Hommage an die ikonische Silhouette, mit der 1985 alles begann, w\u00e4hrend sie gleichzeitig eine frische und lebendige Farbpalette einf\u00fchrt, die der zeitgen\u00f6ssischen Sneakerkultur entspricht.<\/p>\n","protected":false},"excerpt":{"rendered":"<p>Tauchen Sie ein in eine Verschmelzung von Erbe und Innovation mit dem Air Jordan 1 Retro OG Patent&hellip;<\/p>\n","protected":false},"featured_media":12843,"comment_status":"open","ping_status":"closed","template":"","meta":{"_acf_changed":false},"product_cat":[825,824,820,821],"product_tag":[877,686,876],"class_list":{"0":"post-15756","1":"product","2":"type-product","3":"status-publish","4":"has-post-thumbnail","6":"product_cat-air-jordan-1-reps-schuhe","7":"product_cat-air-jordan-reps-schuhe","8":"product_cat-online-produkte-verkaufen","9":"product_cat-reps-schuhe","10":"product_tag-dc0775-de","11":"product_tag-frauen","12":"product_tag-maenner","13":"product_brand-nike-reps","15":"first","16":"instock","17":"sale","18":"taxable","19":"shipping-taxable","20":"purchasable","21":"product-type-variable"},"acf":[],"jetpack_sharing_enabled":true,"_links":{"self":[{"href":"https:\/\/basereps.com\/de\/wp-json\/wp\/v2\/product\/15756","targetHints":{"allow":["GET"]}}],"collection":[{"href":"https:\/\/basereps.com\/de\/wp-json\/wp\/v2\/product"}],"about":[{"href":"https:\/\/basereps.com\/de\/wp-json\/wp\/v2\/types\/product"}],"replies":[{"embeddable":true,"href":"https:\/\/basereps.com\/de\/wp-json\/wp\/v2\/comments?post=15756"}],"version-history":[{"count":1,"href":"https:\/\/basereps.com\/de\/wp-json\/wp\/v2\/product\/15756\/revisions"}],"predecessor-version":[{"id":17195,"href":"https:\/\/basereps.com\/de\/wp-json\/wp\/v2\/product\/15756\/revisions\/17195"}],"wp:featuredmedia":[{"embeddable":true,"href":"https:\/\/basereps.com\/de\/wp-json\/wp\/v2\/media\/12843"}],"wp:attachment":[{"href":"https:\/\/basereps.com\/de\/wp-json\/wp\/v2\/media?parent=15756"}],"wp:term":[{"taxonomy":"product_cat","embeddable":true,"href":"https:\/\/basereps.com\/de\/wp-json\/wp\/v2\/product_cat?post=15756"},{"taxonomy":"product_tag","embeddable":true,"href":"https:\/\/basereps.com\/de\/wp-json\/wp\/v2\/product_tag?post=15756"}],"curies":[{"name":"wp","href":"https:\/\/api.w.org\/{rel}","templated":true}]}}