{"id":15739,"date":"2023-11-01T02:53:59","date_gmt":"2023-11-01T02:53:59","guid":{"rendered":"https:\/\/basereps.com\/louis-vuitton-trainer-vertreter\/"},"modified":"2024-04-13T22:44:43","modified_gmt":"2024-04-13T22:44:43","slug":"louis-vuitton-trainer-vertreter","status":"publish","type":"product","link":"https:\/\/basereps.com\/de\/produkt\/louis-vuitton-trainer-vertreter\/","title":{"rendered":"Louis Vuitton Trainer-Vertreter"},"content":{"rendered":"<p><span data-preserver-spaces=\"true\">Treten Sie ein in den Inbegriff des luxuri\u00f6sen Stra\u00dfenstils mit den <\/span><strong><br \/>\n  <span data-preserver-spaces=\"true\">Louis Vuitton Trainer Reps<\/span><br \/>\n<\/strong><span data-preserver-spaces=\"true\">. Diese Repliken sind eine Hommage an die akribische Handwerkskunst und das ikonische Design des angesehenen Modehauses. Mit jedem Detail, das die Eleganz des Originals widerspiegelt, bieten diese Turnschuhe eine nahtlose Mischung aus Komfort und Raffinesse f\u00fcr den anspruchsvollen Liebhaber, der das LV-Erbe zu sch\u00e4tzen wei\u00df.<\/span><\/p>\n","protected":false},"excerpt":{"rendered":"<p>Treten Sie ein in den Inbegriff des luxuri\u00f6sen Stra\u00dfenstils mit den Louis Vuitton Trainer Reps . Diese Repliken&hellip;<\/p>\n","protected":false},"featured_media":12752,"comment_status":"open","ping_status":"closed","template":"","meta":{"_acf_changed":false},"product_cat":[839,821],"product_tag":[687,686,876],"class_list":{"0":"post-15739","1":"product","2":"type-product","3":"status-publish","4":"has-post-thumbnail","6":"product_cat-lv-reps-schuhe","7":"product_cat-reps-schuhe","8":"product_tag-dc0773-de","9":"product_tag-frauen","10":"product_tag-maenner","11":"product_brand-louis-vuitton-replica","13":"first","14":"instock","15":"sale","16":"taxable","17":"shipping-taxable","18":"purchasable","19":"product-type-variable"},"acf":[],"jetpack_sharing_enabled":true,"_links":{"self":[{"href":"https:\/\/basereps.com\/de\/wp-json\/wp\/v2\/product\/15739","targetHints":{"allow":["GET"]}}],"collection":[{"href":"https:\/\/basereps.com\/de\/wp-json\/wp\/v2\/product"}],"about":[{"href":"https:\/\/basereps.com\/de\/wp-json\/wp\/v2\/types\/product"}],"replies":[{"embeddable":true,"href":"https:\/\/basereps.com\/de\/wp-json\/wp\/v2\/comments?post=15739"}],"version-history":[{"count":1,"href":"https:\/\/basereps.com\/de\/wp-json\/wp\/v2\/product\/15739\/revisions"}],"predecessor-version":[{"id":17206,"href":"https:\/\/basereps.com\/de\/wp-json\/wp\/v2\/product\/15739\/revisions\/17206"}],"wp:featuredmedia":[{"embeddable":true,"href":"https:\/\/basereps.com\/de\/wp-json\/wp\/v2\/media\/12752"}],"wp:attachment":[{"href":"https:\/\/basereps.com\/de\/wp-json\/wp\/v2\/media?parent=15739"}],"wp:term":[{"taxonomy":"product_cat","embeddable":true,"href":"https:\/\/basereps.com\/de\/wp-json\/wp\/v2\/product_cat?post=15739"},{"taxonomy":"product_tag","embeddable":true,"href":"https:\/\/basereps.com\/de\/wp-json\/wp\/v2\/product_tag?post=15739"}],"curies":[{"name":"wp","href":"https:\/\/api.w.org\/{rel}","templated":true}]}}