{"id":15737,"date":"2023-11-01T02:56:36","date_gmt":"2023-11-01T02:56:36","guid":{"rendered":"https:\/\/basereps.com\/nike-air-zoom-gt-cut-2\/"},"modified":"2024-04-13T22:44:28","modified_gmt":"2024-04-13T22:44:28","slug":"nike-air-zoom-gt-cut-2","status":"publish","type":"product","link":"https:\/\/basereps.com\/de\/produkt\/nike-air-zoom-gt-cut-2\/","title":{"rendered":"Nike Air Zoom GT Cut 2"},"content":{"rendered":"<p>Der Nike Air Zoom GT Cut 2 ist ein Beweis f\u00fcr Nikes unerm\u00fcdliches Streben nach Spitzenleistungen im Basketball. Als Nachfolger der gesch\u00e4tzten Air Zoom Serie, die an der Spitze von Leistung und Innovation steht, ist der GT Cut 2 f\u00fcr den modernen Spieler konzipiert. Dieser Sneaker, der auf die reiche Basketballtradition von Nike zur\u00fcckgeht, verbindet Tradition mit modernster Technologie und bietet den Spielern ein unvergleichliches Erlebnis auf dem Spielfeld.<\/p>\n","protected":false},"excerpt":{"rendered":"<p>Der Nike Air Zoom GT Cut 2 ist ein Beweis f\u00fcr Nikes unerm\u00fcdliches Streben nach Spitzenleistungen im Basketball.&hellip;<\/p>\n","protected":false},"featured_media":12837,"comment_status":"open","ping_status":"closed","template":"","meta":{"_acf_changed":false},"product_cat":[854,844,821],"product_tag":[879,876],"class_list":{"0":"post-15737","1":"product","2":"type-product","3":"status-publish","4":"has-post-thumbnail","6":"product_cat-nike-assortierte-schuhe-nike-reps-schuhe","7":"product_cat-nike-reps-schuhe","8":"product_cat-reps-schuhe","9":"product_tag-dc0778-de","10":"product_tag-maenner","11":"product_brand-nike-reps","13":"first","14":"instock","15":"sale","16":"taxable","17":"shipping-taxable","18":"purchasable","19":"product-type-variable"},"acf":[],"jetpack_sharing_enabled":true,"_links":{"self":[{"href":"https:\/\/basereps.com\/de\/wp-json\/wp\/v2\/product\/15737","targetHints":{"allow":["GET"]}}],"collection":[{"href":"https:\/\/basereps.com\/de\/wp-json\/wp\/v2\/product"}],"about":[{"href":"https:\/\/basereps.com\/de\/wp-json\/wp\/v2\/types\/product"}],"replies":[{"embeddable":true,"href":"https:\/\/basereps.com\/de\/wp-json\/wp\/v2\/comments?post=15737"}],"version-history":[{"count":1,"href":"https:\/\/basereps.com\/de\/wp-json\/wp\/v2\/product\/15737\/revisions"}],"predecessor-version":[{"id":17194,"href":"https:\/\/basereps.com\/de\/wp-json\/wp\/v2\/product\/15737\/revisions\/17194"}],"wp:featuredmedia":[{"embeddable":true,"href":"https:\/\/basereps.com\/de\/wp-json\/wp\/v2\/media\/12837"}],"wp:attachment":[{"href":"https:\/\/basereps.com\/de\/wp-json\/wp\/v2\/media?parent=15737"}],"wp:term":[{"taxonomy":"product_cat","embeddable":true,"href":"https:\/\/basereps.com\/de\/wp-json\/wp\/v2\/product_cat?post=15737"},{"taxonomy":"product_tag","embeddable":true,"href":"https:\/\/basereps.com\/de\/wp-json\/wp\/v2\/product_tag?post=15737"}],"curies":[{"name":"wp","href":"https:\/\/api.w.org\/{rel}","templated":true}]}}