{"id":15722,"date":"2023-11-01T02:55:36","date_gmt":"2023-11-01T02:55:36","guid":{"rendered":"https:\/\/basereps.com\/nike-epic-react-flyknit-4-0\/"},"modified":"2024-04-13T22:44:36","modified_gmt":"2024-04-13T22:44:36","slug":"nike-epic-react-flyknit-4-0","status":"publish","type":"product","link":"https:\/\/basereps.com\/de\/produkt\/nike-epic-react-flyknit-4-0\/","title":{"rendered":"Nike Epic React Flyknit 4.0"},"content":{"rendered":"<p>Der Nike Epic React Flyknit 4.0 ist ein Beweis f\u00fcr die kontinuierliche Weiterentwicklung von Nike im Bereich der Laufschuhe. Als vierte Iteration der hochgelobten Epic React-Serie baut dieser Sneaker auf dem Erfolg seiner Vorg\u00e4nger auf und bietet L\u00e4ufern ein noch raffinierteres Erlebnis. Der Nike Epic React Flyknit 4.0 vereint die reiche Geschichte von Nike im Laufsport mit modernster Technologie und wurde f\u00fcr all diejenigen entwickelt, die nur das Beste in Sachen D\u00e4mpfung, Unterst\u00fctzung und Stil wollen.<\/p>\n","protected":false},"excerpt":{"rendered":"<p>Der Nike Epic React Flyknit 4.0 ist ein Beweis f\u00fcr die kontinuierliche Weiterentwicklung von Nike im Bereich der&hellip;<\/p>\n","protected":false},"featured_media":12793,"comment_status":"open","ping_status":"closed","template":"","meta":{"_acf_changed":false},"product_cat":[854,844,821],"product_tag":[687,686,876],"class_list":{"0":"post-15722","1":"product","2":"type-product","3":"status-publish","4":"has-post-thumbnail","6":"product_cat-nike-assortierte-schuhe-nike-reps-schuhe","7":"product_cat-nike-reps-schuhe","8":"product_cat-reps-schuhe","9":"product_tag-dc0773-de","10":"product_tag-frauen","11":"product_tag-maenner","12":"product_brand-nike-reps","14":"first","15":"instock","16":"sale","17":"taxable","18":"shipping-taxable","19":"purchasable","20":"product-type-variable"},"acf":[],"jetpack_sharing_enabled":true,"_links":{"self":[{"href":"https:\/\/basereps.com\/de\/wp-json\/wp\/v2\/product\/15722","targetHints":{"allow":["GET"]}}],"collection":[{"href":"https:\/\/basereps.com\/de\/wp-json\/wp\/v2\/product"}],"about":[{"href":"https:\/\/basereps.com\/de\/wp-json\/wp\/v2\/types\/product"}],"replies":[{"embeddable":true,"href":"https:\/\/basereps.com\/de\/wp-json\/wp\/v2\/comments?post=15722"}],"version-history":[{"count":1,"href":"https:\/\/basereps.com\/de\/wp-json\/wp\/v2\/product\/15722\/revisions"}],"predecessor-version":[{"id":17201,"href":"https:\/\/basereps.com\/de\/wp-json\/wp\/v2\/product\/15722\/revisions\/17201"}],"wp:featuredmedia":[{"embeddable":true,"href":"https:\/\/basereps.com\/de\/wp-json\/wp\/v2\/media\/12793"}],"wp:attachment":[{"href":"https:\/\/basereps.com\/de\/wp-json\/wp\/v2\/media?parent=15722"}],"wp:term":[{"taxonomy":"product_cat","embeddable":true,"href":"https:\/\/basereps.com\/de\/wp-json\/wp\/v2\/product_cat?post=15722"},{"taxonomy":"product_tag","embeddable":true,"href":"https:\/\/basereps.com\/de\/wp-json\/wp\/v2\/product_tag?post=15722"}],"curies":[{"name":"wp","href":"https:\/\/api.w.org\/{rel}","templated":true}]}}