{"id":15670,"date":"2023-10-31T11:28:12","date_gmt":"2023-10-31T11:28:12","guid":{"rendered":"https:\/\/basereps.com\/braune-mini-bailey-schleife\/"},"modified":"2024-04-13T22:46:56","modified_gmt":"2024-04-13T22:46:56","slug":"braune-mini-bailey-schleife","status":"publish","type":"product","link":"https:\/\/basereps.com\/de\/produkt\/braune-mini-bailey-schleife\/","title":{"rendered":"Braune Mini-Bailey-Schleife"},"content":{"rendered":"<p>Wir stellen unsere exquisiten Mini Bailey Bow Stiefel vor, eine perfekte Mischung aus zeitlosem Stil und modernem Charme. Diese Stiefel haben mit ihrem kultigen Design und der verspielten Schleife die Herzen von Modefans auf der ganzen Welt erobert.<\/p>\n<p>Unsere mit viel Liebe zum Detail gefertigten Mini Bailey Bow Stiefel sind ein Beweis f\u00fcr Qualit\u00e4t und Handwerkskunst. Die satte, luxuri\u00f6se braune Farbe verleiht Ihrem Outfit einen Hauch von Raffinesse und macht sie f\u00fcr verschiedene Anl\u00e4sse geeignet.<\/p>\n<p>&nbsp;<\/p>\n","protected":false},"excerpt":{"rendered":"<p>Wir stellen unsere exquisiten Mini Bailey Bow Stiefel vor, eine perfekte Mischung aus zeitlosem Stil und modernem Charme.&hellip;<\/p>\n","protected":false},"featured_media":12459,"comment_status":"closed","ping_status":"closed","template":"","meta":{"_acf_changed":false},"product_cat":[786],"product_tag":[686],"class_list":{"0":"post-15670","1":"product","2":"type-product","3":"status-publish","4":"has-post-thumbnail","6":"product_cat-stiefel-fuer-damen","7":"product_tag-frauen","8":"product_brand-ugg-reps","10":"first","11":"instock","12":"sale","13":"taxable","14":"shipping-taxable","15":"purchasable","16":"product-type-variable"},"acf":[],"jetpack_sharing_enabled":true,"_links":{"self":[{"href":"https:\/\/basereps.com\/de\/wp-json\/wp\/v2\/product\/15670","targetHints":{"allow":["GET"]}}],"collection":[{"href":"https:\/\/basereps.com\/de\/wp-json\/wp\/v2\/product"}],"about":[{"href":"https:\/\/basereps.com\/de\/wp-json\/wp\/v2\/types\/product"}],"replies":[{"embeddable":true,"href":"https:\/\/basereps.com\/de\/wp-json\/wp\/v2\/comments?post=15670"}],"version-history":[{"count":1,"href":"https:\/\/basereps.com\/de\/wp-json\/wp\/v2\/product\/15670\/revisions"}],"predecessor-version":[{"id":17240,"href":"https:\/\/basereps.com\/de\/wp-json\/wp\/v2\/product\/15670\/revisions\/17240"}],"wp:featuredmedia":[{"embeddable":true,"href":"https:\/\/basereps.com\/de\/wp-json\/wp\/v2\/media\/12459"}],"wp:attachment":[{"href":"https:\/\/basereps.com\/de\/wp-json\/wp\/v2\/media?parent=15670"}],"wp:term":[{"taxonomy":"product_cat","embeddable":true,"href":"https:\/\/basereps.com\/de\/wp-json\/wp\/v2\/product_cat?post=15670"},{"taxonomy":"product_tag","embeddable":true,"href":"https:\/\/basereps.com\/de\/wp-json\/wp\/v2\/product_tag?post=15670"}],"curies":[{"name":"wp","href":"https:\/\/api.w.org\/{rel}","templated":true}]}}