{"id":15669,"date":"2023-11-01T02:55:01","date_gmt":"2023-11-01T02:55:01","guid":{"rendered":"https:\/\/basereps.com\/stussy-x-nike-air-max-2015\/"},"modified":"2024-04-13T22:44:37","modified_gmt":"2024-04-13T22:44:37","slug":"stussy-x-nike-air-max-2015","status":"publish","type":"product","link":"https:\/\/basereps.com\/de\/produkt\/stussy-x-nike-air-max-2015\/","title":{"rendered":"Stussy x Nike Air Max 2015"},"content":{"rendered":"<p>Der Stussy x Nike Air Max 2015 ist eine harmonische Verschmelzung zweier ikonischer Marken, die beide auf eine lange Geschichte zur\u00fcckblicken k\u00f6nnen. Stussy, eine Marke, die f\u00fcr Streetwear-Kultur steht, und Nike, ein Titan in der Welt der Sportschuhe, haben sich zusammengetan, um den klassischen Air Max 2015 neu zu interpretieren. Diese Zusammenarbeit zelebriert den Stil, die Innovation und das Erbe. Das Ergebnis ist ein Sneaker, der sowohl zeitlos als auch modern ist.<\/p>\n","protected":false},"excerpt":{"rendered":"<p>Der Stussy x Nike Air Max 2015 ist eine harmonische Verschmelzung zweier ikonischer Marken, die beide auf eine&hellip;<\/p>\n","protected":false},"featured_media":12787,"comment_status":"open","ping_status":"closed","template":"","meta":{"_acf_changed":false},"product_cat":[845,854,844,821],"product_tag":[687,686,876],"class_list":{"0":"post-15669","1":"product","2":"type-product","3":"status-publish","4":"has-post-thumbnail","6":"product_cat-nike-air-max-reps-schuhe","7":"product_cat-nike-assortierte-schuhe-nike-reps-schuhe","8":"product_cat-nike-reps-schuhe","9":"product_cat-reps-schuhe","10":"product_tag-dc0773-de","11":"product_tag-frauen","12":"product_tag-maenner","13":"product_brand-nike-reps","15":"first","16":"instock","17":"sale","18":"taxable","19":"shipping-taxable","20":"purchasable","21":"product-type-variable"},"acf":[],"jetpack_sharing_enabled":true,"_links":{"self":[{"href":"https:\/\/basereps.com\/de\/wp-json\/wp\/v2\/product\/15669","targetHints":{"allow":["GET"]}}],"collection":[{"href":"https:\/\/basereps.com\/de\/wp-json\/wp\/v2\/product"}],"about":[{"href":"https:\/\/basereps.com\/de\/wp-json\/wp\/v2\/types\/product"}],"replies":[{"embeddable":true,"href":"https:\/\/basereps.com\/de\/wp-json\/wp\/v2\/comments?post=15669"}],"version-history":[{"count":1,"href":"https:\/\/basereps.com\/de\/wp-json\/wp\/v2\/product\/15669\/revisions"}],"predecessor-version":[{"id":17202,"href":"https:\/\/basereps.com\/de\/wp-json\/wp\/v2\/product\/15669\/revisions\/17202"}],"wp:featuredmedia":[{"embeddable":true,"href":"https:\/\/basereps.com\/de\/wp-json\/wp\/v2\/media\/12787"}],"wp:attachment":[{"href":"https:\/\/basereps.com\/de\/wp-json\/wp\/v2\/media?parent=15669"}],"wp:term":[{"taxonomy":"product_cat","embeddable":true,"href":"https:\/\/basereps.com\/de\/wp-json\/wp\/v2\/product_cat?post=15669"},{"taxonomy":"product_tag","embeddable":true,"href":"https:\/\/basereps.com\/de\/wp-json\/wp\/v2\/product_tag?post=15669"}],"curies":[{"name":"wp","href":"https:\/\/api.w.org\/{rel}","templated":true}]}}