{"id":15663,"date":"2023-11-01T02:56:10","date_gmt":"2023-11-01T02:56:10","guid":{"rendered":"https:\/\/basereps.com\/adidas-adimatic-niedrige-wiederholungen\/"},"modified":"2024-04-13T22:44:29","modified_gmt":"2024-04-13T22:44:29","slug":"adidas-adimatic-niedrige-wiederholungen","status":"publish","type":"product","link":"https:\/\/basereps.com\/de\/produkt\/adidas-adimatic-niedrige-wiederholungen\/","title":{"rendered":"Adidas Adimatic Niedrige Wiederholungen"},"content":{"rendered":"<p><span data-preserver-spaces=\"true\">Entfessle den Charme der 90er Jahre mit dem <\/span><strong><br \/>\n  <span data-preserver-spaces=\"true\">Adidas Adimatic Low Reps<\/span><br \/>\n<\/strong><span data-preserver-spaces=\"true\">. Es handelt sich dabei nicht einfach um Repliken, sondern um eine Hommage an ein Jahrzehnt, das f\u00fcr seinen k\u00fchnen Stil und seine Skate-Kultur bekannt war, und die sorgf\u00e4ltig hergestellt wurden, um sich in die moderne Streetwear-Szene einzuf\u00fcgen. Die Adidas Adimatic Low Reps sind eine Hommage an eine klassische \u00c4ra und wurden f\u00fcr Personen entwickelt, die sich von anderen abheben wollen.<\/span><\/p>\n","protected":false},"excerpt":{"rendered":"<p>Entfessle den Charme der 90er Jahre mit dem Adidas Adimatic Low Reps . Es handelt sich dabei nicht&hellip;<\/p>\n","protected":false},"featured_media":12823,"comment_status":"open","ping_status":"closed","template":"","meta":{"_acf_changed":false},"product_cat":[822,821],"product_tag":[687,686,876],"class_list":{"0":"post-15663","1":"product","2":"type-product","3":"status-publish","4":"has-post-thumbnail","6":"product_cat-adidas-reps-schuhe","7":"product_cat-reps-schuhe","8":"product_tag-dc0773-de","9":"product_tag-frauen","10":"product_tag-maenner","11":"product_brand-adidas-reps-sneakers","13":"first","14":"instock","15":"sale","16":"taxable","17":"shipping-taxable","18":"purchasable","19":"product-type-variable"},"acf":[],"jetpack_sharing_enabled":true,"_links":{"self":[{"href":"https:\/\/basereps.com\/de\/wp-json\/wp\/v2\/product\/15663","targetHints":{"allow":["GET"]}}],"collection":[{"href":"https:\/\/basereps.com\/de\/wp-json\/wp\/v2\/product"}],"about":[{"href":"https:\/\/basereps.com\/de\/wp-json\/wp\/v2\/types\/product"}],"replies":[{"embeddable":true,"href":"https:\/\/basereps.com\/de\/wp-json\/wp\/v2\/comments?post=15663"}],"version-history":[{"count":1,"href":"https:\/\/basereps.com\/de\/wp-json\/wp\/v2\/product\/15663\/revisions"}],"predecessor-version":[{"id":17197,"href":"https:\/\/basereps.com\/de\/wp-json\/wp\/v2\/product\/15663\/revisions\/17197"}],"wp:featuredmedia":[{"embeddable":true,"href":"https:\/\/basereps.com\/de\/wp-json\/wp\/v2\/media\/12823"}],"wp:attachment":[{"href":"https:\/\/basereps.com\/de\/wp-json\/wp\/v2\/media?parent=15663"}],"wp:term":[{"taxonomy":"product_cat","embeddable":true,"href":"https:\/\/basereps.com\/de\/wp-json\/wp\/v2\/product_cat?post=15663"},{"taxonomy":"product_tag","embeddable":true,"href":"https:\/\/basereps.com\/de\/wp-json\/wp\/v2\/product_tag?post=15663"}],"curies":[{"name":"wp","href":"https:\/\/api.w.org\/{rel}","templated":true}]}}