{"id":15648,"date":"2023-11-01T02:51:50","date_gmt":"2023-11-01T02:51:50","guid":{"rendered":"https:\/\/basereps.com\/travis-scott-x-air-jordan-1-niedrig-og-ts-sp\/"},"modified":"2024-06-27T03:28:45","modified_gmt":"2024-06-27T03:28:45","slug":"travis-scott-x-air-jordan-1-niedrig-og-ts-sp","status":"publish","type":"product","link":"https:\/\/basereps.com\/de\/produkt\/travis-scott-x-air-jordan-1-niedrig-og-ts-sp\/","title":{"rendered":"Travis Scott x Air Jordan 1 Niedrig OG TS SP"},"content":{"rendered":"<p>Tritt ein in ein Reich, in dem Musik auf Basketball trifft, mit dem Travis Scott x Air Jordan 1 Low OG TS SP. Die Zusammenarbeit zwischen dem Hip-Hop-Mogul Travis Scott und der kultigen Marke Jordan hat einen Sneaker hervorgebracht, der so k\u00fchn und einzigartig ist wie seine Sch\u00f6pfer. Mit seinen ausgepr\u00e4gten Designelementen und hochwertigen Materialien ist er ein Zeugnis f\u00fcr Innovation und Stil.<\/p>\n","protected":false},"excerpt":{"rendered":"<p>Tritt ein in ein Reich, in dem Musik auf Basketball trifft, mit dem Travis Scott x Air Jordan&hellip;<\/p>\n","protected":false},"featured_media":12696,"comment_status":"open","ping_status":"closed","template":"","meta":{"_acf_changed":false},"product_cat":[825,824,821],"product_tag":[687,910,909],"class_list":{"0":"post-15648","1":"product","2":"type-product","3":"status-publish","4":"has-post-thumbnail","6":"product_cat-air-jordan-1-reps-schuhe","7":"product_cat-air-jordan-reps-schuhe","8":"product_cat-reps-schuhe","9":"product_tag-dc0773-de","10":"product_tag-men-de","11":"product_tag-women-de","12":"product_brand-nike-reps","14":"first","15":"instock","16":"sale","17":"taxable","18":"shipping-taxable","19":"purchasable","20":"product-type-variable"},"acf":[],"jetpack_sharing_enabled":true,"_links":{"self":[{"href":"https:\/\/basereps.com\/de\/wp-json\/wp\/v2\/product\/15648","targetHints":{"allow":["GET"]}}],"collection":[{"href":"https:\/\/basereps.com\/de\/wp-json\/wp\/v2\/product"}],"about":[{"href":"https:\/\/basereps.com\/de\/wp-json\/wp\/v2\/types\/product"}],"replies":[{"embeddable":true,"href":"https:\/\/basereps.com\/de\/wp-json\/wp\/v2\/comments?post=15648"}],"version-history":[{"count":1,"href":"https:\/\/basereps.com\/de\/wp-json\/wp\/v2\/product\/15648\/revisions"}],"predecessor-version":[{"id":17212,"href":"https:\/\/basereps.com\/de\/wp-json\/wp\/v2\/product\/15648\/revisions\/17212"}],"wp:featuredmedia":[{"embeddable":true,"href":"https:\/\/basereps.com\/de\/wp-json\/wp\/v2\/media\/12696"}],"wp:attachment":[{"href":"https:\/\/basereps.com\/de\/wp-json\/wp\/v2\/media?parent=15648"}],"wp:term":[{"taxonomy":"product_cat","embeddable":true,"href":"https:\/\/basereps.com\/de\/wp-json\/wp\/v2\/product_cat?post=15648"},{"taxonomy":"product_tag","embeddable":true,"href":"https:\/\/basereps.com\/de\/wp-json\/wp\/v2\/product_tag?post=15648"}],"curies":[{"name":"wp","href":"https:\/\/api.w.org\/{rel}","templated":true}]}}