{"id":15590,"date":"2023-11-01T02:54:29","date_gmt":"2023-11-01T02:54:29","guid":{"rendered":"https:\/\/basereps.com\/nike-zoomx-unbesiegbar-laufen-fk3\/"},"modified":"2024-04-13T22:44:38","modified_gmt":"2024-04-13T22:44:38","slug":"nike-zoomx-unbesiegbar-laufen-fk3","status":"publish","type":"product","link":"https:\/\/basereps.com\/de\/produkt\/nike-zoomx-unbesiegbar-laufen-fk3\/","title":{"rendered":"Nike Zoomx Unbesiegbar Laufen Fk3"},"content":{"rendered":"<p>Der Nike ZoomX Invincible Run FK3 ist ein Leuchtturm f\u00fcr Nikes Engagement, das Lauferlebnis zu revolutionieren. Als Nachfolger der gesch\u00e4tzten ZoomX-Serie ist der FK3 das Ergebnis jahrelanger Forschung, des Feedbacks von Sportlern und technologischer Fortschritte. Der Invincible Run FK3 wurde entwickelt, um unvergleichlichen Komfort und Halt zu bieten. Er ist ein Beweis f\u00fcr das Engagement von Nike, die sportliche Leistung zu verbessern und neue Ma\u00dfst\u00e4be im Schuhdesign zu setzen.<\/p>\n","protected":false},"excerpt":{"rendered":"<p>Der Nike ZoomX Invincible Run FK3 ist ein Leuchtturm f\u00fcr Nikes Engagement, das Lauferlebnis zu revolutionieren. Als Nachfolger&hellip;<\/p>\n","protected":false},"featured_media":12778,"comment_status":"open","ping_status":"closed","template":"","meta":{"_acf_changed":false},"product_cat":[854,844,821],"product_tag":[687,686,876],"class_list":{"0":"post-15590","1":"product","2":"type-product","3":"status-publish","4":"has-post-thumbnail","6":"product_cat-nike-assortierte-schuhe-nike-reps-schuhe","7":"product_cat-nike-reps-schuhe","8":"product_cat-reps-schuhe","9":"product_tag-dc0773-de","10":"product_tag-frauen","11":"product_tag-maenner","12":"product_brand-nike-reps","14":"first","15":"instock","16":"sale","17":"taxable","18":"shipping-taxable","19":"purchasable","20":"product-type-variable"},"acf":[],"jetpack_sharing_enabled":true,"_links":{"self":[{"href":"https:\/\/basereps.com\/de\/wp-json\/wp\/v2\/product\/15590","targetHints":{"allow":["GET"]}}],"collection":[{"href":"https:\/\/basereps.com\/de\/wp-json\/wp\/v2\/product"}],"about":[{"href":"https:\/\/basereps.com\/de\/wp-json\/wp\/v2\/types\/product"}],"replies":[{"embeddable":true,"href":"https:\/\/basereps.com\/de\/wp-json\/wp\/v2\/comments?post=15590"}],"version-history":[{"count":1,"href":"https:\/\/basereps.com\/de\/wp-json\/wp\/v2\/product\/15590\/revisions"}],"predecessor-version":[{"id":17203,"href":"https:\/\/basereps.com\/de\/wp-json\/wp\/v2\/product\/15590\/revisions\/17203"}],"wp:featuredmedia":[{"embeddable":true,"href":"https:\/\/basereps.com\/de\/wp-json\/wp\/v2\/media\/12778"}],"wp:attachment":[{"href":"https:\/\/basereps.com\/de\/wp-json\/wp\/v2\/media?parent=15590"}],"wp:term":[{"taxonomy":"product_cat","embeddable":true,"href":"https:\/\/basereps.com\/de\/wp-json\/wp\/v2\/product_cat?post=15590"},{"taxonomy":"product_tag","embeddable":true,"href":"https:\/\/basereps.com\/de\/wp-json\/wp\/v2\/product_tag?post=15590"}],"curies":[{"name":"wp","href":"https:\/\/api.w.org\/{rel}","templated":true}]}}