{"id":15583,"date":"2023-11-01T02:48:54","date_gmt":"2023-11-01T02:48:54","guid":{"rendered":"https:\/\/basereps.com\/jordanien-zion-3\/"},"modified":"2024-04-13T22:46:42","modified_gmt":"2024-04-13T22:46:42","slug":"jordanien-zion-3","status":"publish","type":"product","link":"https:\/\/basereps.com\/de\/produkt\/jordanien-zion-3\/","title":{"rendered":"Jordanien Zion 3"},"content":{"rendered":"<p>Treten Sie ein in die Zukunft des Basketballstils mit dem Jordan Zion 3, einem bahnbrechenden Schuh, der Spitzenleistungen auf dem Spielfeld neu definiert. Der Jordan Zion 3 vereint modernste Technologie, unverwechselbares Design und die explosive Energie des Spiels von Zion Williamson in sich. Der mit Pr\u00e4zision gefertigte Jordan Zion 3 bietet mit seiner reaktionsfreudigen D\u00e4mpfung und fortschrittlichen Traktion eine unvergleichliche Leistung. Das innovative Design zeigt das ikonische Jumpman-Logo, das das Erbe von Michael Jordan und das Engagement der Marke f\u00fcr Basketball-Gro\u00dfartigkeit unterstreicht.<\/p>\n<p>Mit dem Jordan Zion 3 kannst du selbstbewusst auf den Platz gehen, denn er verbessert deine Beweglichkeit und steigert dein Spiel. Die dynamische Verschmelzung von Stil und Funktionalit\u00e4t zeigt sich in jedem Detail, von der geformten Zwischensohle bis zum schlanken, atmungsaktiven Obermaterial.<\/p>\n<p>Mach dich bereit f\u00fcr den Sieg und setze ein Zeichen auf und neben dem Platz mit dem Jordan Zion 3. Dieser au\u00dfergew\u00f6hnliche Basketballschuh ist ein Zeugnis f\u00fcr Jordans bleibendes Verm\u00e4chtnis und Zion Williamsons unaufhaltsame Kraft.<\/p>\n","protected":false},"excerpt":{"rendered":"<p>Treten Sie ein in die Zukunft des Basketballstils mit dem Jordan Zion 3, einem bahnbrechenden Schuh, der Spitzenleistungen&hellip;<\/p>\n","protected":false},"featured_media":12599,"comment_status":"open","ping_status":"closed","template":"","meta":{"_acf_changed":false},"product_cat":[838,820,821],"product_tag":[879,876],"class_list":{"0":"post-15583","1":"product","2":"type-product","3":"status-publish","4":"has-post-thumbnail","6":"product_cat-jordan-reps-schuhe","7":"product_cat-online-produkte-verkaufen","8":"product_cat-reps-schuhe","9":"product_tag-dc0778-de","10":"product_tag-maenner","11":"product_brand-jordan-reps","13":"first","14":"instock","15":"sale","16":"taxable","17":"shipping-taxable","18":"purchasable","19":"product-type-variable"},"acf":[],"jetpack_sharing_enabled":true,"_links":{"self":[{"href":"https:\/\/basereps.com\/de\/wp-json\/wp\/v2\/product\/15583","targetHints":{"allow":["GET"]}}],"collection":[{"href":"https:\/\/basereps.com\/de\/wp-json\/wp\/v2\/product"}],"about":[{"href":"https:\/\/basereps.com\/de\/wp-json\/wp\/v2\/types\/product"}],"replies":[{"embeddable":true,"href":"https:\/\/basereps.com\/de\/wp-json\/wp\/v2\/comments?post=15583"}],"version-history":[{"count":1,"href":"https:\/\/basereps.com\/de\/wp-json\/wp\/v2\/product\/15583\/revisions"}],"predecessor-version":[{"id":17226,"href":"https:\/\/basereps.com\/de\/wp-json\/wp\/v2\/product\/15583\/revisions\/17226"}],"wp:featuredmedia":[{"embeddable":true,"href":"https:\/\/basereps.com\/de\/wp-json\/wp\/v2\/media\/12599"}],"wp:attachment":[{"href":"https:\/\/basereps.com\/de\/wp-json\/wp\/v2\/media?parent=15583"}],"wp:term":[{"taxonomy":"product_cat","embeddable":true,"href":"https:\/\/basereps.com\/de\/wp-json\/wp\/v2\/product_cat?post=15583"},{"taxonomy":"product_tag","embeddable":true,"href":"https:\/\/basereps.com\/de\/wp-json\/wp\/v2\/product_tag?post=15583"}],"curies":[{"name":"wp","href":"https:\/\/api.w.org\/{rel}","templated":true}]}}