{"id":15553,"date":"2023-10-31T11:28:17","date_gmt":"2023-10-31T11:28:17","guid":{"rendered":"https:\/\/basereps.com\/box-cuffed-beanie\/"},"modified":"2024-04-13T22:46:52","modified_gmt":"2024-04-13T22:46:52","slug":"box-cuffed-beanie","status":"publish","type":"product","link":"https:\/\/basereps.com\/de\/produkt\/box-cuffed-beanie\/","title":{"rendered":"Box Cuffed Beanie"},"content":{"rendered":"<p><span data-preserver-spaces=\"true\">Die <\/span><strong><br \/>\n  <span data-preserver-spaces=\"true\">Box Cuffed Beanie<\/span><br \/>\n<\/strong><span data-preserver-spaces=\"true\">  ist ein stilvolles und funktionelles Accessoire, das nicht nur warm h\u00e4lt, sondern auch ein modisches Statement abgibt. Diese M\u00fctze ist ideal f\u00fcr alle, die sowohl Funktionalit\u00e4t als auch modernen Stil zu sch\u00e4tzen wissen. Sie ist vielseitig einsetzbar und passt zu jedem Winteroutfit. Die eng anliegende Passform und das B\u00fcndchen-Design sorgen f\u00fcr W\u00e4rme und verleihen Ihrem Look einen Hauch von urbanem Schick.<\/span><\/p>\n","protected":false},"excerpt":{"rendered":"<p>Die Box Cuffed Beanie ist ein stilvolles und funktionelles Accessoire, das nicht nur warm h\u00e4lt, sondern auch ein&hellip;<\/p>\n","protected":false},"featured_media":12523,"comment_status":"open","ping_status":"closed","template":"","meta":{"_acf_changed":false},"product_cat":[694,688,793,795,794,695],"product_tag":[686,876],"class_list":{"0":"post-15553","1":"product","2":"type-product","3":"status-publish","4":"has-post-thumbnail","6":"product_cat-accessoires-fuer-damen","7":"product_cat-damen-replica-kollektion","8":"product_cat-herren-kollektion","9":"product_cat-herren-muetzen-reps","10":"product_cat-maenner-accessoires","11":"product_cat-muetzen-fuer-damen","12":"product_tag-frauen","13":"product_tag-maenner","14":"product_brand-the-north-face-reps","16":"first","17":"instock","18":"sale","19":"taxable","20":"shipping-taxable","21":"purchasable","22":"product-type-variable"},"acf":[],"jetpack_sharing_enabled":true,"_links":{"self":[{"href":"https:\/\/basereps.com\/de\/wp-json\/wp\/v2\/product\/15553","targetHints":{"allow":["GET"]}}],"collection":[{"href":"https:\/\/basereps.com\/de\/wp-json\/wp\/v2\/product"}],"about":[{"href":"https:\/\/basereps.com\/de\/wp-json\/wp\/v2\/types\/product"}],"replies":[{"embeddable":true,"href":"https:\/\/basereps.com\/de\/wp-json\/wp\/v2\/comments?post=15553"}],"version-history":[{"count":1,"href":"https:\/\/basereps.com\/de\/wp-json\/wp\/v2\/product\/15553\/revisions"}],"predecessor-version":[{"id":17237,"href":"https:\/\/basereps.com\/de\/wp-json\/wp\/v2\/product\/15553\/revisions\/17237"}],"wp:featuredmedia":[{"embeddable":true,"href":"https:\/\/basereps.com\/de\/wp-json\/wp\/v2\/media\/12523"}],"wp:attachment":[{"href":"https:\/\/basereps.com\/de\/wp-json\/wp\/v2\/media?parent=15553"}],"wp:term":[{"taxonomy":"product_cat","embeddable":true,"href":"https:\/\/basereps.com\/de\/wp-json\/wp\/v2\/product_cat?post=15553"},{"taxonomy":"product_tag","embeddable":true,"href":"https:\/\/basereps.com\/de\/wp-json\/wp\/v2\/product_tag?post=15553"}],"curies":[{"name":"wp","href":"https:\/\/api.w.org\/{rel}","templated":true}]}}