{"id":15530,"date":"2023-11-01T02:48:59","date_gmt":"2023-11-01T02:48:59","guid":{"rendered":"https:\/\/basereps.com\/neue-balance-327-weiss-reps\/"},"modified":"2024-04-13T22:46:40","modified_gmt":"2024-04-13T22:46:40","slug":"neue-balance-327-weiss-reps","status":"publish","type":"product","link":"https:\/\/basereps.com\/de\/produkt\/neue-balance-327-weiss-reps\/","title":{"rendered":"Neue Balance 327 Wei\u00df Reps"},"content":{"rendered":"<p><span data-preserver-spaces=\"true\">Treten Sie ein in eine nahtlose Mischung aus Retro und Moderne mit dem <\/span><strong><br \/>\n  <span data-preserver-spaces=\"true\">New Balance 327 Wei\u00df Reps<\/span><br \/>\n<\/strong><span data-preserver-spaces=\"true\">. Mit ihrem k\u00fchnen, asymmetrischen Design und dem unverkennbaren, \u00fcbergro\u00dfen &#8222;N&#8220;-Logo definieren diese Schuhe Streetwear neu und sorgen f\u00fcr einen ebenso verwegenen wie klassischen Look.<\/span><\/p>\n","protected":false},"excerpt":{"rendered":"<p>Treten Sie ein in eine nahtlose Mischung aus Retro und Moderne mit dem New Balance 327 Wei\u00df Reps&hellip;<\/p>\n","protected":false},"featured_media":12616,"comment_status":"open","ping_status":"closed","template":"","meta":{"_acf_changed":false},"product_cat":[843,821],"product_tag":[687,686,876],"class_list":{"0":"post-15530","1":"product","2":"type-product","3":"status-publish","4":"has-post-thumbnail","6":"product_cat-new-balance-reps-schuhe","7":"product_cat-reps-schuhe","8":"product_tag-dc0773-de","9":"product_tag-frauen","10":"product_tag-maenner","11":"product_brand-new-balance-reps","13":"first","14":"instock","15":"sale","16":"taxable","17":"shipping-taxable","18":"purchasable","19":"product-type-variable"},"acf":[],"jetpack_sharing_enabled":true,"_links":{"self":[{"href":"https:\/\/basereps.com\/de\/wp-json\/wp\/v2\/product\/15530","targetHints":{"allow":["GET"]}}],"collection":[{"href":"https:\/\/basereps.com\/de\/wp-json\/wp\/v2\/product"}],"about":[{"href":"https:\/\/basereps.com\/de\/wp-json\/wp\/v2\/types\/product"}],"replies":[{"embeddable":true,"href":"https:\/\/basereps.com\/de\/wp-json\/wp\/v2\/comments?post=15530"}],"version-history":[{"count":1,"href":"https:\/\/basereps.com\/de\/wp-json\/wp\/v2\/product\/15530\/revisions"}],"predecessor-version":[{"id":17223,"href":"https:\/\/basereps.com\/de\/wp-json\/wp\/v2\/product\/15530\/revisions\/17223"}],"wp:featuredmedia":[{"embeddable":true,"href":"https:\/\/basereps.com\/de\/wp-json\/wp\/v2\/media\/12616"}],"wp:attachment":[{"href":"https:\/\/basereps.com\/de\/wp-json\/wp\/v2\/media?parent=15530"}],"wp:term":[{"taxonomy":"product_cat","embeddable":true,"href":"https:\/\/basereps.com\/de\/wp-json\/wp\/v2\/product_cat?post=15530"},{"taxonomy":"product_tag","embeddable":true,"href":"https:\/\/basereps.com\/de\/wp-json\/wp\/v2\/product_tag?post=15530"}],"curies":[{"name":"wp","href":"https:\/\/api.w.org\/{rel}","templated":true}]}}