{"id":15525,"date":"2023-11-01T02:51:20","date_gmt":"2023-11-01T02:51:20","guid":{"rendered":"https:\/\/basereps.com\/jordan-1-niedrig-se-brauner-elefant\/"},"modified":"2024-04-13T22:46:27","modified_gmt":"2024-04-13T22:46:27","slug":"jordan-1-niedrig-se-brauner-elefant","status":"publish","type":"product","link":"https:\/\/basereps.com\/de\/produkt\/jordan-1-niedrig-se-brauner-elefant\/","title":{"rendered":"Jordan 1 Niedrig SE Brauner Elefant"},"content":{"rendered":"<p>Tauche ein in eine Mischung aus urbaner Dschungel\u00e4sthetik mit dem Jordan 1 Low SE Brown Elephant. Dieser Sneaker ist vom majest\u00e4tischen Elefanten inspiriert und besticht durch sein strukturiertes Design, das sowohl k\u00fchn als auch raffiniert ist und ihn zu einem Highlight der Jordan-Kollektion macht.<\/p>\n","protected":false},"excerpt":{"rendered":"<p>Tauche ein in eine Mischung aus urbaner Dschungel\u00e4sthetik mit dem Jordan 1 Low SE Brown Elephant. Dieser Sneaker&hellip;<\/p>\n","protected":false},"featured_media":12679,"comment_status":"open","ping_status":"closed","template":"","meta":{"_acf_changed":false},"product_cat":[825,824,821],"product_tag":[687,686,876],"class_list":{"0":"post-15525","1":"product","2":"type-product","3":"status-publish","4":"has-post-thumbnail","6":"product_cat-air-jordan-1-reps-schuhe","7":"product_cat-air-jordan-reps-schuhe","8":"product_cat-reps-schuhe","9":"product_tag-dc0773-de","10":"product_tag-frauen","11":"product_tag-maenner","12":"product_brand-jordan-reps","14":"first","15":"instock","16":"sale","17":"taxable","18":"shipping-taxable","19":"purchasable","20":"product-type-variable"},"acf":[],"jetpack_sharing_enabled":true,"_links":{"self":[{"href":"https:\/\/basereps.com\/de\/wp-json\/wp\/v2\/product\/15525","targetHints":{"allow":["GET"]}}],"collection":[{"href":"https:\/\/basereps.com\/de\/wp-json\/wp\/v2\/product"}],"about":[{"href":"https:\/\/basereps.com\/de\/wp-json\/wp\/v2\/types\/product"}],"replies":[{"embeddable":true,"href":"https:\/\/basereps.com\/de\/wp-json\/wp\/v2\/comments?post=15525"}],"version-history":[{"count":1,"href":"https:\/\/basereps.com\/de\/wp-json\/wp\/v2\/product\/15525\/revisions"}],"predecessor-version":[{"id":17214,"href":"https:\/\/basereps.com\/de\/wp-json\/wp\/v2\/product\/15525\/revisions\/17214"}],"wp:featuredmedia":[{"embeddable":true,"href":"https:\/\/basereps.com\/de\/wp-json\/wp\/v2\/media\/12679"}],"wp:attachment":[{"href":"https:\/\/basereps.com\/de\/wp-json\/wp\/v2\/media?parent=15525"}],"wp:term":[{"taxonomy":"product_cat","embeddable":true,"href":"https:\/\/basereps.com\/de\/wp-json\/wp\/v2\/product_cat?post=15525"},{"taxonomy":"product_tag","embeddable":true,"href":"https:\/\/basereps.com\/de\/wp-json\/wp\/v2\/product_tag?post=15525"}],"curies":[{"name":"wp","href":"https:\/\/api.w.org\/{rel}","templated":true}]}}