{"id":15513,"date":"2023-10-31T11:27:42","date_gmt":"2023-10-31T11:27:42","guid":{"rendered":"https:\/\/basereps.com\/grauer-damenschal-aus-wolle\/"},"modified":"2024-04-13T22:46:58","modified_gmt":"2024-04-13T22:46:58","slug":"grauer-damenschal-aus-wolle","status":"publish","type":"product","link":"https:\/\/basereps.com\/de\/produkt\/grauer-damenschal-aus-wolle\/","title":{"rendered":"Grauer Damenschal aus Wolle"},"content":{"rendered":"<p><span data-preserver-spaces=\"true\">Erh\u00f6hen Sie Ihren Stil mit dem <\/span><strong><br \/>\n  <span data-preserver-spaces=\"true\">Grauen Wollschal f\u00fcr Frauen<\/span><br \/>\n<\/strong><span data-preserver-spaces=\"true\">Eine Mischung aus Eleganz und Zweckm\u00e4\u00dfigkeit f\u00fcr modebewusste Frauen. Dieser aus feinster Wolle gefertigte Schal ist ideal f\u00fcr alle, die W\u00e4rme und einen Hauch von Raffinesse suchen. Sein vielseitiger grauer Farbton sorgt daf\u00fcr, dass er eine Vielzahl von Outfits erg\u00e4nzt und sich nahtlos in jede Garderobe einf\u00fcgt.<\/span><\/p>\n","protected":false},"excerpt":{"rendered":"<p>Erh\u00f6hen Sie Ihren Stil mit dem Grauen Wollschal f\u00fcr Frauen Eine Mischung aus Eleganz und Zweckm\u00e4\u00dfigkeit f\u00fcr modebewusste&hellip;<\/p>\n","protected":false},"featured_media":12409,"comment_status":"closed","ping_status":"closed","template":"","meta":{"_acf_changed":false},"product_cat":[694,688,696],"product_tag":[686],"class_list":{"0":"post-15513","1":"product","2":"type-product","3":"status-publish","4":"has-post-thumbnail","6":"product_cat-accessoires-fuer-damen","7":"product_cat-damen-replica-kollektion","8":"product_cat-schals-fuer-damen","9":"product_tag-frauen","10":"product_brand-louis-vuitton-replica","12":"first","13":"instock","14":"sale","15":"taxable","16":"shipping-taxable","17":"purchasable","18":"product-type-variable"},"acf":[],"jetpack_sharing_enabled":true,"_links":{"self":[{"href":"https:\/\/basereps.com\/de\/wp-json\/wp\/v2\/product\/15513","targetHints":{"allow":["GET"]}}],"collection":[{"href":"https:\/\/basereps.com\/de\/wp-json\/wp\/v2\/product"}],"about":[{"href":"https:\/\/basereps.com\/de\/wp-json\/wp\/v2\/types\/product"}],"replies":[{"embeddable":true,"href":"https:\/\/basereps.com\/de\/wp-json\/wp\/v2\/comments?post=15513"}],"version-history":[{"count":1,"href":"https:\/\/basereps.com\/de\/wp-json\/wp\/v2\/product\/15513\/revisions"}],"predecessor-version":[{"id":17242,"href":"https:\/\/basereps.com\/de\/wp-json\/wp\/v2\/product\/15513\/revisions\/17242"}],"wp:featuredmedia":[{"embeddable":true,"href":"https:\/\/basereps.com\/de\/wp-json\/wp\/v2\/media\/12409"}],"wp:attachment":[{"href":"https:\/\/basereps.com\/de\/wp-json\/wp\/v2\/media?parent=15513"}],"wp:term":[{"taxonomy":"product_cat","embeddable":true,"href":"https:\/\/basereps.com\/de\/wp-json\/wp\/v2\/product_cat?post=15513"},{"taxonomy":"product_tag","embeddable":true,"href":"https:\/\/basereps.com\/de\/wp-json\/wp\/v2\/product_tag?post=15513"}],"curies":[{"name":"wp","href":"https:\/\/api.w.org\/{rel}","templated":true}]}}