{"id":15502,"date":"2023-11-01T02:55:39","date_gmt":"2023-11-01T02:55:39","guid":{"rendered":"https:\/\/basereps.com\/neue-balance-530-wiederholungen\/"},"modified":"2024-04-13T22:44:33","modified_gmt":"2024-04-13T22:44:33","slug":"neue-balance-530-wiederholungen","status":"publish","type":"product","link":"https:\/\/basereps.com\/de\/produkt\/neue-balance-530-wiederholungen\/","title":{"rendered":"Neue Balance 530 Wiederholungen"},"content":{"rendered":"<p><span data-preserver-spaces=\"true\">Der New Balance 530 Reps ist eine Mischung aus 90er-Jahre-Flair und modernem Komfort. <\/span><strong><br \/>\n  <span data-preserver-spaces=\"true\">New Balance 530 Reps<\/span><br \/>\n<\/strong><span data-preserver-spaces=\"true\">. Dieser neu interpretierte Klassiker f\u00e4ngt die Essenz des Jahrzehnts mit einem Hauch von moderner Handwerkskunst ein. Ideal f\u00fcr Sneaker-Liebhaber und Freizeittr\u00e4ger gleicherma\u00dfen.  <\/span><strong><br \/>\n  <span data-preserver-spaces=\"true\">New Balance 530 Reps<\/span><br \/>\n<\/strong><span data-preserver-spaces=\"true\"> bieten einen vielseitigen Look, der die Zeit \u00fcberdauert.<\/span><\/p>\n","protected":false},"excerpt":{"rendered":"<p>Der New Balance 530 Reps ist eine Mischung aus 90er-Jahre-Flair und modernem Komfort. New Balance 530 Reps .&hellip;<\/p>\n","protected":false},"featured_media":12801,"comment_status":"open","ping_status":"closed","template":"","meta":{"_acf_changed":false},"product_cat":[843,821],"product_tag":[687,686,876],"class_list":{"0":"post-15502","1":"product","2":"type-product","3":"status-publish","4":"has-post-thumbnail","6":"product_cat-new-balance-reps-schuhe","7":"product_cat-reps-schuhe","8":"product_tag-dc0773-de","9":"product_tag-frauen","10":"product_tag-maenner","11":"product_brand-new-balance-reps","13":"first","14":"instock","15":"sale","16":"taxable","17":"shipping-taxable","18":"purchasable","19":"product-type-variable"},"acf":[],"jetpack_sharing_enabled":true,"_links":{"self":[{"href":"https:\/\/basereps.com\/de\/wp-json\/wp\/v2\/product\/15502","targetHints":{"allow":["GET"]}}],"collection":[{"href":"https:\/\/basereps.com\/de\/wp-json\/wp\/v2\/product"}],"about":[{"href":"https:\/\/basereps.com\/de\/wp-json\/wp\/v2\/types\/product"}],"replies":[{"embeddable":true,"href":"https:\/\/basereps.com\/de\/wp-json\/wp\/v2\/comments?post=15502"}],"version-history":[{"count":1,"href":"https:\/\/basereps.com\/de\/wp-json\/wp\/v2\/product\/15502\/revisions"}],"predecessor-version":[{"id":17199,"href":"https:\/\/basereps.com\/de\/wp-json\/wp\/v2\/product\/15502\/revisions\/17199"}],"wp:featuredmedia":[{"embeddable":true,"href":"https:\/\/basereps.com\/de\/wp-json\/wp\/v2\/media\/12801"}],"wp:attachment":[{"href":"https:\/\/basereps.com\/de\/wp-json\/wp\/v2\/media?parent=15502"}],"wp:term":[{"taxonomy":"product_cat","embeddable":true,"href":"https:\/\/basereps.com\/de\/wp-json\/wp\/v2\/product_cat?post=15502"},{"taxonomy":"product_tag","embeddable":true,"href":"https:\/\/basereps.com\/de\/wp-json\/wp\/v2\/product_tag?post=15502"}],"curies":[{"name":"wp","href":"https:\/\/api.w.org\/{rel}","templated":true}]}}