{"id":15493,"date":"2023-11-01T02:48:58","date_gmt":"2023-11-01T02:48:58","guid":{"rendered":"https:\/\/basereps.com\/off-white-x-nike-airmax-90\/"},"modified":"2024-04-13T22:46:40","modified_gmt":"2024-04-13T22:46:40","slug":"off-white-x-nike-airmax-90","status":"publish","type":"product","link":"https:\/\/basereps.com\/de\/produkt\/off-white-x-nike-airmax-90\/","title":{"rendered":"Off-White X Nike AirMax 90"},"content":{"rendered":"<p>Beim Off-White X Nike AirMax 90 trifft High Fashion auf ikonische Sportswear. Dieser Sneaker ist eine Zusammenarbeit zwischen Nike und Virgil Ablohs Luxus-Streetwear-Marke Off-White und interpretiert die klassische AirMax 90-Silhouette mit avantgardistischen Designelementen und einer dekonstruierten \u00c4sthetik neu. Der Schuh, der das sportliche Erbe von Nike und die zeitgen\u00f6ssische Vision von Off-White vereint, wurde chnell zu einem begehrten St\u00fcck in der Sneaker- und Mode-Community.<\/p>\n","protected":false},"excerpt":{"rendered":"<p>Beim Off-White X Nike AirMax 90 trifft High Fashion auf ikonische Sportswear. Dieser Sneaker ist eine Zusammenarbeit zwischen&hellip;<\/p>\n","protected":false},"featured_media":12612,"comment_status":"open","ping_status":"closed","template":"","meta":{"_acf_changed":false},"product_cat":[847,845,844,821],"product_tag":[687,910,909],"class_list":{"0":"post-15493","1":"product","2":"type-product","3":"status-publish","4":"has-post-thumbnail","6":"product_cat-air-max-90-reps-schuhe-nike-air-max-reps-schuhe","7":"product_cat-nike-air-max-reps-schuhe","8":"product_cat-nike-reps-schuhe","9":"product_cat-reps-schuhe","10":"product_tag-dc0773-de","11":"product_tag-men-de","12":"product_tag-women-de","13":"product_brand-nike-reps","15":"first","16":"instock","17":"sale","18":"taxable","19":"shipping-taxable","20":"purchasable","21":"product-type-variable"},"acf":[],"jetpack_sharing_enabled":true,"_links":{"self":[{"href":"https:\/\/basereps.com\/de\/wp-json\/wp\/v2\/product\/15493","targetHints":{"allow":["GET"]}}],"collection":[{"href":"https:\/\/basereps.com\/de\/wp-json\/wp\/v2\/product"}],"about":[{"href":"https:\/\/basereps.com\/de\/wp-json\/wp\/v2\/types\/product"}],"replies":[{"embeddable":true,"href":"https:\/\/basereps.com\/de\/wp-json\/wp\/v2\/comments?post=15493"}],"version-history":[{"count":1,"href":"https:\/\/basereps.com\/de\/wp-json\/wp\/v2\/product\/15493\/revisions"}],"predecessor-version":[{"id":17047,"href":"https:\/\/basereps.com\/de\/wp-json\/wp\/v2\/product\/15493\/revisions\/17047"}],"wp:featuredmedia":[{"embeddable":true,"href":"https:\/\/basereps.com\/de\/wp-json\/wp\/v2\/media\/12612"}],"wp:attachment":[{"href":"https:\/\/basereps.com\/de\/wp-json\/wp\/v2\/media?parent=15493"}],"wp:term":[{"taxonomy":"product_cat","embeddable":true,"href":"https:\/\/basereps.com\/de\/wp-json\/wp\/v2\/product_cat?post=15493"},{"taxonomy":"product_tag","embeddable":true,"href":"https:\/\/basereps.com\/de\/wp-json\/wp\/v2\/product_tag?post=15493"}],"curies":[{"name":"wp","href":"https:\/\/api.w.org\/{rel}","templated":true}]}}