{"id":15461,"date":"2023-11-01T02:55:38","date_gmt":"2023-11-01T02:55:38","guid":{"rendered":"https:\/\/basereps.com\/nike-air-zoom-alphafly-next\/"},"modified":"2024-04-13T22:44:35","modified_gmt":"2024-04-13T22:44:35","slug":"nike-air-zoom-alphafly-next","status":"publish","type":"product","link":"https:\/\/basereps.com\/de\/produkt\/nike-air-zoom-alphafly-next\/","title":{"rendered":"Nike Air Zoom Alphafly NEXT"},"content":{"rendered":"<p>Der Nike Air Zoom Alphafly NEXT repr\u00e4sentiert den H\u00f6hepunkt von Nikes unerm\u00fcdlicher Innovation in der Lauftechnologie. Der Alphafly NEXT baut auf dem Erbe der gesch\u00e4tzten Laufschuhe der Marke auf und ist nicht nur ein Sneaker, sondern auch ein Beweis f\u00fcr das Engagement von Nike, die Grenzen der sportlichen Leistung zu erweitern. Dieser Schuh wurde auf der Grundlage von Erkenntnissen der weltbesten Marathonl\u00e4ufer entwickelt und hat sich in k\u00fcrzester Zeit zu einem Meilenstein im Langstreckenlauf entwickelt.<\/p>\n","protected":false},"excerpt":{"rendered":"<p>Der Nike Air Zoom Alphafly NEXT repr\u00e4sentiert den H\u00f6hepunkt von Nikes unerm\u00fcdlicher Innovation in der Lauftechnologie. Der Alphafly&hellip;<\/p>\n","protected":false},"featured_media":12797,"comment_status":"open","ping_status":"closed","template":"","meta":{"_acf_changed":false},"product_cat":[854,844,821],"product_tag":[687,686,876],"class_list":{"0":"post-15461","1":"product","2":"type-product","3":"status-publish","4":"has-post-thumbnail","6":"product_cat-nike-assortierte-schuhe-nike-reps-schuhe","7":"product_cat-nike-reps-schuhe","8":"product_cat-reps-schuhe","9":"product_tag-dc0773-de","10":"product_tag-frauen","11":"product_tag-maenner","12":"product_brand-nike-reps","14":"first","15":"instock","16":"sale","17":"taxable","18":"shipping-taxable","19":"purchasable","20":"product-type-variable"},"acf":[],"jetpack_sharing_enabled":true,"_links":{"self":[{"href":"https:\/\/basereps.com\/de\/wp-json\/wp\/v2\/product\/15461","targetHints":{"allow":["GET"]}}],"collection":[{"href":"https:\/\/basereps.com\/de\/wp-json\/wp\/v2\/product"}],"about":[{"href":"https:\/\/basereps.com\/de\/wp-json\/wp\/v2\/types\/product"}],"replies":[{"embeddable":true,"href":"https:\/\/basereps.com\/de\/wp-json\/wp\/v2\/comments?post=15461"}],"version-history":[{"count":1,"href":"https:\/\/basereps.com\/de\/wp-json\/wp\/v2\/product\/15461\/revisions"}],"predecessor-version":[{"id":17200,"href":"https:\/\/basereps.com\/de\/wp-json\/wp\/v2\/product\/15461\/revisions\/17200"}],"wp:featuredmedia":[{"embeddable":true,"href":"https:\/\/basereps.com\/de\/wp-json\/wp\/v2\/media\/12797"}],"wp:attachment":[{"href":"https:\/\/basereps.com\/de\/wp-json\/wp\/v2\/media?parent=15461"}],"wp:term":[{"taxonomy":"product_cat","embeddable":true,"href":"https:\/\/basereps.com\/de\/wp-json\/wp\/v2\/product_cat?post=15461"},{"taxonomy":"product_tag","embeddable":true,"href":"https:\/\/basereps.com\/de\/wp-json\/wp\/v2\/product_tag?post=15461"}],"curies":[{"name":"wp","href":"https:\/\/api.w.org\/{rel}","templated":true}]}}