{"id":15460,"date":"2023-11-01T02:54:02","date_gmt":"2023-11-01T02:54:02","guid":{"rendered":"https:\/\/basereps.com\/givenchy-urban-street-niedrige-wiederholungen\/"},"modified":"2024-04-13T22:44:41","modified_gmt":"2024-04-13T22:44:41","slug":"givenchy-urban-street-niedrige-wiederholungen","status":"publish","type":"product","link":"https:\/\/basereps.com\/de\/produkt\/givenchy-urban-street-niedrige-wiederholungen\/","title":{"rendered":"Givenchy Urban Street Niedrige Wiederholungen"},"content":{"rendered":"<p><span data-preserver-spaces=\"true\">Peppen Sie Ihr Ensemble auf mit den <\/span><strong><br \/>\n  <span data-preserver-spaces=\"true\">Givenchy Urban Street Low Reps<\/span><br \/>\n<\/strong><span data-preserver-spaces=\"true\">ein Meisterwerk der Replika-Schuhe, das den dezenten Luxus der Haute Couture ausstrahlt. Mit viel Liebe zum Detail fangen diese <strong>Givenchy Urban Street Low Reps <\/strong>die Essenz des Givenchy Ethos ein und bieten eine unvergleichliche Mischung aus Luxus und Stra\u00dfenschick. Jeder Aspekt, von der Beschaffenheit des hochwertigen Kunstleders bis hin zu den pr\u00e4zisen N\u00e4hten, wurde sorgf\u00e4ltig ausgearbeitet, damit diese Schuhe nicht nur ein Accessoire, sondern ein Statement sind.<\/span><\/p>\n","protected":false},"excerpt":{"rendered":"<p>Peppen Sie Ihr Ensemble auf mit den Givenchy Urban Street Low Reps ein Meisterwerk der Replika-Schuhe, das den&hellip;<\/p>\n","protected":false},"featured_media":12759,"comment_status":"open","ping_status":"closed","template":"","meta":{"_acf_changed":false},"product_cat":[836,821],"product_tag":[687,686,876],"class_list":{"0":"post-15460","1":"product","2":"type-product","3":"status-publish","4":"has-post-thumbnail","6":"product_cat-givenchy-reps-schuhe","7":"product_cat-reps-schuhe","8":"product_tag-dc0773-de","9":"product_tag-frauen","10":"product_tag-maenner","11":"product_brand-givenchy-reps","13":"first","14":"instock","15":"sale","16":"taxable","17":"shipping-taxable","18":"purchasable","19":"product-type-variable"},"acf":[],"jetpack_sharing_enabled":true,"_links":{"self":[{"href":"https:\/\/basereps.com\/de\/wp-json\/wp\/v2\/product\/15460","targetHints":{"allow":["GET"]}}],"collection":[{"href":"https:\/\/basereps.com\/de\/wp-json\/wp\/v2\/product"}],"about":[{"href":"https:\/\/basereps.com\/de\/wp-json\/wp\/v2\/types\/product"}],"replies":[{"embeddable":true,"href":"https:\/\/basereps.com\/de\/wp-json\/wp\/v2\/comments?post=15460"}],"version-history":[{"count":1,"href":"https:\/\/basereps.com\/de\/wp-json\/wp\/v2\/product\/15460\/revisions"}],"predecessor-version":[{"id":17205,"href":"https:\/\/basereps.com\/de\/wp-json\/wp\/v2\/product\/15460\/revisions\/17205"}],"wp:featuredmedia":[{"embeddable":true,"href":"https:\/\/basereps.com\/de\/wp-json\/wp\/v2\/media\/12759"}],"wp:attachment":[{"href":"https:\/\/basereps.com\/de\/wp-json\/wp\/v2\/media?parent=15460"}],"wp:term":[{"taxonomy":"product_cat","embeddable":true,"href":"https:\/\/basereps.com\/de\/wp-json\/wp\/v2\/product_cat?post=15460"},{"taxonomy":"product_tag","embeddable":true,"href":"https:\/\/basereps.com\/de\/wp-json\/wp\/v2\/product_tag?post=15460"}],"curies":[{"name":"wp","href":"https:\/\/api.w.org\/{rel}","templated":true}]}}