{"id":15457,"date":"2023-10-31T11:30:15","date_gmt":"2023-10-31T11:30:15","guid":{"rendered":"https:\/\/basereps.com\/mini-bailey-knopf-ii\/"},"modified":"2024-04-13T22:46:48","modified_gmt":"2024-04-13T22:46:48","slug":"mini-bailey-knopf-ii","status":"publish","type":"product","link":"https:\/\/basereps.com\/de\/produkt\/mini-bailey-knopf-ii\/","title":{"rendered":"Mini-Bailey-Knopf II"},"content":{"rendered":"<p>Der Mini Bailey Button II ist mit pl\u00fcschigem Schaffell gef\u00fcttert und bietet unschlagbare W\u00e4rme und Isolierung in den k\u00e4lteren Monaten. Egal, ob Sie in der Stadt Besorgungen machen oder einen gem\u00fctlichen Spaziergang durch die verschneite Landschaft unternehmen, Ihre F\u00fc\u00dfe bleiben warm und bequem.<\/p>\n<p>Eines der charakteristischen Merkmale des Mini Bailey Button II ist der Holzknopf und der elastische Verschluss. Dieser funktionelle Knopf verleiht nicht nur einen Hauch von Eleganz, sondern erm\u00f6glicht auch ein einfaches An- und Ausziehen. Die niedrige Schafth\u00f6he des Stiefels ist vielseitig, so dass Sie ihn mit Ihrer Lieblingsjeans, Leggings oder sogar einem gem\u00fctlichen Pulloverkleid kombinieren k\u00f6nnen.<\/p>\n<p>&nbsp;<\/p>\n","protected":false},"excerpt":{"rendered":"<p>Der Mini Bailey Button II ist mit pl\u00fcschigem Schaffell gef\u00fcttert und bietet unschlagbare W\u00e4rme und Isolierung in den&hellip;<\/p>\n","protected":false},"featured_media":12544,"comment_status":"open","ping_status":"closed","template":"","meta":{"_acf_changed":false},"product_cat":[786],"product_tag":[686],"class_list":{"0":"post-15457","1":"product","2":"type-product","3":"status-publish","4":"has-post-thumbnail","6":"product_cat-stiefel-fuer-damen","7":"product_tag-frauen","8":"product_brand-ugg-reps","10":"first","11":"instock","12":"sale","13":"taxable","14":"shipping-taxable","15":"purchasable","16":"product-type-variable"},"acf":[],"jetpack_sharing_enabled":true,"_links":{"self":[{"href":"https:\/\/basereps.com\/de\/wp-json\/wp\/v2\/product\/15457","targetHints":{"allow":["GET"]}}],"collection":[{"href":"https:\/\/basereps.com\/de\/wp-json\/wp\/v2\/product"}],"about":[{"href":"https:\/\/basereps.com\/de\/wp-json\/wp\/v2\/types\/product"}],"replies":[{"embeddable":true,"href":"https:\/\/basereps.com\/de\/wp-json\/wp\/v2\/comments?post=15457"}],"version-history":[{"count":1,"href":"https:\/\/basereps.com\/de\/wp-json\/wp\/v2\/product\/15457\/revisions"}],"predecessor-version":[{"id":17234,"href":"https:\/\/basereps.com\/de\/wp-json\/wp\/v2\/product\/15457\/revisions\/17234"}],"wp:featuredmedia":[{"embeddable":true,"href":"https:\/\/basereps.com\/de\/wp-json\/wp\/v2\/media\/12544"}],"wp:attachment":[{"href":"https:\/\/basereps.com\/de\/wp-json\/wp\/v2\/media?parent=15457"}],"wp:term":[{"taxonomy":"product_cat","embeddable":true,"href":"https:\/\/basereps.com\/de\/wp-json\/wp\/v2\/product_cat?post=15457"},{"taxonomy":"product_tag","embeddable":true,"href":"https:\/\/basereps.com\/de\/wp-json\/wp\/v2\/product_tag?post=15457"}],"curies":[{"name":"wp","href":"https:\/\/api.w.org\/{rel}","templated":true}]}}