{"id":15453,"date":"2023-11-01T02:49:29","date_gmt":"2023-11-01T02:49:29","guid":{"rendered":"https:\/\/basereps.com\/nike-air-force-1-07-niedrig-weiss-schwarz-outline-swoosh\/"},"modified":"2024-04-13T22:46:36","modified_gmt":"2024-04-13T22:46:36","slug":"nike-air-force-1-07-niedrig-weiss-schwarz-outline-swoosh","status":"publish","type":"product","link":"https:\/\/basereps.com\/de\/produkt\/nike-air-force-1-07-niedrig-weiss-schwarz-outline-swoosh\/","title":{"rendered":"Nike Air Force 1 &#8217;07 Niedrig Wei\u00df Schwarz Outline Swoosh"},"content":{"rendered":"<p>Mit dem Nike Air Force 1 &#8217;07 Low White Black Outline Swoosh trittst du in ein Verm\u00e4chtnis ein. Diese kultige Silhouette mit dem auff\u00e4lligen, schwarz umrandeten Swoosh bietet eine frische Interpretation eines Klassikers und sorgt daf\u00fcr, dass du bei jedem Schritt ein Statement abgibst.<\/p>\n","protected":false},"excerpt":{"rendered":"<p>Mit dem Nike Air Force 1 &#8217;07 Low White Black Outline Swoosh trittst du in ein Verm\u00e4chtnis ein.&hellip;<\/p>\n","protected":false},"featured_media":12633,"comment_status":"open","ping_status":"closed","template":"","meta":{"_acf_changed":false},"product_cat":[866,865,821],"product_tag":[687,686,876],"class_list":{"0":"post-15453","1":"product","2":"type-product","3":"status-publish","4":"has-post-thumbnail","6":"product_cat-nike-air-force-1-reps-schuhe","7":"product_cat-nike-lifestyle-schuhe","8":"product_cat-reps-schuhe","9":"product_tag-dc0773-de","10":"product_tag-frauen","11":"product_tag-maenner","12":"product_brand-nike-reps","14":"first","15":"instock","16":"sale","17":"taxable","18":"shipping-taxable","19":"purchasable","20":"product-type-variable"},"acf":[],"jetpack_sharing_enabled":true,"_links":{"self":[{"href":"https:\/\/basereps.com\/de\/wp-json\/wp\/v2\/product\/15453","targetHints":{"allow":["GET"]}}],"collection":[{"href":"https:\/\/basereps.com\/de\/wp-json\/wp\/v2\/product"}],"about":[{"href":"https:\/\/basereps.com\/de\/wp-json\/wp\/v2\/types\/product"}],"replies":[{"embeddable":true,"href":"https:\/\/basereps.com\/de\/wp-json\/wp\/v2\/comments?post=15453"}],"version-history":[{"count":1,"href":"https:\/\/basereps.com\/de\/wp-json\/wp\/v2\/product\/15453\/revisions"}],"predecessor-version":[{"id":17220,"href":"https:\/\/basereps.com\/de\/wp-json\/wp\/v2\/product\/15453\/revisions\/17220"}],"wp:featuredmedia":[{"embeddable":true,"href":"https:\/\/basereps.com\/de\/wp-json\/wp\/v2\/media\/12633"}],"wp:attachment":[{"href":"https:\/\/basereps.com\/de\/wp-json\/wp\/v2\/media?parent=15453"}],"wp:term":[{"taxonomy":"product_cat","embeddable":true,"href":"https:\/\/basereps.com\/de\/wp-json\/wp\/v2\/product_cat?post=15453"},{"taxonomy":"product_tag","embeddable":true,"href":"https:\/\/basereps.com\/de\/wp-json\/wp\/v2\/product_tag?post=15453"}],"curies":[{"name":"wp","href":"https:\/\/api.w.org\/{rel}","templated":true}]}}