{"id":15427,"date":"2023-10-31T11:27:09","date_gmt":"2023-10-31T11:27:09","guid":{"rendered":"https:\/\/basereps.com\/schwarze-medusa-guertelschnalle\/"},"modified":"2024-04-13T22:47:00","modified_gmt":"2024-04-13T22:47:00","slug":"schwarze-medusa-guertelschnalle","status":"publish","type":"product","link":"https:\/\/basereps.com\/de\/produkt\/schwarze-medusa-guertelschnalle\/","title":{"rendered":"Schwarze Medusa-G\u00fcrtelschnalle"},"content":{"rendered":"<p><span data-preserver-spaces=\"true\">Die <\/span><strong><br \/>\n  <span data-preserver-spaces=\"true\">Schwarze Medusa-G\u00fcrtelschnalle<\/span><br \/>\n<\/strong><span data-preserver-spaces=\"true\">  ist ein luxuri\u00f6ses und stilvolles Accessoire. Diese G\u00fcrtelschnalle mit dem ikonischen Kopf der Medusa, die Macht und Sch\u00f6nheit symbolisiert, verleiht jedem Outfit Eleganz. Das auff\u00e4llige Design und die schlichte schwarze Oberfl\u00e4che machen ihn zu einem vielseitigen Accessoire f\u00fcr formelle und legere Anl\u00e4sse, ideal f\u00fcr alle, die Wert auf raffinierte Details bei ihrer Modeauswahl legen.<\/span><\/p>\n","protected":false},"excerpt":{"rendered":"<p>Die Schwarze Medusa-G\u00fcrtelschnalle ist ein luxuri\u00f6ses und stilvolles Accessoire. Diese G\u00fcrtelschnalle mit dem ikonischen Kopf der Medusa, die&hellip;<\/p>\n","protected":false},"featured_media":12367,"comment_status":"open","ping_status":"closed","template":"","meta":{"_acf_changed":false},"product_cat":[793,794],"product_tag":[910],"class_list":{"0":"post-15427","1":"product","2":"type-product","3":"status-publish","4":"has-post-thumbnail","6":"product_cat-herren-kollektion","7":"product_cat-maenner-accessoires","8":"product_tag-men-de","9":"product_brand-versace-reps","11":"first","12":"instock","13":"sale","14":"taxable","15":"shipping-taxable","16":"purchasable","17":"product-type-variable"},"acf":[],"jetpack_sharing_enabled":true,"_links":{"self":[{"href":"https:\/\/basereps.com\/de\/wp-json\/wp\/v2\/product\/15427","targetHints":{"allow":["GET"]}}],"collection":[{"href":"https:\/\/basereps.com\/de\/wp-json\/wp\/v2\/product"}],"about":[{"href":"https:\/\/basereps.com\/de\/wp-json\/wp\/v2\/types\/product"}],"replies":[{"embeddable":true,"href":"https:\/\/basereps.com\/de\/wp-json\/wp\/v2\/comments?post=15427"}],"version-history":[{"count":1,"href":"https:\/\/basereps.com\/de\/wp-json\/wp\/v2\/product\/15427\/revisions"}],"predecessor-version":[{"id":17245,"href":"https:\/\/basereps.com\/de\/wp-json\/wp\/v2\/product\/15427\/revisions\/17245"}],"wp:featuredmedia":[{"embeddable":true,"href":"https:\/\/basereps.com\/de\/wp-json\/wp\/v2\/media\/12367"}],"wp:attachment":[{"href":"https:\/\/basereps.com\/de\/wp-json\/wp\/v2\/media?parent=15427"}],"wp:term":[{"taxonomy":"product_cat","embeddable":true,"href":"https:\/\/basereps.com\/de\/wp-json\/wp\/v2\/product_cat?post=15427"},{"taxonomy":"product_tag","embeddable":true,"href":"https:\/\/basereps.com\/de\/wp-json\/wp\/v2\/product_tag?post=15427"}],"curies":[{"name":"wp","href":"https:\/\/api.w.org\/{rel}","templated":true}]}}