{"id":15416,"date":"2023-10-31T11:26:33","date_gmt":"2023-10-31T11:26:33","guid":{"rendered":"https:\/\/basereps.com\/lederguertel-mit-krokopraegung\/"},"modified":"2024-04-13T22:47:05","modified_gmt":"2024-04-13T22:47:05","slug":"lederguertel-mit-krokopraegung","status":"publish","type":"product","link":"https:\/\/basereps.com\/de\/produkt\/lederguertel-mit-krokopraegung\/","title":{"rendered":"Lederg\u00fcrtel mit Krokopr\u00e4gung"},"content":{"rendered":"<p>Betreten Sie das Reich der Raffinesse mit dem Lederg\u00fcrtel mit Krokopr\u00e4gung. Dieser luxuri\u00f6se G\u00fcrtel mit seinem unverwechselbaren Krokodilmuster strahlt eine Aura von Eleganz und zeitlosem Charme aus, die ihn zu einem unverzichtbaren Accessoire f\u00fcr den anspruchsvollen Menschen macht.<\/p>\n","protected":false},"excerpt":{"rendered":"<p>Betreten Sie das Reich der Raffinesse mit dem Lederg\u00fcrtel mit Krokopr\u00e4gung. Dieser luxuri\u00f6se G\u00fcrtel mit seinem unverwechselbaren Krokodilmuster&hellip;<\/p>\n","protected":false},"featured_media":12351,"comment_status":"closed","ping_status":"closed","template":"","meta":{"_acf_changed":false},"product_cat":[],"product_tag":[910],"class_list":{"0":"post-15416","1":"product","2":"type-product","3":"status-publish","4":"has-post-thumbnail","6":"product_tag-men-de","8":"first","9":"instock","10":"sale","11":"taxable","12":"shipping-taxable","13":"purchasable","14":"product-type-variable"},"acf":[],"jetpack_sharing_enabled":true,"_links":{"self":[{"href":"https:\/\/basereps.com\/de\/wp-json\/wp\/v2\/product\/15416","targetHints":{"allow":["GET"]}}],"collection":[{"href":"https:\/\/basereps.com\/de\/wp-json\/wp\/v2\/product"}],"about":[{"href":"https:\/\/basereps.com\/de\/wp-json\/wp\/v2\/types\/product"}],"replies":[{"embeddable":true,"href":"https:\/\/basereps.com\/de\/wp-json\/wp\/v2\/comments?post=15416"}],"version-history":[{"count":1,"href":"https:\/\/basereps.com\/de\/wp-json\/wp\/v2\/product\/15416\/revisions"}],"predecessor-version":[{"id":17246,"href":"https:\/\/basereps.com\/de\/wp-json\/wp\/v2\/product\/15416\/revisions\/17246"}],"wp:featuredmedia":[{"embeddable":true,"href":"https:\/\/basereps.com\/de\/wp-json\/wp\/v2\/media\/12351"}],"wp:attachment":[{"href":"https:\/\/basereps.com\/de\/wp-json\/wp\/v2\/media?parent=15416"}],"wp:term":[{"taxonomy":"product_cat","embeddable":true,"href":"https:\/\/basereps.com\/de\/wp-json\/wp\/v2\/product_cat?post=15416"},{"taxonomy":"product_tag","embeddable":true,"href":"https:\/\/basereps.com\/de\/wp-json\/wp\/v2\/product_tag?post=15416"}],"curies":[{"name":"wp","href":"https:\/\/api.w.org\/{rel}","templated":true}]}}