{"id":15372,"date":"2023-10-31T11:26:29","date_gmt":"2023-10-31T11:26:29","guid":{"rendered":"https:\/\/basereps.com\/guertel-mit-lederschnalle\/"},"modified":"2024-04-13T22:47:07","modified_gmt":"2024-04-13T22:47:07","slug":"guertel-mit-lederschnalle","status":"publish","type":"product","link":"https:\/\/basereps.com\/de\/produkt\/guertel-mit-lederschnalle\/","title":{"rendered":"G\u00fcrtel mit Lederschnalle"},"content":{"rendered":"<p><span data-preserver-spaces=\"true\">Erweitern Sie Ihre Garderobe mit dem <\/span><strong><br \/>\n  <span data-preserver-spaces=\"true\">G\u00fcrtel mit Lederschnalle<\/span><br \/>\n<\/strong><span data-preserver-spaces=\"true\">ein klassisches Accessoire, das Stil und Funktionalit\u00e4t vereint. Dieser aus hochwertigem Leder gefertigte G\u00fcrtel bietet einen polierten Look, der sowohl zu formeller als auch zu legerer Kleidung passt. Die robuste Schnalle sorgt f\u00fcr einen sicheren Sitz und macht ihn zu einer zuverl\u00e4ssigen und stilvollen Wahl f\u00fcr den Alltag.<\/span><\/p>\n","protected":false},"excerpt":{"rendered":"<p>Erweitern Sie Ihre Garderobe mit dem G\u00fcrtel mit Lederschnalle ein klassisches Accessoire, das Stil und Funktionalit\u00e4t vereint. Dieser&hellip;<\/p>\n","protected":false},"featured_media":12343,"comment_status":"closed","ping_status":"closed","template":"","meta":{"_acf_changed":false},"product_cat":[694,688],"product_tag":[909],"class_list":{"0":"post-15372","1":"product","2":"type-product","3":"status-publish","4":"has-post-thumbnail","6":"product_cat-accessoires-fuer-damen","7":"product_cat-damen-replica-kollektion","8":"product_tag-women-de","9":"product_brand-valentino-reps","11":"first","12":"instock","13":"sale","14":"taxable","15":"shipping-taxable","16":"purchasable","17":"product-type-variable"},"acf":[],"jetpack_sharing_enabled":true,"_links":{"self":[{"href":"https:\/\/basereps.com\/de\/wp-json\/wp\/v2\/product\/15372","targetHints":{"allow":["GET"]}}],"collection":[{"href":"https:\/\/basereps.com\/de\/wp-json\/wp\/v2\/product"}],"about":[{"href":"https:\/\/basereps.com\/de\/wp-json\/wp\/v2\/types\/product"}],"replies":[{"embeddable":true,"href":"https:\/\/basereps.com\/de\/wp-json\/wp\/v2\/comments?post=15372"}],"version-history":[{"count":1,"href":"https:\/\/basereps.com\/de\/wp-json\/wp\/v2\/product\/15372\/revisions"}],"predecessor-version":[{"id":17247,"href":"https:\/\/basereps.com\/de\/wp-json\/wp\/v2\/product\/15372\/revisions\/17247"}],"wp:featuredmedia":[{"embeddable":true,"href":"https:\/\/basereps.com\/de\/wp-json\/wp\/v2\/media\/12343"}],"wp:attachment":[{"href":"https:\/\/basereps.com\/de\/wp-json\/wp\/v2\/media?parent=15372"}],"wp:term":[{"taxonomy":"product_cat","embeddable":true,"href":"https:\/\/basereps.com\/de\/wp-json\/wp\/v2\/product_cat?post=15372"},{"taxonomy":"product_tag","embeddable":true,"href":"https:\/\/basereps.com\/de\/wp-json\/wp\/v2\/product_tag?post=15372"}],"curies":[{"name":"wp","href":"https:\/\/api.w.org\/{rel}","templated":true}]}}