{"id":15351,"date":"2023-10-31T11:16:42","date_gmt":"2023-10-31T11:16:42","guid":{"rendered":"https:\/\/basereps.com\/gelbe-einkaufstasche\/"},"modified":"2024-04-13T22:47:59","modified_gmt":"2024-04-13T22:47:59","slug":"gelbe-einkaufstasche","status":"publish","type":"product","link":"https:\/\/basereps.com\/de\/produkt\/gelbe-einkaufstasche\/","title":{"rendered":"Gelbe Einkaufstasche"},"content":{"rendered":"<p>Die Gelbe Einkaufstasche ist eine strahlende Mischung aus Zweckm\u00e4\u00dfigkeit und Lebendigkeit. Historisch gesehen wird die Farbe Gelb in verschiedenen Kulturen mit Freude, W\u00e4rme und Feiern in Verbindung gebracht. Sie schm\u00fcckte die Gew\u00e4nder von Kaisern, war ein Symbol f\u00fcr Erntedankfeste und stand f\u00fcr die Helligkeit der Sonne. Diese Tasche mit ihrem sonnengelben Farbton ist eine Hommage an diese reiche kulturelle Vielfalt und bietet ein modernes Design, das einen Hauch von Fr\u00f6hlichkeit in jeden Ausflug bringt.<\/p>\n","protected":false},"excerpt":{"rendered":"<p>Die Gelbe Einkaufstasche ist eine strahlende Mischung aus Zweckm\u00e4\u00dfigkeit und Lebendigkeit. Historisch gesehen wird die Farbe Gelb in&hellip;<\/p>\n","protected":false},"featured_media":11937,"comment_status":"open","ping_status":"closed","template":"","meta":{"_acf_changed":false},"product_cat":[688,790,789,792],"product_tag":[686],"class_list":{"0":"post-15351","1":"product","2":"type-product","3":"status-publish","4":"has-post-thumbnail","6":"product_cat-damen-replica-kollektion","7":"product_cat-mini-taschen-clutches-fuer-damen","8":"product_cat-replica-taschen-fuer-damen","9":"product_cat-tote-bags-fuer-damen","10":"product_tag-frauen","12":"first","13":"instock","14":"sale","15":"taxable","16":"shipping-taxable","17":"purchasable","18":"product-type-variable"},"acf":[],"jetpack_sharing_enabled":true,"_links":{"self":[{"href":"https:\/\/basereps.com\/de\/wp-json\/wp\/v2\/product\/15351","targetHints":{"allow":["GET"]}}],"collection":[{"href":"https:\/\/basereps.com\/de\/wp-json\/wp\/v2\/product"}],"about":[{"href":"https:\/\/basereps.com\/de\/wp-json\/wp\/v2\/types\/product"}],"replies":[{"embeddable":true,"href":"https:\/\/basereps.com\/de\/wp-json\/wp\/v2\/comments?post=15351"}],"version-history":[{"count":1,"href":"https:\/\/basereps.com\/de\/wp-json\/wp\/v2\/product\/15351\/revisions"}],"predecessor-version":[{"id":17289,"href":"https:\/\/basereps.com\/de\/wp-json\/wp\/v2\/product\/15351\/revisions\/17289"}],"wp:featuredmedia":[{"embeddable":true,"href":"https:\/\/basereps.com\/de\/wp-json\/wp\/v2\/media\/11937"}],"wp:attachment":[{"href":"https:\/\/basereps.com\/de\/wp-json\/wp\/v2\/media?parent=15351"}],"wp:term":[{"taxonomy":"product_cat","embeddable":true,"href":"https:\/\/basereps.com\/de\/wp-json\/wp\/v2\/product_cat?post=15351"},{"taxonomy":"product_tag","embeddable":true,"href":"https:\/\/basereps.com\/de\/wp-json\/wp\/v2\/product_tag?post=15351"}],"curies":[{"name":"wp","href":"https:\/\/api.w.org\/{rel}","templated":true}]}}