{"id":15325,"date":"2023-10-31T11:20:32","date_gmt":"2023-10-31T11:20:32","guid":{"rendered":"https:\/\/basereps.com\/miu-miu-reps-umhaengetasche-schwarz-braun\/"},"modified":"2024-04-13T22:47:37","modified_gmt":"2024-04-13T22:47:37","slug":"miu-miu-reps-umhaengetasche-schwarz-braun","status":"publish","type":"product","link":"https:\/\/basereps.com\/de\/produkt\/miu-miu-reps-umhaengetasche-schwarz-braun\/","title":{"rendered":"Miu Miu Reps Umh\u00e4ngetasche Schwarz\/Braun"},"content":{"rendered":"<p>Die Miu Miu Reps Umh\u00e4ngetasche ist der Inbegriff von Eleganz und zeitgen\u00f6ssischer Mode und f\u00e4ngt die Essenz des ikonischen Designs von Miu Miu pr\u00e4zise ein. Diese sorgf\u00e4ltig gefertigte Replik spiegelt das Original der Umh\u00e4ngetasche nahtlos wider und ist ein modisches Accessoire, das f\u00fcr Stil und Substanz steht.<\/p>\n<p>Die Reps Shoulder Bag von Miu Miu zeigt das Engagement der Marke f\u00fcr Raffinesse und Innovation. Diese mit viel Liebe zum Detail gefertigte Replik ist dem luxuri\u00f6sen Design von Miu Miu nachempfunden und bietet eine grausamkeitsfreie Alternative f\u00fcr alle, die eine ethische Entscheidung treffen m\u00f6chten, ohne dabei auf Stil zu verzichten.<\/p>\n<p>Die Miu Miu Reps Umh\u00e4ngetasche ist ein vielseitiger Begleiter f\u00fcr jede Gelegenheit. Sie ist praktisch und trendig zugleich. Die klassische Silhouette mit dem unverwechselbaren Miu Miu-Logo verleiht Ihrem Ensemble einen Hauch von Authentizit\u00e4t und setzt ein Statement in der Welt der High Fashion.<\/p>\n<p>Mit der Miu Miu Reps Schultertasche setzen Sie einen modischen Akzent &#8211; eine originalgetreue Reproduktion, die den Charme des Originaldesigns einf\u00e4ngt. Ob auf dem Weg zu einem gesellschaftlichen Ereignis oder auf dem Weg durch die Stra\u00dfen der Stadt, lassen Sie diese Replik Handtasche Ihren Stil mit seiner zeitlosen Attraktivit\u00e4t neu definieren. Tauchen Sie ein in die Welt von Miu Miu, in der Raffinesse auf Innovation trifft, und setzen Sie mit der Umh\u00e4ngetasche ein k\u00fchnes Statement als Ihr Lieblingsaccessoire.<\/p>\n","protected":false},"excerpt":{"rendered":"<p>Die Miu Miu Reps Umh\u00e4ngetasche ist der Inbegriff von Eleganz und zeitgen\u00f6ssischer Mode und f\u00e4ngt die Essenz des&hellip;<\/p>\n","protected":false},"featured_media":14734,"comment_status":"open","ping_status":"closed","template":"","meta":{"_acf_changed":false},"product_cat":[688,789,791],"product_tag":[686],"class_list":{"0":"post-15325","1":"product","2":"type-product","3":"status-publish","4":"has-post-thumbnail","6":"product_cat-damen-replica-kollektion","7":"product_cat-replica-taschen-fuer-damen","8":"product_cat-umhaengetaschen-schultertaschen-fuer-damen","9":"product_tag-frauen","10":"product_brand-miu-miu-replica","12":"first","13":"instock","14":"sale","15":"taxable","16":"shipping-taxable","17":"purchasable","18":"product-type-variable"},"acf":[],"jetpack_sharing_enabled":true,"_links":{"self":[{"href":"https:\/\/basereps.com\/de\/wp-json\/wp\/v2\/product\/15325","targetHints":{"allow":["GET"]}}],"collection":[{"href":"https:\/\/basereps.com\/de\/wp-json\/wp\/v2\/product"}],"about":[{"href":"https:\/\/basereps.com\/de\/wp-json\/wp\/v2\/types\/product"}],"replies":[{"embeddable":true,"href":"https:\/\/basereps.com\/de\/wp-json\/wp\/v2\/comments?post=15325"}],"version-history":[{"count":1,"href":"https:\/\/basereps.com\/de\/wp-json\/wp\/v2\/product\/15325\/revisions"}],"predecessor-version":[{"id":17264,"href":"https:\/\/basereps.com\/de\/wp-json\/wp\/v2\/product\/15325\/revisions\/17264"}],"wp:featuredmedia":[{"embeddable":true,"href":"https:\/\/basereps.com\/de\/wp-json\/wp\/v2\/media\/14734"}],"wp:attachment":[{"href":"https:\/\/basereps.com\/de\/wp-json\/wp\/v2\/media?parent=15325"}],"wp:term":[{"taxonomy":"product_cat","embeddable":true,"href":"https:\/\/basereps.com\/de\/wp-json\/wp\/v2\/product_cat?post=15325"},{"taxonomy":"product_tag","embeddable":true,"href":"https:\/\/basereps.com\/de\/wp-json\/wp\/v2\/product_tag?post=15325"}],"curies":[{"name":"wp","href":"https:\/\/api.w.org\/{rel}","templated":true}]}}