{"id":15314,"date":"2023-10-31T11:18:48","date_gmt":"2023-10-31T11:18:48","guid":{"rendered":"https:\/\/basereps.com\/kleine-blaue-messenger-tasche\/"},"modified":"2024-04-13T22:47:47","modified_gmt":"2024-04-13T22:47:47","slug":"kleine-blaue-messenger-tasche","status":"publish","type":"product","link":"https:\/\/basereps.com\/de\/produkt\/kleine-blaue-messenger-tasche\/","title":{"rendered":"Kleine blaue Messenger-Tasche"},"content":{"rendered":"<p>Die Blue Small Messenger Bag ist eine harmonische Mischung aus Geschichte und moderner Mode. Historisch gesehen haben Kuriertaschen ihre Wurzeln in der N\u00fctzlichkeit, denn sie waren die zuverl\u00e4ssigen Begleiter von Postangestellten, Kurieren und Fahrern im Versand. Der tiefblaue Farbton dieser Tasche, der an die Weite der Ozeane und den klaren Himmel erinnert, wird seit jeher f\u00fcr seine beruhigende Eleganz und Tiefe gesch\u00e4tzt. Diese Tasche vereint die funktionelle Essenz ihrer Vorfahren mit der \u00c4sthetik der heutigen Zeit.<\/p>\n","protected":false},"excerpt":{"rendered":"<p>Die Blue Small Messenger Bag ist eine harmonische Mischung aus Geschichte und moderner Mode. Historisch gesehen haben Kuriertaschen&hellip;<\/p>\n","protected":false},"featured_media":12087,"comment_status":"open","ping_status":"closed","template":"","meta":{"_acf_changed":false},"product_cat":[793,800,799],"product_tag":[910],"class_list":{"0":"post-15314","1":"product","2":"type-product","3":"status-publish","4":"has-post-thumbnail","6":"product_cat-herren-kollektion","7":"product_cat-herren-replica-guerteltaschen","8":"product_cat-replica-taschen-fuer-herren-herren-kollektion","9":"product_tag-men-de","11":"first","12":"instock","13":"sale","14":"taxable","15":"shipping-taxable","16":"purchasable","17":"product-type-variable"},"acf":[],"jetpack_sharing_enabled":true,"_links":{"self":[{"href":"https:\/\/basereps.com\/de\/wp-json\/wp\/v2\/product\/15314","targetHints":{"allow":["GET"]}}],"collection":[{"href":"https:\/\/basereps.com\/de\/wp-json\/wp\/v2\/product"}],"about":[{"href":"https:\/\/basereps.com\/de\/wp-json\/wp\/v2\/types\/product"}],"replies":[{"embeddable":true,"href":"https:\/\/basereps.com\/de\/wp-json\/wp\/v2\/comments?post=15314"}],"version-history":[{"count":1,"href":"https:\/\/basereps.com\/de\/wp-json\/wp\/v2\/product\/15314\/revisions"}],"predecessor-version":[{"id":17275,"href":"https:\/\/basereps.com\/de\/wp-json\/wp\/v2\/product\/15314\/revisions\/17275"}],"wp:featuredmedia":[{"embeddable":true,"href":"https:\/\/basereps.com\/de\/wp-json\/wp\/v2\/media\/12087"}],"wp:attachment":[{"href":"https:\/\/basereps.com\/de\/wp-json\/wp\/v2\/media?parent=15314"}],"wp:term":[{"taxonomy":"product_cat","embeddable":true,"href":"https:\/\/basereps.com\/de\/wp-json\/wp\/v2\/product_cat?post=15314"},{"taxonomy":"product_tag","embeddable":true,"href":"https:\/\/basereps.com\/de\/wp-json\/wp\/v2\/product_tag?post=15314"}],"curies":[{"name":"wp","href":"https:\/\/api.w.org\/{rel}","templated":true}]}}