{"id":15313,"date":"2023-10-31T11:16:40","date_gmt":"2023-10-31T11:16:40","guid":{"rendered":"https:\/\/basereps.com\/jacquemus-reps-le-chiquito-moyen-tasche\/"},"modified":"2024-04-13T22:48:03","modified_gmt":"2024-04-13T22:48:03","slug":"jacquemus-reps-le-chiquito-moyen-tasche","status":"publish","type":"product","link":"https:\/\/basereps.com\/de\/produkt\/jacquemus-reps-le-chiquito-moyen-tasche\/","title":{"rendered":"Jacquemus Reps Le Chiquito Moyen Tasche"},"content":{"rendered":"<p>Die Jacquemus Reps Le Chiquito Moyen Bag ist ein fesselndes Replikat, das den avantgardistischen Geist der ikonischen Designs von Jacquemus widerspiegelt. Diese sorgf\u00e4ltig gefertigte Tasche ist eine Hommage an die Kollektion Le Chiquito Moyen und zeigt das Engagement der Marke f\u00fcr innovative Mode und tadellose Handwerkskunst.<\/p>\n<p>Die Jacquemus Reps Le Chiquito Moyen Bag ist ein Statement-St\u00fcck, das m\u00fchelos die Essenz des zeitgen\u00f6ssischen Schickes einf\u00e4ngt. Das einzigartige, kompakte Design ist eine Anspielung auf die charakteristische \u00c4sthetik von Jacquemus und bietet eine detailgetreue Reproduktion des Originals Le Chiquito Moyen.<\/p>\n<p>Lassen Sie sich von der Jacquemus Reps Le Chiquito Moyen Tasche verf\u00fchren, die \u00fcberall ein gewagtes Statement setzt. Die sorgf\u00e4ltig ausgew\u00e4hlten Materialien entsprechen nicht nur der Haptik von echtem Leder, sondern ber\u00fccksichtigen auch ethische Gesichtspunkte und bieten eine grausamkeitsfreie Alternative f\u00fcr modebewusste Menschen.<\/p>\n<p>Egal, ob Sie durch die Stra\u00dfen der Stadt schlendern oder ein gesellschaftliches Ereignis besuchen, diese Replikat-Tasche ist eine echte Verk\u00f6rperung der avantgardistischen Vision von Jacquemus. Erh\u00f6hen Sie Ihren Stil mit der Jacquemus Reps Le Chiquito Moyen Bag &#8211; ein Accessoire, das \u00fcber Trends hinausgeht und den Geist der modernen Mode verk\u00f6rpert. Tauchen Sie ein in die Welt von Jacquemus, in der Innovation auf Raffinesse trifft, und setzen Sie mit der Le Chiquito Moyen Bag als Ihrem modischen Begleiter ein mutiges Statement.<\/p>\n","protected":false},"excerpt":{"rendered":"<p>Die Jacquemus Reps Le Chiquito Moyen Bag ist ein fesselndes Replikat, das den avantgardistischen Geist der ikonischen Designs&hellip;<\/p>\n","protected":false},"featured_media":14692,"comment_status":"open","ping_status":"closed","template":"","meta":{"_acf_changed":false},"product_cat":[688,789,791],"product_tag":[686],"class_list":{"0":"post-15313","1":"product","2":"type-product","3":"status-publish","4":"has-post-thumbnail","6":"product_cat-damen-replica-kollektion","7":"product_cat-replica-taschen-fuer-damen","8":"product_cat-umhaengetaschen-schultertaschen-fuer-damen","9":"product_tag-frauen","10":"product_brand-jacquemus-reps","12":"first","13":"instock","14":"sale","15":"taxable","16":"shipping-taxable","17":"purchasable","18":"product-type-variable"},"acf":[],"jetpack_sharing_enabled":true,"_links":{"self":[{"href":"https:\/\/basereps.com\/de\/wp-json\/wp\/v2\/product\/15313","targetHints":{"allow":["GET"]}}],"collection":[{"href":"https:\/\/basereps.com\/de\/wp-json\/wp\/v2\/product"}],"about":[{"href":"https:\/\/basereps.com\/de\/wp-json\/wp\/v2\/types\/product"}],"replies":[{"embeddable":true,"href":"https:\/\/basereps.com\/de\/wp-json\/wp\/v2\/comments?post=15313"}],"version-history":[{"count":1,"href":"https:\/\/basereps.com\/de\/wp-json\/wp\/v2\/product\/15313\/revisions"}],"predecessor-version":[{"id":17290,"href":"https:\/\/basereps.com\/de\/wp-json\/wp\/v2\/product\/15313\/revisions\/17290"}],"wp:featuredmedia":[{"embeddable":true,"href":"https:\/\/basereps.com\/de\/wp-json\/wp\/v2\/media\/14692"}],"wp:attachment":[{"href":"https:\/\/basereps.com\/de\/wp-json\/wp\/v2\/media?parent=15313"}],"wp:term":[{"taxonomy":"product_cat","embeddable":true,"href":"https:\/\/basereps.com\/de\/wp-json\/wp\/v2\/product_cat?post=15313"},{"taxonomy":"product_tag","embeddable":true,"href":"https:\/\/basereps.com\/de\/wp-json\/wp\/v2\/product_tag?post=15313"}],"curies":[{"name":"wp","href":"https:\/\/api.w.org\/{rel}","templated":true}]}}