{"id":15311,"date":"2023-10-31T11:21:32","date_gmt":"2023-10-31T11:21:32","guid":{"rendered":"https:\/\/basereps.com\/miu-miu-reps-arcadie-matelasse-tasche-aus-leder\/"},"modified":"2024-04-13T22:47:33","modified_gmt":"2024-04-13T22:47:33","slug":"miu-miu-reps-arcadie-matelasse-tasche-aus-leder","status":"publish","type":"product","link":"https:\/\/basereps.com\/de\/produkt\/miu-miu-reps-arcadie-matelasse-tasche-aus-leder\/","title":{"rendered":"Miu Miu Reps Arcadie Matelass\u00e9-Tasche aus Leder"},"content":{"rendered":"<p>Die Miu Miu Reps Arcadie Matelass\u00e9 ist eine bezaubernde Mischung aus Luxus und zeitgen\u00f6ssischem Charme, die in sorgf\u00e4ltiger Handarbeit gefertigt wurde, um die Essenz des ikonischen Designs von Miu Miu einzufangen. Diese Replik spiegelt nahtlos das Original von Arcadie Matelass\u00e9 wider und ist eine originalgetreue Nachbildung mit tadelloser Liebe zum Detail.<\/p>\n<p>Das Arcadie Matelass\u00e9 ist ein Beweis f\u00fcr das Engagement von Miu Miu f\u00fcr Raffinesse und Innovation. Die sorgf\u00e4ltig ausgew\u00e4hlten Materialien ahmen die pl\u00fcschige Textur von echtem Matelass\u00e9 nach und bieten eine grausamkeitsfreie Alternative f\u00fcr Modefans, die Stil mit ethischen Erw\u00e4gungen verbinden wollen.<\/p>\n<p>Das Reps Arcadie Matelass\u00e9 ist ein vielseitiges Accessoire, das sich m\u00fchelos mit verschiedenen Stilen kombinieren l\u00e4sst. Es wurde f\u00fcr modische \u00c4sthetik und allt\u00e4gliche Funktionalit\u00e4t entwickelt. Sein unverwechselbares Steppmuster verleiht ihm einen Hauch von Luxus und macht ihn zu einem Highlight f\u00fcr jede Gelegenheit.<\/p>\n<p>Peppen Sie Ihr Ensemble mit der Miu Miu Reps Arcadie Matelass\u00e9 auf &#8211; eine makellose Reproduktion, die den Charme des Originaldesigns einf\u00e4ngt. Egal, ob Sie ins B\u00fcro oder zu einem gesellschaftlichen Ereignis gehen, lassen Sie diese Replik Handtasche Ihren Stil mit ihrem zeitlosen Reiz neu definieren. Tauchen Sie ein in die Welt von Miu Miu, in der Raffinesse auf Innovation trifft, und setzen Sie mit der Arcadie Matelass\u00e9 als Ihrem modischen Begleiter ein mutiges Statement.<\/p>\n","protected":false},"excerpt":{"rendered":"<p>Die Miu Miu Reps Arcadie Matelass\u00e9 ist eine bezaubernde Mischung aus Luxus und zeitgen\u00f6ssischem Charme, die in sorgf\u00e4ltiger&hellip;<\/p>\n","protected":false},"featured_media":14719,"comment_status":"open","ping_status":"closed","template":"","meta":{"_acf_changed":false},"product_cat":[688,789,791],"product_tag":[686],"class_list":{"0":"post-15311","1":"product","2":"type-product","3":"status-publish","4":"has-post-thumbnail","6":"product_cat-damen-replica-kollektion","7":"product_cat-replica-taschen-fuer-damen","8":"product_cat-umhaengetaschen-schultertaschen-fuer-damen","9":"product_tag-frauen","10":"product_brand-miu-miu-replica","12":"first","13":"instock","14":"sale","15":"taxable","16":"shipping-taxable","17":"purchasable","18":"product-type-variable"},"acf":[],"jetpack_sharing_enabled":true,"_links":{"self":[{"href":"https:\/\/basereps.com\/de\/wp-json\/wp\/v2\/product\/15311","targetHints":{"allow":["GET"]}}],"collection":[{"href":"https:\/\/basereps.com\/de\/wp-json\/wp\/v2\/product"}],"about":[{"href":"https:\/\/basereps.com\/de\/wp-json\/wp\/v2\/types\/product"}],"replies":[{"embeddable":true,"href":"https:\/\/basereps.com\/de\/wp-json\/wp\/v2\/comments?post=15311"}],"version-history":[{"count":1,"href":"https:\/\/basereps.com\/de\/wp-json\/wp\/v2\/product\/15311\/revisions"}],"predecessor-version":[{"id":17259,"href":"https:\/\/basereps.com\/de\/wp-json\/wp\/v2\/product\/15311\/revisions\/17259"}],"wp:featuredmedia":[{"embeddable":true,"href":"https:\/\/basereps.com\/de\/wp-json\/wp\/v2\/media\/14719"}],"wp:attachment":[{"href":"https:\/\/basereps.com\/de\/wp-json\/wp\/v2\/media?parent=15311"}],"wp:term":[{"taxonomy":"product_cat","embeddable":true,"href":"https:\/\/basereps.com\/de\/wp-json\/wp\/v2\/product_cat?post=15311"},{"taxonomy":"product_tag","embeddable":true,"href":"https:\/\/basereps.com\/de\/wp-json\/wp\/v2\/product_tag?post=15311"}],"curies":[{"name":"wp","href":"https:\/\/api.w.org\/{rel}","templated":true}]}}