{"id":15295,"date":"2023-10-31T11:20:31","date_gmt":"2023-10-31T11:20:31","guid":{"rendered":"https:\/\/basereps.com\/dauphine-kette-brieftasche\/"},"modified":"2024-04-13T22:47:38","modified_gmt":"2024-04-13T22:47:38","slug":"dauphine-kette-brieftasche","status":"publish","type":"product","link":"https:\/\/basereps.com\/de\/produkt\/dauphine-kette-brieftasche\/","title":{"rendered":"Dauphine Kette Brieftasche"},"content":{"rendered":"<p>Erleben Sie Luxus und Funktionalit\u00e4t mit der Dauphine Chain Wallet. Dieses exquisite St\u00fcck mit seinen aufw\u00e4ndigen Details und seinem tadellosen Design ist mehr als nur eine Brieftasche &#8211; es ist ein Statement der Eleganz. Ob Sie eine schnelle Besorgung machen oder zu einer glamour\u00f6sen Abendveranstaltung gehen, die Dauphine Chain Wallet sorgt daf\u00fcr, dass Sie dies mit Raffinesse tun.<\/p>\n","protected":false},"excerpt":{"rendered":"<p>Erleben Sie Luxus und Funktionalit\u00e4t mit der Dauphine Chain Wallet. Dieses exquisite St\u00fcck mit seinen aufw\u00e4ndigen Details und&hellip;<\/p>\n","protected":false},"featured_media":12168,"comment_status":"open","ping_status":"closed","template":"","meta":{"_acf_changed":false},"product_cat":[694,688,777],"product_tag":[909],"class_list":{"0":"post-15295","1":"product","2":"type-product","3":"status-publish","4":"has-post-thumbnail","6":"product_cat-accessoires-fuer-damen","7":"product_cat-damen-replica-kollektion","8":"product_cat-geldboersen-fuer-damen","9":"product_tag-women-de","11":"first","12":"outofstock","13":"sale","14":"taxable","15":"shipping-taxable","16":"purchasable","17":"product-type-variable"},"acf":[],"jetpack_sharing_enabled":true,"_links":{"self":[{"href":"https:\/\/basereps.com\/de\/wp-json\/wp\/v2\/product\/15295","targetHints":{"allow":["GET"]}}],"collection":[{"href":"https:\/\/basereps.com\/de\/wp-json\/wp\/v2\/product"}],"about":[{"href":"https:\/\/basereps.com\/de\/wp-json\/wp\/v2\/types\/product"}],"replies":[{"embeddable":true,"href":"https:\/\/basereps.com\/de\/wp-json\/wp\/v2\/comments?post=15295"}],"version-history":[{"count":1,"href":"https:\/\/basereps.com\/de\/wp-json\/wp\/v2\/product\/15295\/revisions"}],"predecessor-version":[{"id":17265,"href":"https:\/\/basereps.com\/de\/wp-json\/wp\/v2\/product\/15295\/revisions\/17265"}],"wp:featuredmedia":[{"embeddable":true,"href":"https:\/\/basereps.com\/de\/wp-json\/wp\/v2\/media\/12168"}],"wp:attachment":[{"href":"https:\/\/basereps.com\/de\/wp-json\/wp\/v2\/media?parent=15295"}],"wp:term":[{"taxonomy":"product_cat","embeddable":true,"href":"https:\/\/basereps.com\/de\/wp-json\/wp\/v2\/product_cat?post=15295"},{"taxonomy":"product_tag","embeddable":true,"href":"https:\/\/basereps.com\/de\/wp-json\/wp\/v2\/product_tag?post=15295"}],"curies":[{"name":"wp","href":"https:\/\/api.w.org\/{rel}","templated":true}]}}