{"id":15279,"date":"2023-10-31T11:22:01","date_gmt":"2023-10-31T11:22:01","guid":{"rendered":"https:\/\/basereps.com\/premium-beanie-mit-stickerei\/"},"modified":"2024-04-13T22:47:31","modified_gmt":"2024-04-13T22:47:31","slug":"premium-beanie-mit-stickerei","status":"publish","type":"product","link":"https:\/\/basereps.com\/de\/produkt\/premium-beanie-mit-stickerei\/","title":{"rendered":"Premium Beanie mit Stickerei"},"content":{"rendered":"<p>Die Premium Embroidered Beanie wertet Ihre Winterkleidung auf. Diese M\u00fctze ist mit exquisiten Stickereien verziert und verbindet Luxus mit Funktionalit\u00e4t, ohne dabei auf W\u00e4rme zu verzichten.<\/p>\n","protected":false},"excerpt":{"rendered":"<p>Die Premium Embroidered Beanie wertet Ihre Winterkleidung auf. Diese M\u00fctze ist mit exquisiten Stickereien verziert und verbindet Luxus&hellip;<\/p>\n","protected":false},"featured_media":12247,"comment_status":"closed","ping_status":"closed","template":"","meta":{"_acf_changed":false},"product_cat":[694,688,793,795,794,695],"product_tag":[686,876],"class_list":{"0":"post-15279","1":"product","2":"type-product","3":"status-publish","4":"has-post-thumbnail","6":"product_cat-accessoires-fuer-damen","7":"product_cat-damen-replica-kollektion","8":"product_cat-herren-kollektion","9":"product_cat-herren-muetzen-reps","10":"product_cat-maenner-accessoires","11":"product_cat-muetzen-fuer-damen","12":"product_tag-frauen","13":"product_tag-maenner","15":"first","16":"instock","17":"sale","18":"taxable","19":"shipping-taxable","20":"purchasable","21":"product-type-variable"},"acf":[],"jetpack_sharing_enabled":true,"_links":{"self":[{"href":"https:\/\/basereps.com\/de\/wp-json\/wp\/v2\/product\/15279","targetHints":{"allow":["GET"]}}],"collection":[{"href":"https:\/\/basereps.com\/de\/wp-json\/wp\/v2\/product"}],"about":[{"href":"https:\/\/basereps.com\/de\/wp-json\/wp\/v2\/types\/product"}],"replies":[{"embeddable":true,"href":"https:\/\/basereps.com\/de\/wp-json\/wp\/v2\/comments?post=15279"}],"version-history":[{"count":1,"href":"https:\/\/basereps.com\/de\/wp-json\/wp\/v2\/product\/15279\/revisions"}],"predecessor-version":[{"id":17255,"href":"https:\/\/basereps.com\/de\/wp-json\/wp\/v2\/product\/15279\/revisions\/17255"}],"wp:featuredmedia":[{"embeddable":true,"href":"https:\/\/basereps.com\/de\/wp-json\/wp\/v2\/media\/12247"}],"wp:attachment":[{"href":"https:\/\/basereps.com\/de\/wp-json\/wp\/v2\/media?parent=15279"}],"wp:term":[{"taxonomy":"product_cat","embeddable":true,"href":"https:\/\/basereps.com\/de\/wp-json\/wp\/v2\/product_cat?post=15279"},{"taxonomy":"product_tag","embeddable":true,"href":"https:\/\/basereps.com\/de\/wp-json\/wp\/v2\/product_tag?post=15279"}],"curies":[{"name":"wp","href":"https:\/\/api.w.org\/{rel}","templated":true}]}}