{"id":15274,"date":"2023-10-31T11:21:05","date_gmt":"2023-10-31T11:21:05","guid":{"rendered":"https:\/\/basereps.com\/classic-medium-klappentasche\/"},"modified":"2024-04-13T22:47:35","modified_gmt":"2024-04-13T22:47:35","slug":"classic-medium-klappentasche","status":"publish","type":"product","link":"https:\/\/basereps.com\/de\/produkt\/classic-medium-klappentasche\/","title":{"rendered":"Classic Medium Klappentasche"},"content":{"rendered":"<p>Die Classic Medium Flap Bag ist der Inbegriff von Eleganz und zeitloser Raffinesse. Diese ikonische Tasche ist ein Grundnahrungsmittel in der Welt der Luxusmode und ziert seit Jahrzehnten die Arme von Stilikonen und Ber\u00fchmtheiten. Sie wurde mit viel Liebe zum Detail gefertigt und verbindet nahtlos Funktionalit\u00e4t mit hochmodischer \u00c4sthetik.<\/p>\n","protected":false},"excerpt":{"rendered":"<p>Die Classic Medium Flap Bag ist der Inbegriff von Eleganz und zeitloser Raffinesse. Diese ikonische Tasche ist ein&hellip;<\/p>\n","protected":false},"featured_media":12211,"comment_status":"closed","ping_status":"closed","template":"","meta":{"_acf_changed":false},"product_cat":[688,789,791],"product_tag":[686],"class_list":{"0":"post-15274","1":"product","2":"type-product","3":"status-publish","4":"has-post-thumbnail","6":"product_cat-damen-replica-kollektion","7":"product_cat-replica-taschen-fuer-damen","8":"product_cat-umhaengetaschen-schultertaschen-fuer-damen","9":"product_tag-frauen","10":"product_brand-replica-chanel","12":"first","13":"instock","14":"sale","15":"taxable","16":"shipping-taxable","17":"purchasable","18":"product-type-variable"},"acf":[],"jetpack_sharing_enabled":true,"_links":{"self":[{"href":"https:\/\/basereps.com\/de\/wp-json\/wp\/v2\/product\/15274","targetHints":{"allow":["GET"]}}],"collection":[{"href":"https:\/\/basereps.com\/de\/wp-json\/wp\/v2\/product"}],"about":[{"href":"https:\/\/basereps.com\/de\/wp-json\/wp\/v2\/types\/product"}],"replies":[{"embeddable":true,"href":"https:\/\/basereps.com\/de\/wp-json\/wp\/v2\/comments?post=15274"}],"version-history":[{"count":1,"href":"https:\/\/basereps.com\/de\/wp-json\/wp\/v2\/product\/15274\/revisions"}],"predecessor-version":[{"id":17260,"href":"https:\/\/basereps.com\/de\/wp-json\/wp\/v2\/product\/15274\/revisions\/17260"}],"wp:featuredmedia":[{"embeddable":true,"href":"https:\/\/basereps.com\/de\/wp-json\/wp\/v2\/media\/12211"}],"wp:attachment":[{"href":"https:\/\/basereps.com\/de\/wp-json\/wp\/v2\/media?parent=15274"}],"wp:term":[{"taxonomy":"product_cat","embeddable":true,"href":"https:\/\/basereps.com\/de\/wp-json\/wp\/v2\/product_cat?post=15274"},{"taxonomy":"product_tag","embeddable":true,"href":"https:\/\/basereps.com\/de\/wp-json\/wp\/v2\/product_tag?post=15274"}],"curies":[{"name":"wp","href":"https:\/\/api.w.org\/{rel}","templated":true}]}}