{"id":15266,"date":"2023-10-31T11:19:13","date_gmt":"2023-10-31T11:19:13","guid":{"rendered":"https:\/\/basereps.com\/fendi-reps-braun-und-schwarz-ff-leder-umhaengetasche\/"},"modified":"2024-04-13T22:47:43","modified_gmt":"2024-04-13T22:47:43","slug":"fendi-reps-braun-und-schwarz-ff-leder-umhaengetasche","status":"publish","type":"product","link":"https:\/\/basereps.com\/de\/produkt\/fendi-reps-braun-und-schwarz-ff-leder-umhaengetasche\/","title":{"rendered":"Fendi Reps Braun und Schwarz FF Leder Umh\u00e4ngetasche"},"content":{"rendered":"<p>Zeitlose Eleganz mit der Fendi Reps Brown and Black FF Leather Shoulder Bag. Diese sorgf\u00e4ltig gefertigte Replik spiegelt die Raffinesse des Originaldesigns von Fendi wider. Diese Umh\u00e4ngetasche vereint Luxus und Stil und bietet eine tierversuchsfreie Alternative f\u00fcr alle, die Extravaganz und ethische Entscheidungen sch\u00e4tzen.<\/p>\n<p>Die braune und schwarze FF Leather Shoulder Bag von Fendi ist ein Beweis f\u00fcr die tadellose Handwerkskunst der Marke. Diese originalgetreue Reproduktion zeigt das FF-Logo-Muster und ist ein vielseitiges Accessoire, das Ihr Ensemble m\u00fchelos mit einem Hauch von ikonischem Flair erg\u00e4nzt.<\/p>\n<p>Die Fendi Reps Brown and Black FF Leather Shoulder Bag wurde f\u00fcr moderne Modebegeisterte entworfen und definiert den klassischen Chic neu. Das Zusammenspiel von braunem und schwarzem Leder sorgt f\u00fcr einen dynamischen Kontrast und macht ihn zu einem Statement f\u00fcr verschiedene Anl\u00e4sse, von l\u00e4ssigen Ausfl\u00fcgen bis hin zu anspruchsvollen Veranstaltungen.<\/p>\n<p>Erh\u00f6hen Sie Ihren Stil mit der Fendi Reps Brown and Black FF Leather Shoulder Bag &#8211; eine Replik, die den Reiz des Originaldesigns verk\u00f6rpert. Ob auf den Stra\u00dfen der Stadt oder bei gesellschaftlichen Anl\u00e4ssen &#8211; mit dieser Umh\u00e4ngetasche mit dem kultigen FF-Logo-Muster definieren Sie Ihr modisches Statement neu. Tauchen Sie ein in die Welt von Fendi, in der Luxus auf ethische Entscheidungen trifft, und setzen Sie ein mutiges Statement mit der braun-schwarzen FF Leather Shoulder Bag als schickem Begleiter.<\/p>\n","protected":false},"excerpt":{"rendered":"<p>Zeitlose Eleganz mit der Fendi Reps Brown and Black FF Leather Shoulder Bag. Diese sorgf\u00e4ltig gefertigte Replik spiegelt&hellip;<\/p>\n","protected":false},"featured_media":14801,"comment_status":"open","ping_status":"closed","template":"","meta":{"_acf_changed":false},"product_cat":[688,789,791],"product_tag":[686],"class_list":{"0":"post-15266","1":"product","2":"type-product","3":"status-publish","4":"has-post-thumbnail","6":"product_cat-damen-replica-kollektion","7":"product_cat-replica-taschen-fuer-damen","8":"product_cat-umhaengetaschen-schultertaschen-fuer-damen","9":"product_tag-frauen","10":"product_brand-fendi-reps","12":"first","13":"instock","14":"sale","15":"taxable","16":"shipping-taxable","17":"purchasable","18":"product-type-variable"},"acf":[],"jetpack_sharing_enabled":true,"_links":{"self":[{"href":"https:\/\/basereps.com\/de\/wp-json\/wp\/v2\/product\/15266","targetHints":{"allow":["GET"]}}],"collection":[{"href":"https:\/\/basereps.com\/de\/wp-json\/wp\/v2\/product"}],"about":[{"href":"https:\/\/basereps.com\/de\/wp-json\/wp\/v2\/types\/product"}],"replies":[{"embeddable":true,"href":"https:\/\/basereps.com\/de\/wp-json\/wp\/v2\/comments?post=15266"}],"version-history":[{"count":1,"href":"https:\/\/basereps.com\/de\/wp-json\/wp\/v2\/product\/15266\/revisions"}],"predecessor-version":[{"id":17271,"href":"https:\/\/basereps.com\/de\/wp-json\/wp\/v2\/product\/15266\/revisions\/17271"}],"wp:featuredmedia":[{"embeddable":true,"href":"https:\/\/basereps.com\/de\/wp-json\/wp\/v2\/media\/14801"}],"wp:attachment":[{"href":"https:\/\/basereps.com\/de\/wp-json\/wp\/v2\/media?parent=15266"}],"wp:term":[{"taxonomy":"product_cat","embeddable":true,"href":"https:\/\/basereps.com\/de\/wp-json\/wp\/v2\/product_cat?post=15266"},{"taxonomy":"product_tag","embeddable":true,"href":"https:\/\/basereps.com\/de\/wp-json\/wp\/v2\/product_tag?post=15266"}],"curies":[{"name":"wp","href":"https:\/\/api.w.org\/{rel}","templated":true}]}}