{"id":15260,"date":"2023-10-31T11:16:39","date_gmt":"2023-10-31T11:16:39","guid":{"rendered":"https:\/\/basereps.com\/jacquemus-reps-blau-bambino\/"},"modified":"2024-04-13T22:48:04","modified_gmt":"2024-04-13T22:48:04","slug":"jacquemus-reps-blau-bambino","status":"publish","type":"product","link":"https:\/\/basereps.com\/de\/produkt\/jacquemus-reps-blau-bambino\/","title":{"rendered":"Jacquemus Reps Blau Bambino"},"content":{"rendered":"<p>Mit dem Jacquemus Reps Blue Bambino wird ein modisches Accessoire vorgestellt, das m\u00fchelos die Essenz der unverwechselbaren Designsprache von Jacquemus verk\u00f6rpert. Diese tadellos gefertigte Replikat-Tasche ist eine Hommage an die kultige Bambino-Kollektion und unterstreicht das Engagement der Marke f\u00fcr zeitgen\u00f6ssische \u00c4sthetik und unvergleichliche Handwerkskunst.<\/p>\n<p>Der Jacquemus Reps Blue Bambino zelebriert minimalistische Eleganz und besticht durch seinen blauen Farbton, der sich nahtlos in verschiedene Stile einf\u00fcgt. Diese Replik ist aus hochwertigen Materialien gefertigt und hat den haptischen Reiz von echtem Leder. Sie spiegelt das Engagement f\u00fcr ethische Entscheidungen wider und entspricht den gewissenhaften Werten des modernen Modebegeisterten.<\/p>\n<p>Der Bambino wurde mit Blick auf Form und Funktion entworfen und bietet einen kompakten und dennoch \u00fcberraschend ger\u00e4umigen Innenraum, in dem Sie Ihre allt\u00e4glichen Utensilien m\u00fchelos unterbringen k\u00f6nnen. Das charakteristische Jacquemus-Logo ziert die Tasche und verleiht Ihrem Ensemble einen Hauch von Wiedererkennung und Raffinesse.<\/p>\n<p>Das Jacquemus Reps Blue Bambino ist eine originalgetreue Reproduktion, die den Charme des Originaldesigns in sich birgt. Tauchen Sie ein in die Welt von Jacquemus, wo Stil auf Substanz trifft. Mit ihrem fesselnden blauen Farbton und dem modernen Design ist diese Replik ein Muss f\u00fcr alle, die die Verschmelzung von Innovation und zeitloser Eleganz sch\u00e4tzen. Setzen Sie ein Zeichen mit dem Jacquemus Reps Blue Bambino &#8211; ein Symbol f\u00fcr modisches Flair und stilistische Raffinesse.<\/p>\n","protected":false},"excerpt":{"rendered":"<p>Mit dem Jacquemus Reps Blue Bambino wird ein modisches Accessoire vorgestellt, das m\u00fchelos die Essenz der unverwechselbaren Designsprache&hellip;<\/p>\n","protected":false},"featured_media":14693,"comment_status":"open","ping_status":"closed","template":"","meta":{"_acf_changed":false},"product_cat":[688,789,791],"product_tag":[686],"class_list":{"0":"post-15260","1":"product","2":"type-product","3":"status-publish","4":"has-post-thumbnail","6":"product_cat-damen-replica-kollektion","7":"product_cat-replica-taschen-fuer-damen","8":"product_cat-umhaengetaschen-schultertaschen-fuer-damen","9":"product_tag-frauen","10":"product_brand-jacquemus-reps","12":"first","13":"instock","14":"sale","15":"taxable","16":"shipping-taxable","17":"purchasable","18":"product-type-variable"},"acf":[],"jetpack_sharing_enabled":true,"_links":{"self":[{"href":"https:\/\/basereps.com\/de\/wp-json\/wp\/v2\/product\/15260","targetHints":{"allow":["GET"]}}],"collection":[{"href":"https:\/\/basereps.com\/de\/wp-json\/wp\/v2\/product"}],"about":[{"href":"https:\/\/basereps.com\/de\/wp-json\/wp\/v2\/types\/product"}],"replies":[{"embeddable":true,"href":"https:\/\/basereps.com\/de\/wp-json\/wp\/v2\/comments?post=15260"}],"version-history":[{"count":1,"href":"https:\/\/basereps.com\/de\/wp-json\/wp\/v2\/product\/15260\/revisions"}],"predecessor-version":[{"id":17291,"href":"https:\/\/basereps.com\/de\/wp-json\/wp\/v2\/product\/15260\/revisions\/17291"}],"wp:featuredmedia":[{"embeddable":true,"href":"https:\/\/basereps.com\/de\/wp-json\/wp\/v2\/media\/14693"}],"wp:attachment":[{"href":"https:\/\/basereps.com\/de\/wp-json\/wp\/v2\/media?parent=15260"}],"wp:term":[{"taxonomy":"product_cat","embeddable":true,"href":"https:\/\/basereps.com\/de\/wp-json\/wp\/v2\/product_cat?post=15260"},{"taxonomy":"product_tag","embeddable":true,"href":"https:\/\/basereps.com\/de\/wp-json\/wp\/v2\/product_tag?post=15260"}],"curies":[{"name":"wp","href":"https:\/\/api.w.org\/{rel}","templated":true}]}}