{"id":15257,"date":"2023-10-31T11:20:06","date_gmt":"2023-10-31T11:20:06","guid":{"rendered":"https:\/\/basereps.com\/miumiu-setzt-auf-schlichten-leder-formalstil\/"},"modified":"2024-04-13T22:47:39","modified_gmt":"2024-04-13T22:47:39","slug":"miumiu-setzt-auf-schlichten-leder-formalstil","status":"publish","type":"product","link":"https:\/\/basereps.com\/de\/produkt\/miumiu-setzt-auf-schlichten-leder-formalstil\/","title":{"rendered":"MiuMiu setzt auf schlichten Leder-Formalstil"},"content":{"rendered":"<p>Der MiuMiu Reps Plain Leather Formal Style strahlt Raffinesse und moderne Eleganz aus und ist eine sorgf\u00e4ltige Replik, die das Originaldesign tadellos widerspiegelt. Dieses vielseitige Accessoire f\u00e4ngt nahtlos die Essenz des ikonischen formellen Stils von Miu Miu ein und ist damit eine tadellose Wahl f\u00fcr alle, die raffinierte Mode sch\u00e4tzen.<\/p>\n<p>Der mit Pr\u00e4zision gefertigte Reps Plain Leather Formal Style von MiuMiu zeigt die Hingabe der Marke zur Exzellenz. Die schlichte Ledertextur erinnert an die authentische Handwerkskunst von MiuMiu und bietet eine tierversuchsfreie Alternative f\u00fcr Modebegeisterte, die ethische Entscheidungen bevorzugen, ohne Kompromisse beim Stil einzugehen.<\/p>\n<p>Diese f\u00fcr formelle Anl\u00e4sse konzipierte Replik ist ein zeitloses Statement, das sich m\u00fchelos mit einer Vielzahl von Ensembles kombinieren l\u00e4sst. Die klassische Silhouette und das dezente Miu Miu-Logo verleihen Ihrem formellen Look einen Hauch von Authentizit\u00e4t und sorgen daf\u00fcr, dass Sie bei jedem Schritt einen bleibenden Eindruck hinterlassen.<\/p>\n<p>Erh\u00f6hen Sie Ihre formelle Kleidung mit der Miu Miu Reps Plain Leather Formal Style &#8211; eine originalgetreue Reproduktion, die den Reiz des Originaldesigns einf\u00e4ngt. Egal, ob Sie an einem Gesch\u00e4ftstreffen oder einer besonderen Veranstaltung teilnehmen, lassen Sie diese Replik Handtasche Ihren formellen Stil mit ihrem zeitlosen Reiz neu definieren. Tauchen Sie ein in die Welt von MiuMiu, in der Raffinesse auf Innovation trifft, und setzen Sie mit dem Plain Leather Formal Style als raffiniertem Accessoire ein mutiges Statement.<\/p>\n","protected":false},"excerpt":{"rendered":"<p>Der MiuMiu Reps Plain Leather Formal Style strahlt Raffinesse und moderne Eleganz aus und ist eine sorgf\u00e4ltige Replik,&hellip;<\/p>\n","protected":false},"featured_media":14735,"comment_status":"open","ping_status":"closed","template":"","meta":{"_acf_changed":false},"product_cat":[688,789,791],"product_tag":[686],"class_list":{"0":"post-15257","1":"product","2":"type-product","3":"status-publish","4":"has-post-thumbnail","6":"product_cat-damen-replica-kollektion","7":"product_cat-replica-taschen-fuer-damen","8":"product_cat-umhaengetaschen-schultertaschen-fuer-damen","9":"product_tag-frauen","10":"product_brand-miu-miu-replica","12":"first","13":"instock","14":"sale","15":"taxable","16":"shipping-taxable","17":"purchasable","18":"product-type-variable"},"acf":[],"jetpack_sharing_enabled":true,"_links":{"self":[{"href":"https:\/\/basereps.com\/de\/wp-json\/wp\/v2\/product\/15257","targetHints":{"allow":["GET"]}}],"collection":[{"href":"https:\/\/basereps.com\/de\/wp-json\/wp\/v2\/product"}],"about":[{"href":"https:\/\/basereps.com\/de\/wp-json\/wp\/v2\/types\/product"}],"replies":[{"embeddable":true,"href":"https:\/\/basereps.com\/de\/wp-json\/wp\/v2\/comments?post=15257"}],"version-history":[{"count":1,"href":"https:\/\/basereps.com\/de\/wp-json\/wp\/v2\/product\/15257\/revisions"}],"predecessor-version":[{"id":17266,"href":"https:\/\/basereps.com\/de\/wp-json\/wp\/v2\/product\/15257\/revisions\/17266"}],"wp:featuredmedia":[{"embeddable":true,"href":"https:\/\/basereps.com\/de\/wp-json\/wp\/v2\/media\/14735"}],"wp:attachment":[{"href":"https:\/\/basereps.com\/de\/wp-json\/wp\/v2\/media?parent=15257"}],"wp:term":[{"taxonomy":"product_cat","embeddable":true,"href":"https:\/\/basereps.com\/de\/wp-json\/wp\/v2\/product_cat?post=15257"},{"taxonomy":"product_tag","embeddable":true,"href":"https:\/\/basereps.com\/de\/wp-json\/wp\/v2\/product_tag?post=15257"}],"curies":[{"name":"wp","href":"https:\/\/api.w.org\/{rel}","templated":true}]}}