{"id":15255,"date":"2023-10-31T11:22:54","date_gmt":"2023-10-31T11:22:54","guid":{"rendered":"https:\/\/basereps.com\/luxurioeser-lederguertel\/"},"modified":"2024-04-13T22:47:26","modified_gmt":"2024-04-13T22:47:26","slug":"luxurioeser-lederguertel","status":"publish","type":"product","link":"https:\/\/basereps.com\/de\/produkt\/luxurioeser-lederguertel\/","title":{"rendered":"Luxuri\u00f6ser Lederg\u00fcrtel"},"content":{"rendered":"<p>Peppen Sie Ihr Ensemble mit dem Luxury Leather Belt auf. Dieser mit Pr\u00e4zision und Liebe zum Detail gefertigte G\u00fcrtel verk\u00f6rpert die Essenz von Luxus und Raffinesse und ist ein unverzichtbares Accessoire f\u00fcr den anspruchsvollen Mann.<\/p>\n","protected":false},"excerpt":{"rendered":"<p>Peppen Sie Ihr Ensemble mit dem Luxury Leather Belt auf. Dieser mit Pr\u00e4zision und Liebe zum Detail gefertigte&hellip;<\/p>\n","protected":false},"featured_media":12281,"comment_status":"closed","ping_status":"closed","template":"","meta":{"_acf_changed":false},"product_cat":[],"product_tag":[910,909],"class_list":{"0":"post-15255","1":"product","2":"type-product","3":"status-publish","4":"has-post-thumbnail","6":"product_tag-men-de","7":"product_tag-women-de","9":"first","10":"instock","11":"sale","12":"taxable","13":"shipping-taxable","14":"purchasable","15":"product-type-variable"},"acf":[],"jetpack_sharing_enabled":true,"_links":{"self":[{"href":"https:\/\/basereps.com\/de\/wp-json\/wp\/v2\/product\/15255","targetHints":{"allow":["GET"]}}],"collection":[{"href":"https:\/\/basereps.com\/de\/wp-json\/wp\/v2\/product"}],"about":[{"href":"https:\/\/basereps.com\/de\/wp-json\/wp\/v2\/types\/product"}],"replies":[{"embeddable":true,"href":"https:\/\/basereps.com\/de\/wp-json\/wp\/v2\/comments?post=15255"}],"version-history":[{"count":1,"href":"https:\/\/basereps.com\/de\/wp-json\/wp\/v2\/product\/15255\/revisions"}],"predecessor-version":[{"id":17252,"href":"https:\/\/basereps.com\/de\/wp-json\/wp\/v2\/product\/15255\/revisions\/17252"}],"wp:featuredmedia":[{"embeddable":true,"href":"https:\/\/basereps.com\/de\/wp-json\/wp\/v2\/media\/12281"}],"wp:attachment":[{"href":"https:\/\/basereps.com\/de\/wp-json\/wp\/v2\/media?parent=15255"}],"wp:term":[{"taxonomy":"product_cat","embeddable":true,"href":"https:\/\/basereps.com\/de\/wp-json\/wp\/v2\/product_cat?post=15255"},{"taxonomy":"product_tag","embeddable":true,"href":"https:\/\/basereps.com\/de\/wp-json\/wp\/v2\/product_tag?post=15255"}],"curies":[{"name":"wp","href":"https:\/\/api.w.org\/{rel}","templated":true}]}}