{"id":15214,"date":"2023-10-31T11:16:11","date_gmt":"2023-10-31T11:16:11","guid":{"rendered":"https:\/\/basereps.com\/mini-eimertasche\/"},"modified":"2024-04-13T22:48:06","modified_gmt":"2024-04-13T22:48:06","slug":"mini-eimertasche","status":"publish","type":"product","link":"https:\/\/basereps.com\/de\/produkt\/mini-eimertasche\/","title":{"rendered":"Mini-Eimertasche"},"content":{"rendered":"<p><span data-preserver-spaces=\"true\">Die <\/span><strong><br \/>\n  <span data-preserver-spaces=\"true\">Mini-Eimertasche<\/span><br \/>\n<\/strong><span data-preserver-spaces=\"true\">  ist ein Meisterwerk des Designs, das meisterhaft den Spagat zwischen Praktikabilit\u00e4t und modischem Stil schafft. Es ist ein unverzichtbares Accessoire f\u00fcr den anspruchsvollen Menschen, der \u00c4sthetik und Nutzen sch\u00e4tzt. Diese Tasche ist nicht nur ein Tr\u00e4ger f\u00fcr das N\u00f6tigste, sondern stellt eine durchdachte Verbindung von Eleganz und Effizienz dar. Seine Vielseitigkeit macht ihn zu einem idealen Begleiter f\u00fcr verschiedene Umgebungen, der sich m\u00fchelos in den Lebensstil derjenigen einf\u00fcgt, die ein dynamisches Leben f\u00fchren und keine Kompromisse beim Stil eingehen wollen. Im Wesentlichen ist die  <\/span><strong><br \/>\n  <span data-preserver-spaces=\"true\">Mini Bucket Bag<\/span><br \/>\n<\/strong><span data-preserver-spaces=\"true\"> zelebriert ein harmonisches Design, das sich nahtlos in den Teppich der allt\u00e4glichen Eleganz einf\u00fcgt.<\/span><\/p>\n","protected":false},"excerpt":{"rendered":"<p>Die Mini-Eimertasche ist ein Meisterwerk des Designs, das meisterhaft den Spagat zwischen Praktikabilit\u00e4t und modischem Stil schafft. Es&hellip;<\/p>\n","protected":false},"featured_media":11910,"comment_status":"open","ping_status":"closed","template":"","meta":{"_acf_changed":false},"product_cat":[688,790,789],"product_tag":[686],"class_list":{"0":"post-15214","1":"product","2":"type-product","3":"status-publish","4":"has-post-thumbnail","6":"product_cat-damen-replica-kollektion","7":"product_cat-mini-taschen-clutches-fuer-damen","8":"product_cat-replica-taschen-fuer-damen","9":"product_tag-frauen","10":"product_brand-marc-jacobs-reps","12":"first","13":"instock","14":"sale","15":"taxable","16":"shipping-taxable","17":"purchasable","18":"product-type-variable"},"acf":[],"jetpack_sharing_enabled":true,"_links":{"self":[{"href":"https:\/\/basereps.com\/de\/wp-json\/wp\/v2\/product\/15214","targetHints":{"allow":["GET"]}}],"collection":[{"href":"https:\/\/basereps.com\/de\/wp-json\/wp\/v2\/product"}],"about":[{"href":"https:\/\/basereps.com\/de\/wp-json\/wp\/v2\/types\/product"}],"replies":[{"embeddable":true,"href":"https:\/\/basereps.com\/de\/wp-json\/wp\/v2\/comments?post=15214"}],"version-history":[{"count":1,"href":"https:\/\/basereps.com\/de\/wp-json\/wp\/v2\/product\/15214\/revisions"}],"predecessor-version":[{"id":17292,"href":"https:\/\/basereps.com\/de\/wp-json\/wp\/v2\/product\/15214\/revisions\/17292"}],"wp:featuredmedia":[{"embeddable":true,"href":"https:\/\/basereps.com\/de\/wp-json\/wp\/v2\/media\/11910"}],"wp:attachment":[{"href":"https:\/\/basereps.com\/de\/wp-json\/wp\/v2\/media?parent=15214"}],"wp:term":[{"taxonomy":"product_cat","embeddable":true,"href":"https:\/\/basereps.com\/de\/wp-json\/wp\/v2\/product_cat?post=15214"},{"taxonomy":"product_tag","embeddable":true,"href":"https:\/\/basereps.com\/de\/wp-json\/wp\/v2\/product_tag?post=15214"}],"curies":[{"name":"wp","href":"https:\/\/api.w.org\/{rel}","templated":true}]}}