{"id":15209,"date":"2023-10-31T11:21:59","date_gmt":"2023-10-31T11:21:59","guid":{"rendered":"https:\/\/basereps.com\/luxurioeser-kaschmirschal-fuer-frauen\/"},"modified":"2024-04-13T22:47:32","modified_gmt":"2024-04-13T22:47:32","slug":"luxurioeser-kaschmirschal-fuer-frauen","status":"publish","type":"product","link":"https:\/\/basereps.com\/de\/produkt\/luxurioeser-kaschmirschal-fuer-frauen\/","title":{"rendered":"Luxuri\u00f6ser Kaschmirschal f\u00fcr Frauen"},"content":{"rendered":"<p>H\u00fcllen Sie sich in den Inbegriff von Luxus mit dem Luxuri\u00f6sen Kaschmirschal f\u00fcr Damen. Aus feinsten Kaschmirfasern gefertigt, verspricht dieser Schal unvergleichliche Weichheit und W\u00e4rme und ist damit ein zeitloses St\u00fcck f\u00fcr die Sammlung jeder anspruchsvollen Frau.<\/p>\n","protected":false},"excerpt":{"rendered":"<p>H\u00fcllen Sie sich in den Inbegriff von Luxus mit dem Luxuri\u00f6sen Kaschmirschal f\u00fcr Damen. Aus feinsten Kaschmirfasern gefertigt,&hellip;<\/p>\n","protected":false},"featured_media":12234,"comment_status":"closed","ping_status":"closed","template":"","meta":{"_acf_changed":false},"product_cat":[694,688,696],"product_tag":[686],"class_list":{"0":"post-15209","1":"product","2":"type-product","3":"status-publish","4":"has-post-thumbnail","6":"product_cat-accessoires-fuer-damen","7":"product_cat-damen-replica-kollektion","8":"product_cat-schals-fuer-damen","9":"product_tag-frauen","11":"first","12":"instock","13":"sale","14":"taxable","15":"shipping-taxable","16":"purchasable","17":"product-type-variable"},"acf":[],"jetpack_sharing_enabled":true,"_links":{"self":[{"href":"https:\/\/basereps.com\/de\/wp-json\/wp\/v2\/product\/15209","targetHints":{"allow":["GET"]}}],"collection":[{"href":"https:\/\/basereps.com\/de\/wp-json\/wp\/v2\/product"}],"about":[{"href":"https:\/\/basereps.com\/de\/wp-json\/wp\/v2\/types\/product"}],"replies":[{"embeddable":true,"href":"https:\/\/basereps.com\/de\/wp-json\/wp\/v2\/comments?post=15209"}],"version-history":[{"count":1,"href":"https:\/\/basereps.com\/de\/wp-json\/wp\/v2\/product\/15209\/revisions"}],"predecessor-version":[{"id":17257,"href":"https:\/\/basereps.com\/de\/wp-json\/wp\/v2\/product\/15209\/revisions\/17257"}],"wp:featuredmedia":[{"embeddable":true,"href":"https:\/\/basereps.com\/de\/wp-json\/wp\/v2\/media\/12234"}],"wp:attachment":[{"href":"https:\/\/basereps.com\/de\/wp-json\/wp\/v2\/media?parent=15209"}],"wp:term":[{"taxonomy":"product_cat","embeddable":true,"href":"https:\/\/basereps.com\/de\/wp-json\/wp\/v2\/product_cat?post=15209"},{"taxonomy":"product_tag","embeddable":true,"href":"https:\/\/basereps.com\/de\/wp-json\/wp\/v2\/product_tag?post=15209"}],"curies":[{"name":"wp","href":"https:\/\/api.w.org\/{rel}","templated":true}]}}