{"id":15183,"date":"2023-10-31T11:21:32","date_gmt":"2023-10-31T11:21:32","guid":{"rendered":"https:\/\/basereps.com\/overlay-wickelschal\/"},"modified":"2024-04-13T22:47:34","modified_gmt":"2024-04-13T22:47:34","slug":"overlay-wickelschal","status":"publish","type":"product","link":"https:\/\/basereps.com\/de\/produkt\/overlay-wickelschal\/","title":{"rendered":"Overlay-Wickelschal"},"content":{"rendered":"<p>Peppen Sie Ihr Ensemble mit dem Overlay-Wickeltuch auf. Mit seinem mehrlagigen Design bietet dieser Schal eine einzigartige Mischung aus Stil und Komfort, die ihn zu einem vielseitigen Accessoire sowohl f\u00fcr legere als auch f\u00fcr formelle Anl\u00e4sse macht.<\/p>\n","protected":false},"excerpt":{"rendered":"<p>Peppen Sie Ihr Ensemble mit dem Overlay-Wickeltuch auf. Mit seinem mehrlagigen Design bietet dieser Schal eine einzigartige Mischung&hellip;<\/p>\n","protected":false},"featured_media":12227,"comment_status":"closed","ping_status":"closed","template":"","meta":{"_acf_changed":false},"product_cat":[694,688,696],"product_tag":[686],"class_list":{"0":"post-15183","1":"product","2":"type-product","3":"status-publish","4":"has-post-thumbnail","6":"product_cat-accessoires-fuer-damen","7":"product_cat-damen-replica-kollektion","8":"product_cat-schals-fuer-damen","9":"product_tag-frauen","11":"first","12":"instock","13":"sale","14":"taxable","15":"shipping-taxable","16":"purchasable","17":"product-type-variable"},"acf":[],"jetpack_sharing_enabled":true,"_links":{"self":[{"href":"https:\/\/basereps.com\/de\/wp-json\/wp\/v2\/product\/15183","targetHints":{"allow":["GET"]}}],"collection":[{"href":"https:\/\/basereps.com\/de\/wp-json\/wp\/v2\/product"}],"about":[{"href":"https:\/\/basereps.com\/de\/wp-json\/wp\/v2\/types\/product"}],"replies":[{"embeddable":true,"href":"https:\/\/basereps.com\/de\/wp-json\/wp\/v2\/comments?post=15183"}],"version-history":[{"count":1,"href":"https:\/\/basereps.com\/de\/wp-json\/wp\/v2\/product\/15183\/revisions"}],"predecessor-version":[{"id":17258,"href":"https:\/\/basereps.com\/de\/wp-json\/wp\/v2\/product\/15183\/revisions\/17258"}],"wp:featuredmedia":[{"embeddable":true,"href":"https:\/\/basereps.com\/de\/wp-json\/wp\/v2\/media\/12227"}],"wp:attachment":[{"href":"https:\/\/basereps.com\/de\/wp-json\/wp\/v2\/media?parent=15183"}],"wp:term":[{"taxonomy":"product_cat","embeddable":true,"href":"https:\/\/basereps.com\/de\/wp-json\/wp\/v2\/product_cat?post=15183"},{"taxonomy":"product_tag","embeddable":true,"href":"https:\/\/basereps.com\/de\/wp-json\/wp\/v2\/product_tag?post=15183"}],"curies":[{"name":"wp","href":"https:\/\/api.w.org\/{rel}","templated":true}]}}