{"id":15181,"date":"2023-10-31T11:22:30","date_gmt":"2023-10-31T11:22:30","guid":{"rendered":"https:\/\/basereps.com\/superweiches-klassisches-kaschmir\/"},"modified":"2024-04-13T22:47:30","modified_gmt":"2024-04-13T22:47:30","slug":"superweiches-klassisches-kaschmir","status":"publish","type":"product","link":"https:\/\/basereps.com\/de\/produkt\/superweiches-klassisches-kaschmir\/","title":{"rendered":"Superweiches klassisches Kaschmir"},"content":{"rendered":"<p>Erleben Sie den Gipfel des Luxus mit dem Super Soft Classic Cashmere. Dieses klassische Kaschmirteil ist f\u00fcr seine unvergleichliche Weichheit und W\u00e4rme bekannt und verspricht, Sie in einen Kokon aus Komfort zu h\u00fcllen, was es zu einer unverzichtbaren Erg\u00e4nzung f\u00fcr jede Garderobe macht.<\/p>\n","protected":false},"excerpt":{"rendered":"<p>Erleben Sie den Gipfel des Luxus mit dem Super Soft Classic Cashmere. Dieses klassische Kaschmirteil ist f\u00fcr seine&hellip;<\/p>\n","protected":false},"featured_media":12263,"comment_status":"closed","ping_status":"closed","template":"","meta":{"_acf_changed":false},"product_cat":[694,688,696],"product_tag":[686],"class_list":{"0":"post-15181","1":"product","2":"type-product","3":"status-publish","4":"has-post-thumbnail","6":"product_cat-accessoires-fuer-damen","7":"product_cat-damen-replica-kollektion","8":"product_cat-schals-fuer-damen","9":"product_tag-frauen","11":"first","12":"instock","13":"sale","14":"taxable","15":"shipping-taxable","16":"purchasable","17":"product-type-variable"},"acf":[],"jetpack_sharing_enabled":true,"_links":{"self":[{"href":"https:\/\/basereps.com\/de\/wp-json\/wp\/v2\/product\/15181","targetHints":{"allow":["GET"]}}],"collection":[{"href":"https:\/\/basereps.com\/de\/wp-json\/wp\/v2\/product"}],"about":[{"href":"https:\/\/basereps.com\/de\/wp-json\/wp\/v2\/types\/product"}],"replies":[{"embeddable":true,"href":"https:\/\/basereps.com\/de\/wp-json\/wp\/v2\/comments?post=15181"}],"version-history":[{"count":1,"href":"https:\/\/basereps.com\/de\/wp-json\/wp\/v2\/product\/15181\/revisions"}],"predecessor-version":[{"id":17253,"href":"https:\/\/basereps.com\/de\/wp-json\/wp\/v2\/product\/15181\/revisions\/17253"}],"wp:featuredmedia":[{"embeddable":true,"href":"https:\/\/basereps.com\/de\/wp-json\/wp\/v2\/media\/12263"}],"wp:attachment":[{"href":"https:\/\/basereps.com\/de\/wp-json\/wp\/v2\/media?parent=15181"}],"wp:term":[{"taxonomy":"product_cat","embeddable":true,"href":"https:\/\/basereps.com\/de\/wp-json\/wp\/v2\/product_cat?post=15181"},{"taxonomy":"product_tag","embeddable":true,"href":"https:\/\/basereps.com\/de\/wp-json\/wp\/v2\/product_tag?post=15181"}],"curies":[{"name":"wp","href":"https:\/\/api.w.org\/{rel}","templated":true}]}}