{"id":15179,"date":"2023-10-31T11:19:11","date_gmt":"2023-10-31T11:19:11","guid":{"rendered":"https:\/\/basereps.com\/tory-burch-reps-mini-tasche-aus-gebuerstetem-kalbsleder\/"},"modified":"2024-04-13T22:47:44","modified_gmt":"2024-04-13T22:47:44","slug":"tory-burch-reps-mini-tasche-aus-gebuerstetem-kalbsleder","status":"publish","type":"product","link":"https:\/\/basereps.com\/de\/produkt\/tory-burch-reps-mini-tasche-aus-gebuerstetem-kalbsleder\/","title":{"rendered":"Tory Burch Reps Mini-Tasche aus geb\u00fcrstetem Kalbsleder"},"content":{"rendered":"<p>Die Tory Burch Reps Mini Bag aus geb\u00fcrstetem Kalbsleder ist eine sorgf\u00e4ltige Replik, die die Essenz von Tory Burchs charakteristischer Raffinesse einf\u00e4ngt. Diese Mini-Tasche ist ein Beweis f\u00fcr das Engagement der Marke f\u00fcr Qualit\u00e4t und bietet eine tierversuchsfreie Alternative f\u00fcr alle, die Stil und ethische Entscheidungen suchen.<\/p>\n<p>Die Mini-Tasche aus geb\u00fcrstetem Kalbsleder von Tory Burch strahlt zeitlose Eleganz aus. Diese originalgetreue Nachbildung enth\u00e4lt die unverwechselbaren Details des authentischen Designs und ist ein vielseitiges Accessoire, das Ihr Ensemble m\u00fchelos mit einem Hauch von ikonischem Flair erg\u00e4nzt.<\/p>\n<p>Die Tory Burch Reps Mini Bag aus geb\u00fcrstetem Kalbsleder wurde f\u00fcr moderne Trendsetterinnen entworfen und vereint Mode und Funktionalit\u00e4t. Seine kompakte Gr\u00f6\u00dfe macht ihn zu einem idealen Begleiter f\u00fcr verschiedene Anl\u00e4sse, von legeren Ausfl\u00fcgen bis hin zu eleganten Veranstaltungen.<\/p>\n<p>Erh\u00f6hen Sie Ihren Stil mit der Tory Burch Reps Mini Bag aus geb\u00fcrstetem Kalbsleder &#8211; ein Replikat, das den Charme des Originaldesigns in sich vereint. Egal, ob Sie durch die Stra\u00dfen der Stadt schlendern oder ein gesellschaftliches Ereignis besuchen, diese Mini-Tasche definiert Ihr Modestatement mit ihrem ikonischen Flair neu. Tauchen Sie ein in die Welt von Tory Burch, wo Luxus auf ethische Entscheidungen trifft, und setzen Sie ein mutiges Statement mit der Mini Bag aus geb\u00fcrstetem Kalbsleder als schickes Accessoire.<\/p>\n","protected":false},"excerpt":{"rendered":"<p>Die Tory Burch Reps Mini Bag aus geb\u00fcrstetem Kalbsleder ist eine sorgf\u00e4ltige Replik, die die Essenz von Tory&hellip;<\/p>\n","protected":false},"featured_media":14806,"comment_status":"open","ping_status":"closed","template":"","meta":{"_acf_changed":false},"product_cat":[688,790,789,791],"product_tag":[686],"class_list":{"0":"post-15179","1":"product","2":"type-product","3":"status-publish","4":"has-post-thumbnail","6":"product_cat-damen-replica-kollektion","7":"product_cat-mini-taschen-clutches-fuer-damen","8":"product_cat-replica-taschen-fuer-damen","9":"product_cat-umhaengetaschen-schultertaschen-fuer-damen","10":"product_tag-frauen","11":"product_brand-tory-burch-reps","13":"first","14":"instock","15":"sale","16":"taxable","17":"shipping-taxable","18":"purchasable","19":"product-type-variable"},"acf":[],"jetpack_sharing_enabled":true,"_links":{"self":[{"href":"https:\/\/basereps.com\/de\/wp-json\/wp\/v2\/product\/15179","targetHints":{"allow":["GET"]}}],"collection":[{"href":"https:\/\/basereps.com\/de\/wp-json\/wp\/v2\/product"}],"about":[{"href":"https:\/\/basereps.com\/de\/wp-json\/wp\/v2\/types\/product"}],"replies":[{"embeddable":true,"href":"https:\/\/basereps.com\/de\/wp-json\/wp\/v2\/comments?post=15179"}],"version-history":[{"count":1,"href":"https:\/\/basereps.com\/de\/wp-json\/wp\/v2\/product\/15179\/revisions"}],"predecessor-version":[{"id":17273,"href":"https:\/\/basereps.com\/de\/wp-json\/wp\/v2\/product\/15179\/revisions\/17273"}],"wp:featuredmedia":[{"embeddable":true,"href":"https:\/\/basereps.com\/de\/wp-json\/wp\/v2\/media\/14806"}],"wp:attachment":[{"href":"https:\/\/basereps.com\/de\/wp-json\/wp\/v2\/media?parent=15179"}],"wp:term":[{"taxonomy":"product_cat","embeddable":true,"href":"https:\/\/basereps.com\/de\/wp-json\/wp\/v2\/product_cat?post=15179"},{"taxonomy":"product_tag","embeddable":true,"href":"https:\/\/basereps.com\/de\/wp-json\/wp\/v2\/product_tag?post=15179"}],"curies":[{"name":"wp","href":"https:\/\/api.w.org\/{rel}","templated":true}]}}