{"id":15178,"date":"2023-10-31T11:16:45","date_gmt":"2023-10-31T11:16:45","guid":{"rendered":"https:\/\/basereps.com\/schwarze-einkaufstasche-medium\/"},"modified":"2024-04-13T22:47:55","modified_gmt":"2024-04-13T22:47:55","slug":"schwarze-einkaufstasche-medium","status":"publish","type":"product","link":"https:\/\/basereps.com\/de\/produkt\/schwarze-einkaufstasche-medium\/","title":{"rendered":"Schwarze Einkaufstasche Medium"},"content":{"rendered":"<p>Die Medium Black Shopping Bag ist ein Beweis f\u00fcr zeitlose Funktionalit\u00e4t gepaart mit schlichter Eleganz. Schwarz, eine Farbe, die seit jeher f\u00fcr Raffinesse, Macht und Vielseitigkeit steht, verleiht dieser Tasche eine universelle Anziehungskraft, die \u00fcber fl\u00fcchtige Modetrends hinausgeht. Einkaufstaschen, deren Urspr\u00fcnge auf den fr\u00fchen M\u00e4rkten und Basaren liegen, haben sich im Laufe der Jahrhunderte von reinen Gebrauchsgegenst\u00e4nden zu modischen Statements entwickelt. Diese mittelgro\u00dfe schwarze Version ist eine Hommage an diese Reise und bietet ein modernes Design, das jedes Ensemble erg\u00e4nzt.<\/p>\n","protected":false},"excerpt":{"rendered":"<p>Die Medium Black Shopping Bag ist ein Beweis f\u00fcr zeitlose Funktionalit\u00e4t gepaart mit schlichter Eleganz. Schwarz, eine Farbe,&hellip;<\/p>\n","protected":false},"featured_media":11966,"comment_status":"open","ping_status":"closed","template":"","meta":{"_acf_changed":false},"product_cat":[688,789,792,791],"product_tag":[686],"class_list":{"0":"post-15178","1":"product","2":"type-product","3":"status-publish","4":"has-post-thumbnail","6":"product_cat-damen-replica-kollektion","7":"product_cat-replica-taschen-fuer-damen","8":"product_cat-tote-bags-fuer-damen","9":"product_cat-umhaengetaschen-schultertaschen-fuer-damen","10":"product_tag-frauen","12":"first","13":"instock","14":"sale","15":"taxable","16":"shipping-taxable","17":"purchasable","18":"product-type-variable"},"acf":[],"jetpack_sharing_enabled":true,"_links":{"self":[{"href":"https:\/\/basereps.com\/de\/wp-json\/wp\/v2\/product\/15178","targetHints":{"allow":["GET"]}}],"collection":[{"href":"https:\/\/basereps.com\/de\/wp-json\/wp\/v2\/product"}],"about":[{"href":"https:\/\/basereps.com\/de\/wp-json\/wp\/v2\/types\/product"}],"replies":[{"embeddable":true,"href":"https:\/\/basereps.com\/de\/wp-json\/wp\/v2\/comments?post=15178"}],"version-history":[{"count":1,"href":"https:\/\/basereps.com\/de\/wp-json\/wp\/v2\/product\/15178\/revisions"}],"predecessor-version":[{"id":17288,"href":"https:\/\/basereps.com\/de\/wp-json\/wp\/v2\/product\/15178\/revisions\/17288"}],"wp:featuredmedia":[{"embeddable":true,"href":"https:\/\/basereps.com\/de\/wp-json\/wp\/v2\/media\/11966"}],"wp:attachment":[{"href":"https:\/\/basereps.com\/de\/wp-json\/wp\/v2\/media?parent=15178"}],"wp:term":[{"taxonomy":"product_cat","embeddable":true,"href":"https:\/\/basereps.com\/de\/wp-json\/wp\/v2\/product_cat?post=15178"},{"taxonomy":"product_tag","embeddable":true,"href":"https:\/\/basereps.com\/de\/wp-json\/wp\/v2\/product_tag?post=15178"}],"curies":[{"name":"wp","href":"https:\/\/api.w.org\/{rel}","templated":true}]}}