{"id":15177,"date":"2023-10-31T11:18:16","date_gmt":"2023-10-31T11:18:16","guid":{"rendered":"https:\/\/basereps.com\/burberry-reps-bowlingtasche-aus-leinen\/"},"modified":"2024-04-13T22:47:53","modified_gmt":"2024-04-13T22:47:53","slug":"burberry-reps-bowlingtasche-aus-leinen","status":"publish","type":"product","link":"https:\/\/basereps.com\/de\/produkt\/burberry-reps-bowlingtasche-aus-leinen\/","title":{"rendered":"Burberry Reps Bowlingtasche aus Leinen"},"content":{"rendered":"<p>Die Burberry Reps Linen Bowling Bag verbindet m\u00fchelos zeitlose Eleganz mit modernem Stil. Diese sorgf\u00e4ltig gefertigte Replikat-Tasche spiegelt das ikonische Design von Burberry wider, jetzt neu interpretiert in luxuri\u00f6sem Leinen f\u00fcr einen frischen und anspruchsvollen Look.<\/p>\n<p>Die Burberry Reps Linen Bowling Bag zelebriert das Engagement der Marke f\u00fcr Exzellenz. Das sorgf\u00e4ltig ausgew\u00e4hlte Leinenmaterial entspricht dem Gef\u00fchl von authentischer Burberry-Handwerkskunst und bietet eine nachhaltige und tierversuchsfreie Alternative f\u00fcr anspruchsvolle Modefans.<\/p>\n<p>Die Leinen-Bowlingtasche, die sowohl modisch als auch funktional ist, ist ein ger\u00e4umiger und stilvoller Begleiter f\u00fcr jede Gelegenheit. Ihre klassische Silhouette ist mit dem charakteristischen Burberry-Muster verziert, das ihr einen Hauch von Authentizit\u00e4t verleiht und sie zu einem unverzichtbaren Accessoire f\u00fcr alle macht, die die Verschmelzung von Tradition und Moderne sch\u00e4tzen.<\/p>\n<p>Werten Sie Ihr Ensemble mit der Burberry Reps Linen Bowling Bag auf &#8211; eine originalgetreue Reproduktion, die die Essenz des Originaldesigns einf\u00e4ngt. Egal, ob Sie durch die Stadt schlendern oder ein gesellschaftliches Ereignis besuchen, diese Replik-Tasche definiert Ihren Stil mit ihrem zeitlosen Reiz neu. Tauchen Sie ein in die Burberry-Welt, in der Tradition auf Innovation trifft, und setzen Sie mit der Leinen-Bowlingtasche als Ihrem modischen Begleiter ein mutiges Statement.<\/p>\n","protected":false},"excerpt":{"rendered":"<p>Die Burberry Reps Linen Bowling Bag verbindet m\u00fchelos zeitlose Eleganz mit modernem Stil. Diese sorgf\u00e4ltig gefertigte Replikat-Tasche spiegelt&hellip;<\/p>\n","protected":false},"featured_media":14714,"comment_status":"open","ping_status":"closed","template":"","meta":{"_acf_changed":false},"product_cat":[688,789,792,791],"product_tag":[686],"class_list":{"0":"post-15177","1":"product","2":"type-product","3":"status-publish","4":"has-post-thumbnail","6":"product_cat-damen-replica-kollektion","7":"product_cat-replica-taschen-fuer-damen","8":"product_cat-tote-bags-fuer-damen","9":"product_cat-umhaengetaschen-schultertaschen-fuer-damen","10":"product_tag-frauen","11":"product_brand-burberry-reps","13":"first","14":"instock","15":"sale","16":"taxable","17":"shipping-taxable","18":"purchasable","19":"product-type-variable"},"acf":[],"jetpack_sharing_enabled":true,"_links":{"self":[{"href":"https:\/\/basereps.com\/de\/wp-json\/wp\/v2\/product\/15177","targetHints":{"allow":["GET"]}}],"collection":[{"href":"https:\/\/basereps.com\/de\/wp-json\/wp\/v2\/product"}],"about":[{"href":"https:\/\/basereps.com\/de\/wp-json\/wp\/v2\/types\/product"}],"replies":[{"embeddable":true,"href":"https:\/\/basereps.com\/de\/wp-json\/wp\/v2\/comments?post=15177"}],"version-history":[{"count":1,"href":"https:\/\/basereps.com\/de\/wp-json\/wp\/v2\/product\/15177\/revisions"}],"predecessor-version":[{"id":17283,"href":"https:\/\/basereps.com\/de\/wp-json\/wp\/v2\/product\/15177\/revisions\/17283"}],"wp:featuredmedia":[{"embeddable":true,"href":"https:\/\/basereps.com\/de\/wp-json\/wp\/v2\/media\/14714"}],"wp:attachment":[{"href":"https:\/\/basereps.com\/de\/wp-json\/wp\/v2\/media?parent=15177"}],"wp:term":[{"taxonomy":"product_cat","embeddable":true,"href":"https:\/\/basereps.com\/de\/wp-json\/wp\/v2\/product_cat?post=15177"},{"taxonomy":"product_tag","embeddable":true,"href":"https:\/\/basereps.com\/de\/wp-json\/wp\/v2\/product_tag?post=15177"}],"curies":[{"name":"wp","href":"https:\/\/api.w.org\/{rel}","templated":true}]}}