{"id":15171,"date":"2023-10-31T11:07:42","date_gmt":"2023-10-31T11:07:42","guid":{"rendered":"https:\/\/basereps.com\/lv-replik-tasche-loop-blau\/"},"modified":"2024-04-13T22:48:37","modified_gmt":"2024-04-13T22:48:37","slug":"lv-replik-tasche-loop-blau","status":"publish","type":"product","link":"https:\/\/basereps.com\/de\/produkt\/lv-replik-tasche-loop-blau\/","title":{"rendered":"LV Replik Tasche Loop Blau"},"content":{"rendered":"<p><span data-preserver-spaces=\"true\">Der Inbegriff von Stil und Raffinesse: die <\/span><strong><br \/>\n  <span data-preserver-spaces=\"true\">LV Replik Tasche Loop Blau<\/span><br \/>\n<\/strong><span data-preserver-spaces=\"true\">  ist ein modisches Statement, das Luxus und Erschwinglichkeit nahtlos miteinander verbindet. Tauchen Sie mit dieser sorgf\u00e4ltig gefertigten Replik, die das ikonische Design von Louis Vuitton widerspiegelt, in die \u00c4sthetik der Spitzenklasse ein. Die  <\/span><strong><br \/>\n  <span data-preserver-spaces=\"true\">LV Replica Tasche Loop Blue<\/span><br \/>\n<\/strong><span data-preserver-spaces=\"true\"> ist ein Beweis f\u00fcr exquisite Handwerkskunst und Liebe zum Detail und sieht dem Original verbl\u00fcffend \u00e4hnlich.<\/span><\/p>\n<p><span data-preserver-spaces=\"true\">Lassen Sie sich von dem azurblauen Farbton verf\u00fchren, wenn die <\/span><strong><br \/>\n  <span data-preserver-spaces=\"true\">LV Replik Tasche Loop Blau<\/span><br \/>\n<\/strong><span data-preserver-spaces=\"true\">  steht im Mittelpunkt Ihrer Accessoire-Kollektion. Diese Replik strahlt mit ihrem geschlungenen Design Eleganz aus und schafft eine harmonische Verbindung von zeitgen\u00f6ssischen Trends und zeitlosem Charme. Die mit Pr\u00e4zision gefertigten Details dieser Replik fangen die Essenz der ber\u00fchmten Marke Louis Vuitton ein.<\/span><\/p>\n<p><span data-preserver-spaces=\"true\">Die Vielseitigkeit der <\/span><strong><br \/>\n  <span data-preserver-spaces=\"true\">LV Replik Tasche Loop Blau<\/span><br \/>\n<\/strong><span data-preserver-spaces=\"true\">  kennt keine Grenzen und l\u00e4sst sich m\u00fchelos von zwanglosen Ausfl\u00fcgen bis hin zu formellen Anl\u00e4ssen kombinieren. Der bezaubernde Blauton verleiht jedem Ensemble einen Hauch von Raffinesse und setzt ein gewagtes Modestatement, wo immer Sie hingehen. Das Schlaufendesign ist nicht nur \u00e4sthetisch ansprechend, sondern auch ein praktisches Element, das ein bequemes und stilvolles Tragen erm\u00f6glicht.<\/span><\/p>\n<p><span data-preserver-spaces=\"true\">Bringen Sie einen Hauch von Luxus in Ihre Garderobe mit der <\/span><strong><br \/>\n  <span data-preserver-spaces=\"true\">LV Replik Tasche Loop Blau<\/span><br \/>\n<\/strong><span data-preserver-spaces=\"true\">. Diese Replikat-Tasche ist mehr als ein Accessoire; sie symbolisiert Ihren anspruchsvollen Geschmack und Ihre Wertsch\u00e4tzung f\u00fcr kultige Designs. Erh\u00f6hen Sie Ihren Stil, ohne Kompromisse bei der Qualit\u00e4t einzugehen, und lassen Sie die  <\/span><strong><br \/>\n  <span data-preserver-spaces=\"true\">LV Replik Tasche<\/span><br \/>\n<\/strong><span data-preserver-spaces=\"true\"> ist Ihr modischer Begleiter, der mit seiner unbestreitbaren Anziehungskraft die Blicke auf sich zieht und f\u00fcr Gespr\u00e4chsstoff sorgt.<\/span><\/p>\n","protected":false},"excerpt":{"rendered":"<p>Der Inbegriff von Stil und Raffinesse: die LV Replik Tasche Loop Blau ist ein modisches Statement, das Luxus&hellip;<\/p>\n","protected":false},"featured_media":14468,"comment_status":"open","ping_status":"closed","template":"","meta":{"_acf_changed":false},"product_cat":[688,820,789,791],"product_tag":[686],"class_list":{"0":"post-15171","1":"product","2":"type-product","3":"status-publish","4":"has-post-thumbnail","6":"product_cat-damen-replica-kollektion","7":"product_cat-online-produkte-verkaufen","8":"product_cat-replica-taschen-fuer-damen","9":"product_cat-umhaengetaschen-schultertaschen-fuer-damen","10":"product_tag-frauen","11":"product_brand-louis-vuitton-replica","13":"first","14":"instock","15":"sale","16":"taxable","17":"shipping-taxable","18":"purchasable","19":"product-type-variable"},"acf":[],"jetpack_sharing_enabled":true,"_links":{"self":[{"href":"https:\/\/basereps.com\/de\/wp-json\/wp\/v2\/product\/15171","targetHints":{"allow":["GET"]}}],"collection":[{"href":"https:\/\/basereps.com\/de\/wp-json\/wp\/v2\/product"}],"about":[{"href":"https:\/\/basereps.com\/de\/wp-json\/wp\/v2\/types\/product"}],"replies":[{"embeddable":true,"href":"https:\/\/basereps.com\/de\/wp-json\/wp\/v2\/comments?post=15171"}],"version-history":[{"count":1,"href":"https:\/\/basereps.com\/de\/wp-json\/wp\/v2\/product\/15171\/revisions"}],"predecessor-version":[{"id":17327,"href":"https:\/\/basereps.com\/de\/wp-json\/wp\/v2\/product\/15171\/revisions\/17327"}],"wp:featuredmedia":[{"embeddable":true,"href":"https:\/\/basereps.com\/de\/wp-json\/wp\/v2\/media\/14468"}],"wp:attachment":[{"href":"https:\/\/basereps.com\/de\/wp-json\/wp\/v2\/media?parent=15171"}],"wp:term":[{"taxonomy":"product_cat","embeddable":true,"href":"https:\/\/basereps.com\/de\/wp-json\/wp\/v2\/product_cat?post=15171"},{"taxonomy":"product_tag","embeddable":true,"href":"https:\/\/basereps.com\/de\/wp-json\/wp\/v2\/product_tag?post=15171"}],"curies":[{"name":"wp","href":"https:\/\/api.w.org\/{rel}","templated":true}]}}