{"id":15148,"date":"2023-10-31T11:04:22","date_gmt":"2023-10-31T11:04:22","guid":{"rendered":"https:\/\/basereps.com\/rote-kalbsleder-mini-crossbody-tasche-mit-pm-praegung\/"},"modified":"2024-04-13T22:48:43","modified_gmt":"2024-04-13T22:48:43","slug":"rote-kalbsleder-mini-crossbody-tasche-mit-pm-praegung","status":"publish","type":"product","link":"https:\/\/basereps.com\/de\/produkt\/rote-kalbsleder-mini-crossbody-tasche-mit-pm-praegung\/","title":{"rendered":"Rote Kalbsleder Mini Crossbody Tasche mit PM-Pr\u00e4gung"},"content":{"rendered":"<p><span data-preserver-spaces=\"true\">Erh\u00f6hen Sie Ihren Stil mit dem exquisiten Charme der <\/span><strong><br \/>\n  <span data-preserver-spaces=\"true\">Mini-PM Crossbody Bag aus rotem Kalbsleder mit Pr\u00e4gung<\/span><br \/>\n<\/strong><span data-preserver-spaces=\"true\">-ein wahrer Inbegriff von Raffinesse und zeitgem\u00e4\u00dfer Mode. Diese mit viel Liebe zum Detail entworfene Handtasche vereint m\u00fchelos den faszinierenden Charme von leuchtend rotem Kalbsleder mit der schlichten Eleganz eines PM-Musters mit Mini-Pr\u00e4gung. Das Ergebnis ist ein schickes und vielseitiges Accessoire, das m\u00fchelos die Aufmerksamkeit auf sich zieht, wohin auch immer Ihre Reise Sie f\u00fchrt.<\/span><\/p>\n<p><span data-preserver-spaces=\"true\">Die <\/span><strong><br \/>\n  <span data-preserver-spaces=\"true\">Rote Kalbsleder Mini gepr\u00e4gte PM Crossbody Tasche<\/span><br \/>\n<\/strong><span data-preserver-spaces=\"true\">  zeichnet sich durch eine kompakte Silhouette aus, die keine Kompromisse bei der Praktikabilit\u00e4t eingeht. Das Crossbody-Design erm\u00f6glicht es, die H\u00e4nde frei zu haben, und macht sie zu einem idealen Begleiter sowohl f\u00fcr legere Ausfl\u00fcge als auch f\u00fcr formellere Anl\u00e4sse. Das sorgf\u00e4ltig gepr\u00e4gte PM-Muster verleiht der Tasche im Miniformat einen Hauch von Raffinesse und schafft eine harmonische Verbindung von zeitgen\u00f6ssischen Trends und zeitloser Eleganz.<\/span><\/p>\n<p><span data-preserver-spaces=\"true\">Lassen Sie sich von der Verlockung der <\/span><strong><br \/>\n  <span data-preserver-spaces=\"true\">Mini-PM Crossbody Bag aus rotem Kalbsleder mit Pr\u00e4gung<\/span><br \/>\n<\/strong><span data-preserver-spaces=\"true\">-ein fesselndes Accessoire, das die Essenz von Luxus und modernem Design verk\u00f6rpert. Mit dieser stilvollen Crossbody-Tasche werten Sie Ihr Ensemble auf. Das leuchtend rote Kalbsleder, das aufw\u00e4ndige gepr\u00e4gte PM-Muster und das praktische Design machen sie zu einem modischen Statement, das in jeder Menge auff\u00e4llt.<\/span><\/p>\n","protected":false},"excerpt":{"rendered":"<p>Erh\u00f6hen Sie Ihren Stil mit dem exquisiten Charme der Mini-PM Crossbody Bag aus rotem Kalbsleder mit Pr\u00e4gung -ein&hellip;<\/p>\n","protected":false},"featured_media":14459,"comment_status":"open","ping_status":"closed","template":"","meta":{"_acf_changed":false},"product_cat":[688,820,789,791],"product_tag":[686],"class_list":{"0":"post-15148","1":"product","2":"type-product","3":"status-publish","4":"has-post-thumbnail","6":"product_cat-damen-replica-kollektion","7":"product_cat-online-produkte-verkaufen","8":"product_cat-replica-taschen-fuer-damen","9":"product_cat-umhaengetaschen-schultertaschen-fuer-damen","10":"product_tag-frauen","11":"product_brand-louis-vuitton-replica","13":"first","14":"instock","15":"sale","16":"taxable","17":"shipping-taxable","18":"purchasable","19":"product-type-variable"},"acf":[],"jetpack_sharing_enabled":true,"_links":{"self":[{"href":"https:\/\/basereps.com\/de\/wp-json\/wp\/v2\/product\/15148","targetHints":{"allow":["GET"]}}],"collection":[{"href":"https:\/\/basereps.com\/de\/wp-json\/wp\/v2\/product"}],"about":[{"href":"https:\/\/basereps.com\/de\/wp-json\/wp\/v2\/types\/product"}],"replies":[{"embeddable":true,"href":"https:\/\/basereps.com\/de\/wp-json\/wp\/v2\/comments?post=15148"}],"version-history":[{"count":1,"href":"https:\/\/basereps.com\/de\/wp-json\/wp\/v2\/product\/15148\/revisions"}],"predecessor-version":[{"id":17331,"href":"https:\/\/basereps.com\/de\/wp-json\/wp\/v2\/product\/15148\/revisions\/17331"}],"wp:featuredmedia":[{"embeddable":true,"href":"https:\/\/basereps.com\/de\/wp-json\/wp\/v2\/media\/14459"}],"wp:attachment":[{"href":"https:\/\/basereps.com\/de\/wp-json\/wp\/v2\/media?parent=15148"}],"wp:term":[{"taxonomy":"product_cat","embeddable":true,"href":"https:\/\/basereps.com\/de\/wp-json\/wp\/v2\/product_cat?post=15148"},{"taxonomy":"product_tag","embeddable":true,"href":"https:\/\/basereps.com\/de\/wp-json\/wp\/v2\/product_tag?post=15148"}],"curies":[{"name":"wp","href":"https:\/\/api.w.org\/{rel}","templated":true}]}}