{"id":15146,"date":"2023-10-31T11:11:43","date_gmt":"2023-10-31T11:11:43","guid":{"rendered":"https:\/\/basereps.com\/harley-reps-umhaengetasche\/"},"modified":"2024-04-13T22:48:18","modified_gmt":"2024-04-13T22:48:18","slug":"harley-reps-umhaengetasche","status":"publish","type":"product","link":"https:\/\/basereps.com\/de\/produkt\/harley-reps-umhaengetasche\/","title":{"rendered":"Harley Reps Umh\u00e4ngetasche"},"content":{"rendered":"<p>Die Harley Reps Shoulder Bag ist eine zeitgem\u00e4\u00dfe Mischung aus Stil und Funktionalit\u00e4t, die moderne Mode definiert. Diese mit viel Liebe zum Detail gefertigte Umh\u00e4ngetasche verk\u00f6rpert die Essenz des urbanen Chics und ist ein unverzichtbares Accessoire f\u00fcr Trendsetter und Modebegeisterte.<\/p>\n<p>Die Harley Reps Umh\u00e4ngetasche besticht durch ihr vielseitiges Design, das nahtlos vom Tag in die Nacht \u00fcbergeht. Sein ger\u00e4umiger Innenraum ist praktisch, ohne Kompromisse beim Stil einzugehen, und bietet reichlich Platz f\u00fcr die Dinge des t\u00e4glichen Bedarfs. Das unverwechselbare, pr\u00e4zise nachgebildete Harley-Logo wird zum Blickfang und verleiht Ihrem Ensemble einen Hauch von urbaner Raffinesse.<\/p>\n<p>Diese Umh\u00e4ngetasche wurde mit Blick auf Langlebigkeit konstruiert und ist ein Zeugnis f\u00fcr hochwertige Handwerkskunst. Die hochwertigen Materialien sorgen f\u00fcr Langlebigkeit und machen ihn zu einem zuverl\u00e4ssigen Begleiter f\u00fcr die t\u00e4glichen Abenteuer. Der verstellbare Schultergurt erh\u00f6ht den Komfort und die Anpassungsf\u00e4higkeit, so dass Sie die Tasche m\u00fchelos in verschiedenen Situationen tragen k\u00f6nnen.<\/p>\n<p>Mit der Harley Reps Umh\u00e4ngetasche, auf der das kultige Harley-Logo im Mittelpunkt steht, sind Sie modisch auf der H\u00f6he der Zeit. Ganz gleich, ob Sie durch die Stra\u00dfen der Stadt schlendern, an gesellschaftlichen Veranstaltungen teilnehmen oder einfach nur Besorgungen machen, diese Umh\u00e4ngetasche setzt ein mutiges Statement. Die Harley Reps Umh\u00e4ngetasche vereint Stil und N\u00fctzlichkeit und ist ein Muss f\u00fcr Ihre Sammlung.<\/p>\n","protected":false},"excerpt":{"rendered":"<p>Die Harley Reps Shoulder Bag ist eine zeitgem\u00e4\u00dfe Mischung aus Stil und Funktionalit\u00e4t, die moderne Mode definiert. Diese&hellip;<\/p>\n","protected":false},"featured_media":14542,"comment_status":"open","ping_status":"closed","template":"","meta":{"_acf_changed":false},"product_cat":[688,789,791],"product_tag":[686],"class_list":{"0":"post-15146","1":"product","2":"type-product","3":"status-publish","4":"has-post-thumbnail","6":"product_cat-damen-replica-kollektion","7":"product_cat-replica-taschen-fuer-damen","8":"product_cat-umhaengetaschen-schultertaschen-fuer-damen","9":"product_tag-frauen","10":"product_brand-coach-reps","12":"first","13":"instock","14":"sale","15":"taxable","16":"shipping-taxable","17":"purchasable","18":"product-type-variable"},"acf":[],"jetpack_sharing_enabled":true,"_links":{"self":[{"href":"https:\/\/basereps.com\/de\/wp-json\/wp\/v2\/product\/15146","targetHints":{"allow":["GET"]}}],"collection":[{"href":"https:\/\/basereps.com\/de\/wp-json\/wp\/v2\/product"}],"about":[{"href":"https:\/\/basereps.com\/de\/wp-json\/wp\/v2\/types\/product"}],"replies":[{"embeddable":true,"href":"https:\/\/basereps.com\/de\/wp-json\/wp\/v2\/comments?post=15146"}],"version-history":[{"count":1,"href":"https:\/\/basereps.com\/de\/wp-json\/wp\/v2\/product\/15146\/revisions"}],"predecessor-version":[{"id":17307,"href":"https:\/\/basereps.com\/de\/wp-json\/wp\/v2\/product\/15146\/revisions\/17307"}],"wp:featuredmedia":[{"embeddable":true,"href":"https:\/\/basereps.com\/de\/wp-json\/wp\/v2\/media\/14542"}],"wp:attachment":[{"href":"https:\/\/basereps.com\/de\/wp-json\/wp\/v2\/media?parent=15146"}],"wp:term":[{"taxonomy":"product_cat","embeddable":true,"href":"https:\/\/basereps.com\/de\/wp-json\/wp\/v2\/product_cat?post=15146"},{"taxonomy":"product_tag","embeddable":true,"href":"https:\/\/basereps.com\/de\/wp-json\/wp\/v2\/product_tag?post=15146"}],"curies":[{"name":"wp","href":"https:\/\/api.w.org\/{rel}","templated":true}]}}