{"id":15132,"date":"2023-10-31T11:13:41","date_gmt":"2023-10-31T11:13:41","guid":{"rendered":"https:\/\/basereps.com\/hermes-reps-birkin-30\/"},"modified":"2024-04-13T22:48:10","modified_gmt":"2024-04-13T22:48:10","slug":"hermes-reps-birkin-30","status":"publish","type":"product","link":"https:\/\/basereps.com\/de\/produkt\/hermes-reps-birkin-30\/","title":{"rendered":"Hermes Reps Birkin 30"},"content":{"rendered":"<p>Wir stellen die Hermes Reps Birkin 30 vor, ein zeitloses Symbol f\u00fcr Eleganz und Luxus. Diese kultige Handtasche, die mit unvergleichlicher Liebe zum Detail gefertigt wurde, spiegelt die Raffinesse des urspr\u00fcnglichen Hermes-Designs wider. Die Hermes Reps Birkin 30 kombiniert exquisite Handwerkskunst mit den feinsten Materialien und pr\u00e4sentiert eine perfekte Replik, die die Essenz der ber\u00fchmten Birkin-Kollektion einf\u00e4ngt.<\/p>\n<p>Erh\u00f6hen Sie Ihren Stil mit der Hermes Reps Birkin 30, mit der unverwechselbaren Silhouette und dem charakteristischen Verschluss, der zum Synonym f\u00fcr die Marke Hermes geworden ist. Das sorgf\u00e4ltig ausgew\u00e4hlte Kunstleder ist dem Aussehen und der Haptik von echtem Hermes-Leder nachempfunden und spiegelt das Engagement f\u00fcr Qualit\u00e4t und Authentizit\u00e4t wider.<\/p>\n<p>Das ger\u00e4umige Innere der Hermes Reps Birkin 30 bietet Platz f\u00fcr Ihre wichtigsten Utensilien und macht sie zu einem vielseitigen Accessoire f\u00fcr jede Gelegenheit. Egal, ob Sie durch die Stra\u00dfen der Stadt schlendern oder an einer formellen Veranstaltung teilnehmen, diese Replik-Handtasche erg\u00e4nzt m\u00fchelos Ihre modischen Vorlieben.<\/p>\n<p>G\u00f6nnen Sie sich den Reiz des Luxus mit der Hermes Reps &#8211; einer makellosen Reproduktion, die das Prestige des Originaldesigns widerspiegelt. Definieren Sie Ihr Modestatement neu und umarmen Sie die zeitlose Eleganz der Hermes Birkin, die von dieser au\u00dfergew\u00f6hnlichen Replik bis ins kleinste Detail wiedergegeben wird. Von der ikonischen Silhouette bis zur sorgf\u00e4ltigen Verarbeitung ist die Hermes Reps Birkin 30 eine wahre Verk\u00f6rperung von Raffinesse und Stil.<\/p>\n","protected":false},"excerpt":{"rendered":"<p>Wir stellen die Hermes Reps Birkin 30 vor, ein zeitloses Symbol f\u00fcr Eleganz und Luxus. Diese kultige Handtasche,&hellip;<\/p>\n","protected":false},"featured_media":14635,"comment_status":"open","ping_status":"closed","template":"","meta":{"_acf_changed":false},"product_cat":[688,789,792],"product_tag":[686],"class_list":{"0":"post-15132","1":"product","2":"type-product","3":"status-publish","4":"has-post-thumbnail","6":"product_cat-damen-replica-kollektion","7":"product_cat-replica-taschen-fuer-damen","8":"product_cat-tote-bags-fuer-damen","9":"product_tag-frauen","10":"product_brand-hermes-reps","12":"first","13":"instock","14":"sale","15":"taxable","16":"shipping-taxable","17":"purchasable","18":"product-type-variable"},"acf":[],"jetpack_sharing_enabled":true,"_links":{"self":[{"href":"https:\/\/basereps.com\/de\/wp-json\/wp\/v2\/product\/15132","targetHints":{"allow":["GET"]}}],"collection":[{"href":"https:\/\/basereps.com\/de\/wp-json\/wp\/v2\/product"}],"about":[{"href":"https:\/\/basereps.com\/de\/wp-json\/wp\/v2\/types\/product"}],"replies":[{"embeddable":true,"href":"https:\/\/basereps.com\/de\/wp-json\/wp\/v2\/comments?post=15132"}],"version-history":[{"count":1,"href":"https:\/\/basereps.com\/de\/wp-json\/wp\/v2\/product\/15132\/revisions"}],"predecessor-version":[{"id":16827,"href":"https:\/\/basereps.com\/de\/wp-json\/wp\/v2\/product\/15132\/revisions\/16827"}],"wp:featuredmedia":[{"embeddable":true,"href":"https:\/\/basereps.com\/de\/wp-json\/wp\/v2\/media\/14635"}],"wp:attachment":[{"href":"https:\/\/basereps.com\/de\/wp-json\/wp\/v2\/media?parent=15132"}],"wp:term":[{"taxonomy":"product_cat","embeddable":true,"href":"https:\/\/basereps.com\/de\/wp-json\/wp\/v2\/product_cat?post=15132"},{"taxonomy":"product_tag","embeddable":true,"href":"https:\/\/basereps.com\/de\/wp-json\/wp\/v2\/product_tag?post=15132"}],"curies":[{"name":"wp","href":"https:\/\/api.w.org\/{rel}","templated":true}]}}