{"id":15131,"date":"2023-10-31T11:08:21","date_gmt":"2023-10-31T11:08:21","guid":{"rendered":"https:\/\/basereps.com\/microfiber-skin-lange-brieftasche\/"},"modified":"2024-04-13T22:48:31","modified_gmt":"2024-04-13T22:48:31","slug":"microfiber-skin-lange-brieftasche","status":"publish","type":"product","link":"https:\/\/basereps.com\/de\/produkt\/microfiber-skin-lange-brieftasche\/","title":{"rendered":"Microfiber Skin Lange Brieftasche"},"content":{"rendered":"<p>Die <strong>Microfiber Skin Long Wallet<\/strong> ist ein Zeugnis f\u00fcr die harmonische Verbindung von Tradition und Innovation im Accessoire-Design. Als die Modewelt im 20. Jahrhundert einen Wechsel von nat\u00fcrlichen zu synthetischen Materialien erlebte, entwickelte sich die Mikrofaser zu einem bahnbrechenden Stoff, der f\u00fcr seine Strapazierf\u00e4higkeit, Weichheit und Anpassungsf\u00e4higkeit bekannt ist. Dieses lange Portemonnaie aus hochwertigem Mikrofaserleder ist eine Hommage an diese Entwicklung. Es ist ein Accessoire, das sowohl tief in der Geschichte des Portemonnaie-Designs verwurzelt ist als auch durch seine Materialwahl zukunftsweisend ist.<\/p>\n","protected":false},"excerpt":{"rendered":"<p>Die Microfiber Skin Long Wallet ist ein Zeugnis f\u00fcr die harmonische Verbindung von Tradition und Innovation im Accessoire-Design.&hellip;<\/p>\n","protected":false},"featured_media":11597,"comment_status":"open","ping_status":"closed","template":"","meta":{"_acf_changed":false},"product_cat":[694,688,777,797,793,794,820],"product_tag":[686,876],"class_list":{"0":"post-15131","1":"product","2":"type-product","3":"status-publish","4":"has-post-thumbnail","6":"product_cat-accessoires-fuer-damen","7":"product_cat-damen-replica-kollektion","8":"product_cat-geldboersen-fuer-damen","9":"product_cat-geldboersen-fuer-herren","10":"product_cat-herren-kollektion","11":"product_cat-maenner-accessoires","12":"product_cat-online-produkte-verkaufen","13":"product_tag-frauen","14":"product_tag-maenner","16":"first","17":"instock","18":"sale","19":"taxable","20":"shipping-taxable","21":"purchasable","22":"product-type-variable"},"acf":[],"jetpack_sharing_enabled":true,"_links":{"self":[{"href":"https:\/\/basereps.com\/de\/wp-json\/wp\/v2\/product\/15131","targetHints":{"allow":["GET"]}}],"collection":[{"href":"https:\/\/basereps.com\/de\/wp-json\/wp\/v2\/product"}],"about":[{"href":"https:\/\/basereps.com\/de\/wp-json\/wp\/v2\/types\/product"}],"replies":[{"embeddable":true,"href":"https:\/\/basereps.com\/de\/wp-json\/wp\/v2\/comments?post=15131"}],"version-history":[{"count":1,"href":"https:\/\/basereps.com\/de\/wp-json\/wp\/v2\/product\/15131\/revisions"}],"predecessor-version":[{"id":17322,"href":"https:\/\/basereps.com\/de\/wp-json\/wp\/v2\/product\/15131\/revisions\/17322"}],"wp:featuredmedia":[{"embeddable":true,"href":"https:\/\/basereps.com\/de\/wp-json\/wp\/v2\/media\/11597"}],"wp:attachment":[{"href":"https:\/\/basereps.com\/de\/wp-json\/wp\/v2\/media?parent=15131"}],"wp:term":[{"taxonomy":"product_cat","embeddable":true,"href":"https:\/\/basereps.com\/de\/wp-json\/wp\/v2\/product_cat?post=15131"},{"taxonomy":"product_tag","embeddable":true,"href":"https:\/\/basereps.com\/de\/wp-json\/wp\/v2\/product_tag?post=15131"}],"curies":[{"name":"wp","href":"https:\/\/api.w.org\/{rel}","templated":true}]}}