{"id":15122,"date":"2023-10-31T11:15:39","date_gmt":"2023-10-31T11:15:39","guid":{"rendered":"https:\/\/basereps.com\/geflochtene-tragetasche-medium\/"},"modified":"2024-04-13T22:48:07","modified_gmt":"2024-04-13T22:48:07","slug":"geflochtene-tragetasche-medium","status":"publish","type":"product","link":"https:\/\/basereps.com\/de\/produkt\/geflochtene-tragetasche-medium\/","title":{"rendered":"Geflochtene Tragetasche Medium"},"content":{"rendered":"<p><span data-preserver-spaces=\"true\">Die <\/span><strong><br \/>\n  <span data-preserver-spaces=\"true\">Woven Medium Tote Bag<\/span><br \/>\n<\/strong><span data-preserver-spaces=\"true\">  verbindet nahtlos zeitlose Eleganz mit praktischer Funktionalit\u00e4t. Das kunstvoll gewebte Muster verleiht Ihrer Alltagskleidung einen Hauch von Eleganz. Der ger\u00e4umige Innenraum bietet m\u00fchelos Platz f\u00fcr Ihre wichtigsten Utensilien, w\u00e4hrend die Verwendung von robusten Materialien eine lange Lebensdauer gew\u00e4hrleistet. Diese vielseitige Tasche passt zu verschiedenen Outfits und ist somit f\u00fcr zahlreiche Anl\u00e4sse geeignet. Um sein makelloses Aussehen zu erhalten, reinigen Sie die Oberfl\u00e4che vorsichtig mit einem feuchten Tuch und lagern Sie es an einem k\u00fchlen, trockenen Ort, wenn Sie es nicht benutzen. Erh\u00f6hen Sie Ihren Stil mit dem  <\/span><strong><br \/>\n  <span data-preserver-spaces=\"true\">Gewebte Medium Tote Bag<\/span><br \/>\n<\/strong><span data-preserver-spaces=\"true\">.<\/span><\/p>\n","protected":false},"excerpt":{"rendered":"<p>Die Woven Medium Tote Bag verbindet nahtlos zeitlose Eleganz mit praktischer Funktionalit\u00e4t. Das kunstvoll gewebte Muster verleiht Ihrer&hellip;<\/p>\n","protected":false},"featured_media":14295,"comment_status":"open","ping_status":"closed","template":"","meta":{"_acf_changed":false},"product_cat":[688,789,792],"product_tag":[686],"class_list":{"0":"post-15122","1":"product","2":"type-product","3":"status-publish","4":"has-post-thumbnail","6":"product_cat-damen-replica-kollektion","7":"product_cat-replica-taschen-fuer-damen","8":"product_cat-tote-bags-fuer-damen","9":"product_tag-frauen","10":"product_brand-marc-jacobs-reps","12":"first","13":"instock","14":"sale","15":"taxable","16":"shipping-taxable","17":"purchasable","18":"product-type-variable"},"acf":[],"jetpack_sharing_enabled":true,"_links":{"self":[{"href":"https:\/\/basereps.com\/de\/wp-json\/wp\/v2\/product\/15122","targetHints":{"allow":["GET"]}}],"collection":[{"href":"https:\/\/basereps.com\/de\/wp-json\/wp\/v2\/product"}],"about":[{"href":"https:\/\/basereps.com\/de\/wp-json\/wp\/v2\/types\/product"}],"replies":[{"embeddable":true,"href":"https:\/\/basereps.com\/de\/wp-json\/wp\/v2\/comments?post=15122"}],"version-history":[{"count":1,"href":"https:\/\/basereps.com\/de\/wp-json\/wp\/v2\/product\/15122\/revisions"}],"predecessor-version":[{"id":17294,"href":"https:\/\/basereps.com\/de\/wp-json\/wp\/v2\/product\/15122\/revisions\/17294"}],"wp:featuredmedia":[{"embeddable":true,"href":"https:\/\/basereps.com\/de\/wp-json\/wp\/v2\/media\/14295"}],"wp:attachment":[{"href":"https:\/\/basereps.com\/de\/wp-json\/wp\/v2\/media?parent=15122"}],"wp:term":[{"taxonomy":"product_cat","embeddable":true,"href":"https:\/\/basereps.com\/de\/wp-json\/wp\/v2\/product_cat?post=15122"},{"taxonomy":"product_tag","embeddable":true,"href":"https:\/\/basereps.com\/de\/wp-json\/wp\/v2\/product_tag?post=15122"}],"curies":[{"name":"wp","href":"https:\/\/api.w.org\/{rel}","templated":true}]}}