{"id":15095,"date":"2023-10-31T11:08:20","date_gmt":"2023-10-31T11:08:20","guid":{"rendered":"https:\/\/basereps.com\/schwarze-umhaengetasche\/"},"modified":"2024-04-13T22:48:33","modified_gmt":"2024-04-13T22:48:33","slug":"schwarze-umhaengetasche","status":"publish","type":"product","link":"https:\/\/basereps.com\/de\/produkt\/schwarze-umhaengetasche\/","title":{"rendered":"Schwarze Umh\u00e4ngetasche"},"content":{"rendered":"<p><span data-preserver-spaces=\"true\">Die <\/span><strong><br \/>\n  <span data-preserver-spaces=\"true\">Schwarze Umh\u00e4ngetasche Messenger Bag Reps<\/span><br \/>\n<\/strong><span data-preserver-spaces=\"true\">  bieten eine raffinierte Mischung aus Praktikabilit\u00e4t und elegantem Stil, ideal f\u00fcr den modernen Menschen, der viel unterwegs ist. Diese Repliken spiegeln das Design und die Funktionalit\u00e4t von hochwertigen Kuriertaschen wider und bieten eine erschwingliche Alternative, ohne Kompromisse bei der Qualit\u00e4t einzugehen. Das mit viel Liebe zum Detail gefertigte  <\/span><strong><br \/>\n  <span data-preserver-spaces=\"true\">Schwarze Umh\u00e4ngetasche Messenger Bag Reps<\/span><br \/>\n<\/strong><span data-preserver-spaces=\"true\"> sind perfekt f\u00fcr alle, die die Verschmelzung von Langlebigkeit und urbaner Mode sch\u00e4tzen.<\/span><\/p>\n","protected":false},"excerpt":{"rendered":"<p>Die Schwarze Umh\u00e4ngetasche Messenger Bag Reps bieten eine raffinierte Mischung aus Praktikabilit\u00e4t und elegantem Stil, ideal f\u00fcr den&hellip;<\/p>\n","protected":false},"featured_media":13377,"comment_status":"open","ping_status":"closed","template":"","meta":{"_acf_changed":false},"product_cat":[688,790,820,789,791],"product_tag":[686],"class_list":{"0":"post-15095","1":"product","2":"type-product","3":"status-publish","4":"has-post-thumbnail","6":"product_cat-damen-replica-kollektion","7":"product_cat-mini-taschen-clutches-fuer-damen","8":"product_cat-online-produkte-verkaufen","9":"product_cat-replica-taschen-fuer-damen","10":"product_cat-umhaengetaschen-schultertaschen-fuer-damen","11":"product_tag-frauen","12":"product_brand-marc-jacobs-reps","14":"first","15":"instock","16":"sale","17":"taxable","18":"shipping-taxable","19":"purchasable","20":"product-type-variable"},"acf":[],"jetpack_sharing_enabled":true,"_links":{"self":[{"href":"https:\/\/basereps.com\/de\/wp-json\/wp\/v2\/product\/15095","targetHints":{"allow":["GET"]}}],"collection":[{"href":"https:\/\/basereps.com\/de\/wp-json\/wp\/v2\/product"}],"about":[{"href":"https:\/\/basereps.com\/de\/wp-json\/wp\/v2\/types\/product"}],"replies":[{"embeddable":true,"href":"https:\/\/basereps.com\/de\/wp-json\/wp\/v2\/comments?post=15095"}],"version-history":[{"count":1,"href":"https:\/\/basereps.com\/de\/wp-json\/wp\/v2\/product\/15095\/revisions"}],"predecessor-version":[{"id":17323,"href":"https:\/\/basereps.com\/de\/wp-json\/wp\/v2\/product\/15095\/revisions\/17323"}],"wp:featuredmedia":[{"embeddable":true,"href":"https:\/\/basereps.com\/de\/wp-json\/wp\/v2\/media\/13377"}],"wp:attachment":[{"href":"https:\/\/basereps.com\/de\/wp-json\/wp\/v2\/media?parent=15095"}],"wp:term":[{"taxonomy":"product_cat","embeddable":true,"href":"https:\/\/basereps.com\/de\/wp-json\/wp\/v2\/product_cat?post=15095"},{"taxonomy":"product_tag","embeddable":true,"href":"https:\/\/basereps.com\/de\/wp-json\/wp\/v2\/product_tag?post=15095"}],"curies":[{"name":"wp","href":"https:\/\/api.w.org\/{rel}","templated":true}]}}